{"id":1364,"date":"2025-04-11T10:03:12","date_gmt":"2025-04-11T08:03:12","guid":{"rendered":"https:\/\/startupanalytik.agrolab.com\/home\/"},"modified":"2025-12-04T10:15:34","modified_gmt":"2025-12-04T09:15:34","slug":"home","status":"publish","type":"page","link":"https:\/\/startupanalytik.agrolab.com\/da\/","title":{"rendered":"Opstartsanalyser til f\u00f8devarer og dyrefoder"},"content":{"rendered":"<div class=\"wpb-content-wrapper\"><p>[vc_row full_width=&#8221;stretch_row&#8221; gap=&#8221;35&#8243; full_height=&#8221;yes&#8221; ovtype=&#8221;ovtype2&#8243; content_placement=&#8221;middle&#8221; css=&#8221;.vc_custom_1712818698427{background-image: url(https:\/\/startupanalytik.agrolab.com\/wp-content\/uploads\/2024\/04\/AL-Food-Home.jpg?id=1027) !important;background-position: center !important;background-repeat: no-repeat !important;background-size: cover !important;}&#8221;][vc_column el_class=&#8221;pad_t200&#8243;][vc_custom_heading text=&#8221;Sikker mad og foder til din startup: N\u00f8glen til din succes!&#8221; font_container=&#8221;tag:h1|text_align:left&#8221; farbe=&#8221;white&#8221; fontsize=&#8221;fs55&#8243; schriftschnitt=&#8221;medium&#8221; el_class=&#8221;max_w60&#8243;][vc_custom_heading text=&#8221;AGROLAB: Siden 1986 har vi leveret p\u00e5lidelige analyser til de bedste pris- og kvalitetsforhold&#8221; farbe=&#8221;white&#8221; fontsize=&#8221;fs25&#8243; schriftschnitt=&#8221;medium&#8221; el_class=&#8221;max_w60&#8243;][eud_button button_text=&#8221;Lad os komme i gang sammen&#8221; link=&#8221;\/da\/hvad-vi-har-brug-for-at-vide\/&#8221; button_size=&#8221;eud_button_large&#8221; use_icon=&#8221;yes&#8221; icon_animation=&#8221;hover&#8221; icon=&#8221;fa-rightarrow&#8221;][\/vc_column][\/vc_row][vc_row full_width=&#8221;stretch_row&#8221; content_placement=&#8221;middle&#8221; css=&#8221;.vc_custom_1712756366810{background-color: #009057 !important;}&#8221; el_class=&#8221;mh700 mhauto&#8221;][vc_column][vc_column_text farbe=&#8221;white&#8221; fontsize=&#8221;fs30&#8243; maxwidth=&#8221;max_w90&#8243; fontweight=&#8221;medium&#8221; textausrichtung=&#8221;center automarg&#8221;]Du l\u00e6gger hjerte og sj\u00e6l i din startup \u2013 uanset om det handler om kosttilskud, veganske produkter eller innovativt foder til k\u00e6ledyr. Men for at skabe tillid skal dit produkt ikke kun v\u00e6re godt, det skal ogs\u00e5 v\u00e6re sikkert.[\/vc_column_text][vc_single_image image=&#8221;1892&#8243; img_size=&#8221;full&#8221; alignment=&#8221;center&#8221;][\/vc_column][\/vc_row][vc_row full_width=&#8221;stretch_row_content_no_spaces&#8221; equal_height=&#8221;yes&#8221; content_placement=&#8221;middle&#8221; el_class=&#8221;mh700 mh_auto&#8221; css=&#8221;.vc_custom_1712816418752{background-color: #eaf5f5 !important;}&#8221;][vc_column width=&#8221;1\/2&#8243; css=&#8221;.vc_custom_1713193661228{background-image: url(https:\/\/startupanalytik.agrolab.com\/wp-content\/uploads\/2024\/04\/AL-Food-Home-1.jpg?id=1039) !important;background-position: center !important;background-repeat: no-repeat !important;background-size: cover !important;}&#8221; el_class=&#8221;mobimg&#8221;][\/vc_column][vc_column width=&#8221;1\/2&#8243; el_class=&#8221;mobiletext&#8221;][vc_column_text farbe=&#8221;green&#8221; fontsize=&#8221;fs25&#8243; maxwidth=&#8221;max_w70&#8243; fontweight=&#8221;medium&#8221; el_class=&#8221;pad_l_txt mobpad_t20&#8243;]I en verden, hvor f\u00f8devaresikkerhed har h\u00f8jeste prioritet, st\u00e5r AGROLAB ved din side. I <span class=\"bold\">mere end 30 \u00e5r<\/span> har vi leveret <span class=\"bold\">pr\u00e6cise analyser<\/span> og <span class=\"bold\">professionel r\u00e5dgivning<\/span>, s\u00e5 du kan v\u00e6re sikker p\u00e5, at dine produkter ikke kun er af h\u00f8j kvalitet, men ogs\u00e5 opfylder lovkravene.[\/vc_column_text][\/vc_column][\/vc_row][vc_row content_placement=&#8221;middle&#8221; el_class=&#8221;mh800&#8243;][vc_column][vc_custom_heading text=&#8221;Lad os f\u00e5 din id\u00e9 sat i gang \u2013 sammen!&#8221; farbe=&#8221;green&#8221; fontsize=&#8221;fs55&#8243; schriftschnitt=&#8221;medium&#8221;][vc_column_text farbe=&#8221;green&#8221; fontsize=&#8221;fs25&#8243; maxwidth=&#8221;max_w80&#8243; fontweight=&#8221;medium&#8221;]Din startup er unik, og vi vil sikre os, at vores ydelser passer pr\u00e6cis til dine behov. F\u00e5 svar p\u00e5 nogle f\u00e5 sp\u00f8rgsm\u00e5l, s\u00e5 vi kan hj\u00e6lpe dig bedst muligt:[\/vc_column_text][eud_button button_text=&#8221;Book en gratis r\u00e5dgivning&#8221; link=&#8221;\/was-wir-dazu-wissen-muessen\/&#8221; button_size=&#8221;eud_button_medium&#8221; use_icon=&#8221;yes&#8221; icon_animation=&#8221;hover&#8221; icon=&#8221;fa-rightarrow&#8221;][\/vc_column][\/vc_row][vc_row full_width=&#8221;stretch_row&#8221; css=&#8221;.vc_custom_1712567364140{background-color: #eaf5f5 !important;}&#8221;][vc_column el_class=&#8221;pad_t50&#8243;][vc_column_text farbe=&#8221;green&#8221; fontsize=&#8221;fs40&#8243; textausrichtung=&#8221;center automarg&#8221; el_class=&#8221;labor&#8221;]Laboratorieservice[\/vc_column_text][vc_column_text farbe=&#8221;green&#8221; fontsize=&#8221;fs20&#8243; maxwidth=&#8221;max_w80&#8243; fontweight=&#8221;medium&#8221; textausrichtung=&#8221;center automarg&#8221;]Vi er f\u00f8rst tilfredse, n\u00e5r du er det! AGROLAB\u2019s laboratorier er kendt for dedikation, trov\u00e6rdige resultater og punktlighed. Lige siden vi begyndte, har vi st\u00e5et for h\u00f8j kvalitet i analyser og service.[\/vc_column_text][\/vc_column][\/vc_row][vc_row full_width=&#8221;stretch_row&#8221; css=&#8221;.vc_custom_1712569449265{background-color: #eaf5f5 !important;}&#8221;][vc_column width=&#8221;1\/12&#8243;][\/vc_column][vc_column width=&#8221;10\/12&#8243;][vc_row_inner gap=&#8221;35&#8243;][vc_column_inner el_class=&#8221;oval1&#8243; width=&#8221;1\/4&#8243;][vc_single_image image=&#8221;784&#8243; img_size=&#8221;full&#8221; alignment=&#8221;center&#8221; el_class=&#8221;pad_t50 marg_b20&#8243;][vc_column_text farbe=&#8221;green&#8221; fontsize=&#8221;fs20&#8243; maxwidth=&#8221;max_w80&#8243; fontweight=&#8221;bold&#8221; textausrichtung=&#8221;center automarg&#8221; el_class=&#8221;sameheight marg_b10&#8243;]R\u00e5dgivning og support:[\/vc_column_text][vc_column_text maxwidth=&#8221;max_w90&#8243; textausrichtung=&#8221;center automarg&#8221;]Faglige kontaktpersoner, gratis till\u00e6gsydelser og meget mere. Hos AGROLAB f\u00e5r du b\u00e5de personlig og professionel service.[\/vc_column_text][\/vc_column_inner][vc_column_inner el_class=&#8221;oval1&#8243; width=&#8221;1\/4&#8243;][vc_single_image image=&#8221;785&#8243; img_size=&#8221;full&#8221; alignment=&#8221;center&#8221; el_class=&#8221;pad_t50 marg_b20&#8243;][vc_column_text farbe=&#8221;green&#8221; fontsize=&#8221;fs20&#8243; maxwidth=&#8221;max_w80&#8243; fontweight=&#8221;bold&#8221; textausrichtung=&#8221;center automarg&#8221; el_class=&#8221;sameheight marg_b10&#8243;]Erfaring og ekspertise:[\/vc_column_text][vc_column_text maxwidth=&#8221;max_w90&#8243; textausrichtung=&#8221;center automarg&#8221;]LUFA i Kiel fejrer 150 \u00e5rs forskning og analyser for landbrugs- og f\u00f8devaresektoren.[\/vc_column_text][\/vc_column_inner][vc_column_inner el_class=&#8221;oval1&#8243; width=&#8221;1\/4&#8243;][vc_single_image image=&#8221;779&#8243; img_size=&#8221;full&#8221; alignment=&#8221;center&#8221; el_class=&#8221;pad_t50 marg_b20&#8243;][vc_column_text farbe=&#8221;green&#8221; fontsize=&#8221;fs20&#8243; maxwidth=&#8221;max_w80&#8243; fontweight=&#8221;bold&#8221; textausrichtung=&#8221;center automarg&#8221; el_class=&#8221;sameheight marg_b10&#8243;]Pr\u00f8velogistik:[\/vc_column_text][vc_column_text maxwidth=&#8221;max_w90&#8243; textausrichtung=&#8221;center automarg&#8221;]Udstyr til pr\u00f8vetagning og afhentning nemt, hurtigt og i hele Europa.[\/vc_column_text][\/vc_column_inner][vc_column_inner el_class=&#8221;oval1&#8243; width=&#8221;1\/4&#8243;][vc_single_image image=&#8221;783&#8243; img_size=&#8221;full&#8221; alignment=&#8221;center&#8221; el_class=&#8221;pad_t50 marg_b20&#8243;][vc_column_text farbe=&#8221;green&#8221; fontsize=&#8221;fs20&#8243; maxwidth=&#8221;max_w80&#8243; fontweight=&#8221;bold&#8221; textausrichtung=&#8221;center automarg&#8221; el_class=&#8221;sameheight marg_b10&#8243;]ALOORA kundeportal:[\/vc_column_text][vc_column_text maxwidth=&#8221;max_w90&#8243; textausrichtung=&#8221;center automarg&#8221;]Vores online platform g\u00f8r det nemt og hurtigt at styre dine analyser. F\u00e5 mere at vide i dag.[\/vc_column_text][\/vc_column_inner][\/vc_row_inner][\/vc_column][vc_column width=&#8221;1\/12&#8243;][\/vc_column][vc_column][eud_button button_text=&#8221;Lad os komme i gang sammen&#8221; link=&#8221;\/was-wir-dazu-wissen-muessen\/&#8221; button_pos=&#8221;center&#8221; button_size=&#8221;eud_button_medium&#8221; use_icon=&#8221;yes&#8221; icon_animation=&#8221;hover&#8221; el_class=&#8221;marg_t100&#8243; icon=&#8221;fa-rightarrow&#8221;][vc_empty_space height=&#8221;&#8221; el_class=&#8221;pad_t100&#8243;][\/vc_column][\/vc_row]<\/p>\n<\/div>","protected":false},"excerpt":{"rendered":"<p>[vc_row full_width=&#8221;stretch_row&#8221; gap=&#8221;35&#8243; full_height=&#8221;yes&#8221; ovtype=&#8221;ovtype2&#8243; content_placement=&#8221;middle&#8221; css=&#8221;.vc_custom_1712818698427{background-image: url(https:\/\/startupanalytik.agrolab.com\/wp-content\/uploads\/2024\/04\/AL-Food-Home.jpg?id=1027) !important;background-position: center !important;background-repeat: no-repeat !important;background-size: cover !important;}&#8221;][vc_column el_class=&#8221;pad_t200&#8243;][vc_custom_heading text=&#8221;Sikker mad og foder til din startup: N\u00f8glen til din succes!&#8221; font_container=&#8221;tag:h1|text_align:left&#8221; farbe=&#8221;white&#8221; fontsize=&#8221;fs55&#8243; schriftschnitt=&#8221;medium&#8221; el_class=&#8221;max_w60&#8243;][vc_custom_heading text=&#8221;AGROLAB: Siden 1986 har vi leveret p\u00e5lidelige analyser til de bedste pris- og kvalitetsforhold&#8221; farbe=&#8221;white&#8221; fontsize=&#8221;fs25&#8243; schriftschnitt=&#8221;medium&#8221; el_class=&#8221;max_w60&#8243;][eud_button button_text=&#8221;Lad os komme i gang [&hellip;]<\/p>\n","protected":false},"author":1,"featured_media":1365,"parent":0,"menu_order":0,"comment_status":"closed","ping_status":"closed","template":"","meta":{"footnotes":""},"class_list":["post-1364","page","type-page","status-publish","has-post-thumbnail","hentry"],"yoast_head":"<!-- This site is optimized with the Yoast SEO plugin v26.2 - https:\/\/yoast.com\/wordpress\/plugins\/seo\/ -->\n<title>Opstartsanalyser til f\u00f8devarer og dyrefoder<\/title>\n<meta name=\"description\" content=\"Praktisk laboratorieanalyse for nystartede virksomheder og produktudviklere: hurtig, fleksibel, skr\u00e6ddersyet - med AGROLAB til en vellykket markedsintroduktion.\" \/>\n<meta name=\"robots\" content=\"index, follow, max-snippet:-1, max-image-preview:large, max-video-preview:-1\" \/>\n<link rel=\"canonical\" href=\"https:\/\/startupanalytik.agrolab.com\/da\/\" \/>\n<meta property=\"og:locale\" content=\"da_DK\" \/>\n<meta property=\"og:type\" content=\"article\" \/>\n<meta property=\"og:title\" content=\"Opstartsanalyser til f\u00f8devarer og dyrefoder\" \/>\n<meta property=\"og:description\" content=\"Praktisk laboratorieanalyse for nystartede virksomheder og produktudviklere: hurtig, fleksibel, skr\u00e6ddersyet - med AGROLAB til en vellykket markedsintroduktion.\" \/>\n<meta property=\"og:url\" content=\"https:\/\/startupanalytik.agrolab.com\/da\/\" \/>\n<meta property=\"og:site_name\" content=\"Agrolab\" \/>\n<meta property=\"article:modified_time\" content=\"2025-12-04T09:15:34+00:00\" \/>\n<meta property=\"og:image\" content=\"https:\/\/startupanalytik.agrolab.com\/wp-content\/uploads\/2024\/04\/AL-Food-Home.jpg\" \/>\n\t<meta property=\"og:image:width\" content=\"2560\" \/>\n\t<meta property=\"og:image:height\" content=\"1440\" \/>\n\t<meta property=\"og:image:type\" content=\"image\/jpeg\" \/>\n<meta name=\"twitter:card\" content=\"summary_large_image\" \/>\n<meta name=\"twitter:label1\" content=\"Estimeret l\u00e6setid\" \/>\n\t<meta name=\"twitter:data1\" content=\"4 minutter\" \/>\n<script type=\"application\/ld+json\" class=\"yoast-schema-graph\">{\"@context\":\"https:\/\/schema.org\",\"@graph\":[{\"@type\":\"WebPage\",\"@id\":\"https:\/\/startupanalytik.agrolab.com\/da\/\",\"url\":\"https:\/\/startupanalytik.agrolab.com\/da\/\",\"name\":\"Opstartsanalyser til f\u00f8devarer og dyrefoder\",\"isPartOf\":{\"@id\":\"https:\/\/startupanalytik.agrolab.com\/#website\"},\"primaryImageOfPage\":{\"@id\":\"https:\/\/startupanalytik.agrolab.com\/da\/#primaryimage\"},\"image\":{\"@id\":\"https:\/\/startupanalytik.agrolab.com\/da\/#primaryimage\"},\"thumbnailUrl\":\"https:\/\/startupanalytik.agrolab.com\/wp-content\/uploads\/2024\/04\/AL-Food-Home.jpg\",\"datePublished\":\"2025-04-11T08:03:12+00:00\",\"dateModified\":\"2025-12-04T09:15:34+00:00\",\"description\":\"Praktisk laboratorieanalyse for nystartede virksomheder og produktudviklere: hurtig, fleksibel, skr\u00e6ddersyet - med AGROLAB til en vellykket markedsintroduktion.\",\"breadcrumb\":{\"@id\":\"https:\/\/startupanalytik.agrolab.com\/da\/#breadcrumb\"},\"inLanguage\":\"da-DK\",\"potentialAction\":[{\"@type\":\"ReadAction\",\"target\":[\"https:\/\/startupanalytik.agrolab.com\/da\/\"]}]},{\"@type\":\"ImageObject\",\"inLanguage\":\"da-DK\",\"@id\":\"https:\/\/startupanalytik.agrolab.com\/da\/#primaryimage\",\"url\":\"https:\/\/startupanalytik.agrolab.com\/wp-content\/uploads\/2024\/04\/AL-Food-Home.jpg\",\"contentUrl\":\"https:\/\/startupanalytik.agrolab.com\/wp-content\/uploads\/2024\/04\/AL-Food-Home.jpg\",\"width\":2560,\"height\":1440},{\"@type\":\"BreadcrumbList\",\"@id\":\"https:\/\/startupanalytik.agrolab.com\/da\/#breadcrumb\",\"itemListElement\":[{\"@type\":\"ListItem\",\"position\":1,\"name\":\"Startseite\",\"item\":\"https:\/\/startupanalytik.agrolab.com\/da\/\"},{\"@type\":\"ListItem\",\"position\":2,\"name\":\"Opstartsanalyser til f\u00f8devarer og dyrefoder\"}]},{\"@type\":\"WebSite\",\"@id\":\"https:\/\/startupanalytik.agrolab.com\/#website\",\"url\":\"https:\/\/startupanalytik.agrolab.com\/\",\"name\":\"Agrolab\",\"description\":\"\",\"potentialAction\":[{\"@type\":\"SearchAction\",\"target\":{\"@type\":\"EntryPoint\",\"urlTemplate\":\"https:\/\/startupanalytik.agrolab.com\/?s={search_term_string}\"},\"query-input\":{\"@type\":\"PropertyValueSpecification\",\"valueRequired\":true,\"valueName\":\"search_term_string\"}}],\"inLanguage\":\"da-DK\"}]}<\/script>\n<!-- \/ Yoast SEO plugin. -->","yoast_head_json":{"title":"Opstartsanalyser til f\u00f8devarer og dyrefoder","description":"Praktisk laboratorieanalyse for nystartede virksomheder og produktudviklere: hurtig, fleksibel, skr\u00e6ddersyet - med AGROLAB til en vellykket markedsintroduktion.","robots":{"index":"index","follow":"follow","max-snippet":"max-snippet:-1","max-image-preview":"max-image-preview:large","max-video-preview":"max-video-preview:-1"},"canonical":"https:\/\/startupanalytik.agrolab.com\/da\/","og_locale":"da_DK","og_type":"article","og_title":"Opstartsanalyser til f\u00f8devarer og dyrefoder","og_description":"Praktisk laboratorieanalyse for nystartede virksomheder og produktudviklere: hurtig, fleksibel, skr\u00e6ddersyet - med AGROLAB til en vellykket markedsintroduktion.","og_url":"https:\/\/startupanalytik.agrolab.com\/da\/","og_site_name":"Agrolab","article_modified_time":"2025-12-04T09:15:34+00:00","og_image":[{"width":2560,"height":1440,"url":"https:\/\/startupanalytik.agrolab.com\/wp-content\/uploads\/2024\/04\/AL-Food-Home.jpg","type":"image\/jpeg"}],"twitter_card":"summary_large_image","twitter_misc":{"Estimeret l\u00e6setid":"4 minutter"},"schema":{"@context":"https:\/\/schema.org","@graph":[{"@type":"WebPage","@id":"https:\/\/startupanalytik.agrolab.com\/da\/","url":"https:\/\/startupanalytik.agrolab.com\/da\/","name":"Opstartsanalyser til f\u00f8devarer og dyrefoder","isPartOf":{"@id":"https:\/\/startupanalytik.agrolab.com\/#website"},"primaryImageOfPage":{"@id":"https:\/\/startupanalytik.agrolab.com\/da\/#primaryimage"},"image":{"@id":"https:\/\/startupanalytik.agrolab.com\/da\/#primaryimage"},"thumbnailUrl":"https:\/\/startupanalytik.agrolab.com\/wp-content\/uploads\/2024\/04\/AL-Food-Home.jpg","datePublished":"2025-04-11T08:03:12+00:00","dateModified":"2025-12-04T09:15:34+00:00","description":"Praktisk laboratorieanalyse for nystartede virksomheder og produktudviklere: hurtig, fleksibel, skr\u00e6ddersyet - med AGROLAB til en vellykket markedsintroduktion.","breadcrumb":{"@id":"https:\/\/startupanalytik.agrolab.com\/da\/#breadcrumb"},"inLanguage":"da-DK","potentialAction":[{"@type":"ReadAction","target":["https:\/\/startupanalytik.agrolab.com\/da\/"]}]},{"@type":"ImageObject","inLanguage":"da-DK","@id":"https:\/\/startupanalytik.agrolab.com\/da\/#primaryimage","url":"https:\/\/startupanalytik.agrolab.com\/wp-content\/uploads\/2024\/04\/AL-Food-Home.jpg","contentUrl":"https:\/\/startupanalytik.agrolab.com\/wp-content\/uploads\/2024\/04\/AL-Food-Home.jpg","width":2560,"height":1440},{"@type":"BreadcrumbList","@id":"https:\/\/startupanalytik.agrolab.com\/da\/#breadcrumb","itemListElement":[{"@type":"ListItem","position":1,"name":"Startseite","item":"https:\/\/startupanalytik.agrolab.com\/da\/"},{"@type":"ListItem","position":2,"name":"Opstartsanalyser til f\u00f8devarer og dyrefoder"}]},{"@type":"WebSite","@id":"https:\/\/startupanalytik.agrolab.com\/#website","url":"https:\/\/startupanalytik.agrolab.com\/","name":"Agrolab","description":"","potentialAction":[{"@type":"SearchAction","target":{"@type":"EntryPoint","urlTemplate":"https:\/\/startupanalytik.agrolab.com\/?s={search_term_string}"},"query-input":{"@type":"PropertyValueSpecification","valueRequired":true,"valueName":"search_term_string"}}],"inLanguage":"da-DK"}]}},"_links":{"self":[{"href":"https:\/\/startupanalytik.agrolab.com\/da\/wp-json\/wp\/v2\/pages\/1364","targetHints":{"allow":["GET"]}}],"collection":[{"href":"https:\/\/startupanalytik.agrolab.com\/da\/wp-json\/wp\/v2\/pages"}],"about":[{"href":"https:\/\/startupanalytik.agrolab.com\/da\/wp-json\/wp\/v2\/types\/page"}],"author":[{"embeddable":true,"href":"https:\/\/startupanalytik.agrolab.com\/da\/wp-json\/wp\/v2\/users\/1"}],"replies":[{"embeddable":true,"href":"https:\/\/startupanalytik.agrolab.com\/da\/wp-json\/wp\/v2\/comments?post=1364"}],"version-history":[{"count":10,"href":"https:\/\/startupanalytik.agrolab.com\/da\/wp-json\/wp\/v2\/pages\/1364\/revisions"}],"predecessor-version":[{"id":2177,"href":"https:\/\/startupanalytik.agrolab.com\/da\/wp-json\/wp\/v2\/pages\/1364\/revisions\/2177"}],"wp:featuredmedia":[{"embeddable":true,"href":"https:\/\/startupanalytik.agrolab.com\/da\/wp-json\/wp\/v2\/media\/1365"}],"wp:attachment":[{"href":"https:\/\/startupanalytik.agrolab.com\/da\/wp-json\/wp\/v2\/media?parent=1364"}],"curies":[{"name":"wp","href":"https:\/\/api.w.org\/{rel}","templated":true}]}}