{"id":1376,"date":"2024-04-08T14:04:48","date_gmt":"2024-04-08T12:04:48","guid":{"rendered":"https:\/\/startupanalytik.agrolab.com\/was-wir-dazu-wissen-muessen\/"},"modified":"2025-12-04T09:08:05","modified_gmt":"2025-12-04T08:08:05","slug":"hvad-vi-har-brug-for-at-vide","status":"publish","type":"page","link":"https:\/\/startupanalytik.agrolab.com\/da\/hvad-vi-har-brug-for-at-vide\/","title":{"rendered":"Was wir dazu wissen m\u00fcssen"},"content":{"rendered":"<div class=\"wpb-content-wrapper\"><p>[vc_row full_width=&#8221;stretch_row&#8221; el_class=&#8221;pad_t50 pad_b50&#8243; css=&#8221;.vc_custom_1713251590661{background-color: #eaf5f5 !important;}&#8221;][vc_column][vc_column_text css=&#8221;&#8221;]<div id=\"af2_form_0\" class=\"af2_form_wrapper af2_form-type-2\"\n\t\t\t\t\t\t\t\tdata-preload=\"2\" data-rtl=\"\" data-size=\"13\" data-num=\"0\"\n                                data-did=\"1372\" data-errormail=\"\" data-activatescrolltoanchor=\"1\" data-activatescrolltoanchordesktop=\"\" data-showsuccessscreen=\"\"\n                                data-popup_by_delay=\"\" data-popup_delay=\"0\" data-popup_by_click=\"\"\n                                data-popup_click_class=\"\"><div class=\"af2_form\" style=\"display: block;\"><div class=\"af2_success_message_screen desktop\" style=\"display: none;\"><div class=\"af2_success_image\"><img decoding=\"async\" src=\"https:\/\/agrolab.electronic-u-design.de\/wp-content\/plugins\/Funnelforms-pro\/res\/images\/success_standard.png\" \/><\/div><div class=\"af2_success_text\">Tak! Formularen er blevet sendt med succes!<\/div><\/div><div class=\"af2_success_message_screen af2_mobile\" style=\"display: none;\"><div class=\"af2_success_image\"><img decoding=\"async\" src=\"https:\/\/agrolab.electronic-u-design.de\/wp-content\/plugins\/Funnelforms-pro\/res\/images\/success_standard.png\" \/><\/div><div class=\"af2_success_text\">Tak! Formularen er blevet sendt med succes!<\/div><\/div><div class=\"af2_form_heading_wrapper\"><div class=\"af2_form_heading desktop\"><\/div><div class=\"af2_form_heading af2_mobile\"><\/div><\/div><div class=\"af2_form_carousel\"><\/div><div class=\"af2_form_bottombar\"><button class=\"af2_form_back_button af2_form_button af2_disabled af2_mobile special\">Tilbage<\/button><button class=\"af2_form_back_button af2_form_button af2_disabled desktop special\">Tilbage<\/button><div class=\"af2_form_progress_bar\"><div class=\"af2_form_progress\"><\/div><\/div><button class=\"af2_form_foward_button af2_form_button af2_disabled af2_mobile special\">N\u00e6ste<\/button><button class=\"af2_form_foward_button af2_form_button af2_disabled desktop special\">N\u00e6ste<\/button><\/div><\/div><\/div> [\/vc_column_text][\/vc_column][\/vc_row]<\/p>\n<\/div>","protected":false},"excerpt":{"rendered":"<p>[vc_row full_width=&#8221;stretch_row&#8221; el_class=&#8221;pad_t50 pad_b50&#8243; css=&#8221;.vc_custom_1713251590661{background-color: #eaf5f5 !important;}&#8221;][vc_column][vc_column_text css=&#8221;&#8221;] [\/vc_column_text][\/vc_column][\/vc_row]<\/p>\n","protected":false},"author":1,"featured_media":0,"parent":0,"menu_order":0,"comment_status":"closed","ping_status":"closed","template":"","meta":{"footnotes":""},"class_list":["post-1376","page","type-page","status-publish","hentry"],"yoast_head":"<!-- This site is optimized with the Yoast SEO plugin v26.2 - https:\/\/yoast.com\/wordpress\/plugins\/seo\/ -->\n<title>F\u00f8devare- og foderanalyse for nystartede virksomheder<\/title>\n<meta name=\"description\" content=\"Kom i gang med os: Vi leverer de rigtige analyser - hurtigt, forst\u00e5eligt og p\u00e5lideligt. Ideel til din f\u00f8devare- eller foderopstart.\" \/>\n<meta name=\"robots\" content=\"index, follow, max-snippet:-1, max-image-preview:large, max-video-preview:-1\" \/>\n<link rel=\"canonical\" href=\"https:\/\/startupanalytik.agrolab.com\/da\/hvad-vi-har-brug-for-at-vide\/\" \/>\n<meta property=\"og:locale\" content=\"da_DK\" \/>\n<meta property=\"og:type\" content=\"article\" \/>\n<meta property=\"og:title\" content=\"F\u00f8devare- og foderanalyse for nystartede virksomheder\" \/>\n<meta property=\"og:description\" content=\"Kom i gang med os: Vi leverer de rigtige analyser - hurtigt, forst\u00e5eligt og p\u00e5lideligt. Ideel til din f\u00f8devare- eller foderopstart.\" \/>\n<meta property=\"og:url\" content=\"https:\/\/startupanalytik.agrolab.com\/da\/hvad-vi-har-brug-for-at-vide\/\" \/>\n<meta property=\"og:site_name\" content=\"Agrolab\" \/>\n<meta property=\"article:modified_time\" content=\"2025-12-04T08:08:05+00:00\" \/>\n<meta name=\"twitter:card\" content=\"summary_large_image\" \/>\n<meta name=\"twitter:label1\" content=\"Estimeret l\u00e6setid\" \/>\n\t<meta name=\"twitter:data1\" content=\"1 minut\" \/>\n<script type=\"application\/ld+json\" class=\"yoast-schema-graph\">{\"@context\":\"https:\/\/schema.org\",\"@graph\":[{\"@type\":\"WebPage\",\"@id\":\"https:\/\/startupanalytik.agrolab.com\/da\/hvad-vi-har-brug-for-at-vide\/\",\"url\":\"https:\/\/startupanalytik.agrolab.com\/da\/hvad-vi-har-brug-for-at-vide\/\",\"name\":\"F\u00f8devare- og foderanalyse for nystartede virksomheder\",\"isPartOf\":{\"@id\":\"https:\/\/startupanalytik.agrolab.com\/#website\"},\"datePublished\":\"2024-04-08T12:04:48+00:00\",\"dateModified\":\"2025-12-04T08:08:05+00:00\",\"description\":\"Kom i gang med os: Vi leverer de rigtige analyser - hurtigt, forst\u00e5eligt og p\u00e5lideligt. Ideel til din f\u00f8devare- eller foderopstart.\",\"breadcrumb\":{\"@id\":\"https:\/\/startupanalytik.agrolab.com\/da\/hvad-vi-har-brug-for-at-vide\/#breadcrumb\"},\"inLanguage\":\"da-DK\",\"potentialAction\":[{\"@type\":\"ReadAction\",\"target\":[\"https:\/\/startupanalytik.agrolab.com\/da\/hvad-vi-har-brug-for-at-vide\/\"]}]},{\"@type\":\"BreadcrumbList\",\"@id\":\"https:\/\/startupanalytik.agrolab.com\/da\/hvad-vi-har-brug-for-at-vide\/#breadcrumb\",\"itemListElement\":[{\"@type\":\"ListItem\",\"position\":1,\"name\":\"Startseite\",\"item\":\"https:\/\/startupanalytik.agrolab.com\/da\/\"},{\"@type\":\"ListItem\",\"position\":2,\"name\":\"Was wir dazu wissen m\u00fcssen\"}]},{\"@type\":\"WebSite\",\"@id\":\"https:\/\/startupanalytik.agrolab.com\/#website\",\"url\":\"https:\/\/startupanalytik.agrolab.com\/\",\"name\":\"Agrolab\",\"description\":\"\",\"potentialAction\":[{\"@type\":\"SearchAction\",\"target\":{\"@type\":\"EntryPoint\",\"urlTemplate\":\"https:\/\/startupanalytik.agrolab.com\/?s={search_term_string}\"},\"query-input\":{\"@type\":\"PropertyValueSpecification\",\"valueRequired\":true,\"valueName\":\"search_term_string\"}}],\"inLanguage\":\"da-DK\"}]}<\/script>\n<!-- \/ Yoast SEO plugin. -->","yoast_head_json":{"title":"F\u00f8devare- og foderanalyse for nystartede virksomheder","description":"Kom i gang med os: Vi leverer de rigtige analyser - hurtigt, forst\u00e5eligt og p\u00e5lideligt. Ideel til din f\u00f8devare- eller foderopstart.","robots":{"index":"index","follow":"follow","max-snippet":"max-snippet:-1","max-image-preview":"max-image-preview:large","max-video-preview":"max-video-preview:-1"},"canonical":"https:\/\/startupanalytik.agrolab.com\/da\/hvad-vi-har-brug-for-at-vide\/","og_locale":"da_DK","og_type":"article","og_title":"F\u00f8devare- og foderanalyse for nystartede virksomheder","og_description":"Kom i gang med os: Vi leverer de rigtige analyser - hurtigt, forst\u00e5eligt og p\u00e5lideligt. Ideel til din f\u00f8devare- eller foderopstart.","og_url":"https:\/\/startupanalytik.agrolab.com\/da\/hvad-vi-har-brug-for-at-vide\/","og_site_name":"Agrolab","article_modified_time":"2025-12-04T08:08:05+00:00","twitter_card":"summary_large_image","twitter_misc":{"Estimeret l\u00e6setid":"1 minut"},"schema":{"@context":"https:\/\/schema.org","@graph":[{"@type":"WebPage","@id":"https:\/\/startupanalytik.agrolab.com\/da\/hvad-vi-har-brug-for-at-vide\/","url":"https:\/\/startupanalytik.agrolab.com\/da\/hvad-vi-har-brug-for-at-vide\/","name":"F\u00f8devare- og foderanalyse for nystartede virksomheder","isPartOf":{"@id":"https:\/\/startupanalytik.agrolab.com\/#website"},"datePublished":"2024-04-08T12:04:48+00:00","dateModified":"2025-12-04T08:08:05+00:00","description":"Kom i gang med os: Vi leverer de rigtige analyser - hurtigt, forst\u00e5eligt og p\u00e5lideligt. Ideel til din f\u00f8devare- eller foderopstart.","breadcrumb":{"@id":"https:\/\/startupanalytik.agrolab.com\/da\/hvad-vi-har-brug-for-at-vide\/#breadcrumb"},"inLanguage":"da-DK","potentialAction":[{"@type":"ReadAction","target":["https:\/\/startupanalytik.agrolab.com\/da\/hvad-vi-har-brug-for-at-vide\/"]}]},{"@type":"BreadcrumbList","@id":"https:\/\/startupanalytik.agrolab.com\/da\/hvad-vi-har-brug-for-at-vide\/#breadcrumb","itemListElement":[{"@type":"ListItem","position":1,"name":"Startseite","item":"https:\/\/startupanalytik.agrolab.com\/da\/"},{"@type":"ListItem","position":2,"name":"Was wir dazu wissen m\u00fcssen"}]},{"@type":"WebSite","@id":"https:\/\/startupanalytik.agrolab.com\/#website","url":"https:\/\/startupanalytik.agrolab.com\/","name":"Agrolab","description":"","potentialAction":[{"@type":"SearchAction","target":{"@type":"EntryPoint","urlTemplate":"https:\/\/startupanalytik.agrolab.com\/?s={search_term_string}"},"query-input":{"@type":"PropertyValueSpecification","valueRequired":true,"valueName":"search_term_string"}}],"inLanguage":"da-DK"}]}},"_links":{"self":[{"href":"https:\/\/startupanalytik.agrolab.com\/da\/wp-json\/wp\/v2\/pages\/1376","targetHints":{"allow":["GET"]}}],"collection":[{"href":"https:\/\/startupanalytik.agrolab.com\/da\/wp-json\/wp\/v2\/pages"}],"about":[{"href":"https:\/\/startupanalytik.agrolab.com\/da\/wp-json\/wp\/v2\/types\/page"}],"author":[{"embeddable":true,"href":"https:\/\/startupanalytik.agrolab.com\/da\/wp-json\/wp\/v2\/users\/1"}],"replies":[{"embeddable":true,"href":"https:\/\/startupanalytik.agrolab.com\/da\/wp-json\/wp\/v2\/comments?post=1376"}],"version-history":[{"count":11,"href":"https:\/\/startupanalytik.agrolab.com\/da\/wp-json\/wp\/v2\/pages\/1376\/revisions"}],"predecessor-version":[{"id":2173,"href":"https:\/\/startupanalytik.agrolab.com\/da\/wp-json\/wp\/v2\/pages\/1376\/revisions\/2173"}],"wp:attachment":[{"href":"https:\/\/startupanalytik.agrolab.com\/da\/wp-json\/wp\/v2\/media?parent=1376"}],"curies":[{"name":"wp","href":"https:\/\/api.w.org\/{rel}","templated":true}]}}