{"id":1241,"date":"2024-04-08T12:04:59","date_gmt":"2024-04-08T10:04:59","guid":{"rendered":"https:\/\/startupanalytik.agrolab.com\/wer-wir-sind\/"},"modified":"2025-07-28T08:07:08","modified_gmt":"2025-07-28T06:07:08","slug":"quienes-somos","status":"publish","type":"page","link":"https:\/\/startupanalytik.agrolab.com\/es\/quienes-somos\/","title":{"rendered":"AGROLAB &#8211; Qui\u00e9nes somos"},"content":{"rendered":"<div class=\"wpb-content-wrapper\"><p>[vc_row full_width=\u00bbstretch_row\u00bb gap=\u00bb35&#8243; min_height=\u00bb700&#8243; ovtype=\u00bbovtype2&#8243; content_placement=\u00bbmiddle\u00bb css=\u00bb.vc_custom_1712818595183{background-image: url(https:\/\/startupanalytik.agrolab.com\/wp-content\/uploads\/2024\/04\/AL-Food-About-header_2.jpg?id=1009) !important;background-position: center !important;background-repeat: no-repeat !important;background-size: cover !important;}\u00bb][vc_column el_class=\u00bbpad_t200&#8243;][vc_custom_heading text=\u00bbM\u00e1s sobre nosotros \u2013<br \/>\nAGROLAB\u00bb farbe=\u00bbwhite\u00bb fontsize=\u00bbfs55&#8243; schriftschnitt=\u00bbmedium\u00bb el_class=\u00bbmax_w60&#8243;][vc_column_text farbe=\u00bbwhite\u00bb fontsize=\u00bbfs25&#8243; maxwidth=\u00bbmax_w60&#8243; fontweight=\u00bbmedium\u00bb css_animation=\u00bbnone\u00bb]Bienvenido a AGROLAB \u2013 tu socio de confianza para an\u00e1lisis de alimentos y piensos.[\/vc_column_text][\/vc_column][\/vc_row][vc_row full_width=\u00bbstretch_row\u00bb padt=\u00bb20&#8243; content_placement=\u00bbmiddle\u00bb css=\u00bb.vc_custom_1712678763559{background-color: #009057 !important;}\u00bb el_class=\u00bbmh350&#8243;][vc_column][vc_column_text farbe=\u00bbwhite\u00bb fontsize=\u00bbfs25&#8243; maxwidth=\u00bbmax_w90&#8243; fontweight=\u00bbmedium\u00bb]Nuestro centro de competencias est\u00e1 especializado en ofrecerte an\u00e1lisis fiables y un servicio r\u00e1pido y rentable.<\/p>\n<p><span class=\"ui-provider a b c d e f g h i j k l m n o p q r s t u v w x y z ab ac ae af ag ah ai aj ak\" dir=\"ltr\">Cada d\u00eda, 250 t\u00e9cnicos de laboratorio y qu\u00edmicos trabajan en m\u00e1s de 6.500 metros cuadrados para ofrecer los mejores resultados. Grabamos m\u00e1s de 1.000 muestras al d\u00eda. Tanto si se trata de contaminantes como de an\u00e1lisis vitam\u00ednicos, lo tenemos todo bajo un mismo techo. Esto ahorra tiempo y costes.<\/span>[\/vc_column_text][\/vc_column][\/vc_row][vc_row full_width=\u00bbstretch_row_content_no_spaces\u00bb equal_height=\u00bbyes\u00bb content_placement=\u00bbmiddle\u00bb el_class=\u00bbmh700 mh_auto\u00bb css=\u00bb.vc_custom_1712756836015{background-color: #eaf5f5 !important;}\u00bb][vc_column pp=\u00bbvc_col-sm-push-\u00bb width=\u00bb1\/2&#8243; css=\u00bb.vc_custom_1715061270831{background-image: url(https:\/\/startupanalytik.agrolab.com\/wp-content\/uploads\/2024\/05\/AL-Food-About-1-neu.jpg?id=1140) !important;background-position: center !important;background-repeat: no-repeat !important;background-size: cover !important;}\u00bb el_class=\u00bbmobimg\u00bb][\/vc_column][vc_column pp=\u00bbvc_col-sm-pull-\u00bb width=\u00bb1\/2&#8243;][vc_custom_heading text=\u00bbAccede a ALOORA \u2013<br \/>\nTu ventana digital al laboratorio\u00bb font_container=\u00bbtag:h3|text_align:left\u00bb farbe=\u00bbgreen\u00bb fontsize=\u00bbfs40&#8243; schriftschnitt=\u00bbmedium\u00bb el_class=\u00bbpad_l_txt mobpad_t20&#8243;][vc_column_text farbe=\u00bbgreen\u00bb fontsize=\u00bbfs25&#8243; maxwidth=\u00bbmax_w80&#8243; fontweight=\u00bbmedium\u00bb el_class=\u00bbpad_l_txt\u00bb]Reg\u00edstrate gratis en ALOORA, nuestro portal para clientes, y mant\u00e9n el control en todo momento. Sigue el estado de tus muestras en tiempo real y accede a resultados preliminares antes de que finalice el an\u00e1lisis completo.[\/vc_column_text][\/vc_column][\/vc_row][vc_row el_class=\u00bbpad_t100 pad_b100&#8243;][vc_column][vc_custom_heading text=\u00bbALOORA te ofrece una soluci\u00f3n eficiente e integrada para la gesti\u00f3n del control de calidad:\u00bb font_container=\u00bbtag:h4|text_align:left\u00bb farbe=\u00bbgreen\u00bb fontsize=\u00bbfs25&#8243; schriftschnitt=\u00bbmedium\u00bb el_class=\u00bbmax_w70&#8243;][vc_column_text farbe=\u00bbgreen\u00bb fontsize=\u00bbfs20&#8243; fontweight=\u00bbmedium\u00bb]<span class=\"bold\">Pedidos digitales:<br \/>\n<\/span>Solicita tus an\u00e1lisis de forma c\u00f3moda y digital.<\/p>\n<p><span class=\"bold\">Ajuste flexible de par\u00e1metros:<br \/>\n<\/span>Puedes solicitar cambios y repeticiones f\u00e1cilmente.<\/p>\n<p><span class=\"bold\">Seguimiento transparente:<br \/>\n<\/span>Conoce el estado de tus an\u00e1lisis en cada momento.<\/p>\n<p><span class=\"bold\">Resultados preliminares r\u00e1pidos:<br \/>\n<\/span>Obt\u00e9n resultados provisionales sin demora.<\/p>\n<p><span class=\"bold\">Acceso 24\/7 a los informes:<\/span><br \/>\nConsulta tus informes finales en cualquier momento.[\/vc_column_text][\/vc_column][\/vc_row][vc_row full_width=\u00bbstretch_row_content_no_spaces\u00bb equal_height=\u00bbyes\u00bb content_placement=\u00bbmiddle\u00bb css=\u00bb.vc_custom_1712678084792{background-color: #eaf5f5 !important;}\u00bb][vc_column width=\u00bb1\/2&#8243; css=\u00bb.vc_custom_1712678050783{background-position: center !important;background-repeat: no-repeat !important;background-size: cover !important;}\u00bb][vc_single_image image=\u00bb1246&#8243; img_size=\u00bbfull\u00bb el_class=\u00bbpad_l20 pad_r20&#8243;][\/vc_column][vc_column width=\u00bb1\/2&#8243;][vc_column_text farbe=\u00bbgreen\u00bb fontsize=\u00bbfs25&#8243; maxwidth=\u00bbmax_w80&#8243; fontweight=\u00bbmedium\u00bb el_class=\u00bbpad_l_txt\u00bb]Con nuestro portal, tienes el control total sobre tus resultados. Ahorras tiempo y dinero y puedes reaccionar r\u00e1pido ante cualquier cambio que afecte la calidad de tu producto.[\/vc_column_text][\/vc_column][\/vc_row][vc_row el_class=\u00bbpad_t100 pad_b100&#8243;][vc_column][vc_custom_heading text=\u00bbAGROLAB GROUP \u2013 Tu red global de servicios de laboratorio\u00bb font_container=\u00bbtag:h3|text_align:left\u00bb farbe=\u00bbgreen\u00bb fontsize=\u00bbfs25&#8243; schriftschnitt=\u00bbmedium\u00bb][vc_column_text farbe=\u00bbgreen\u00bb fontsize=\u00bbfs20&#8243; maxwidth=\u00bbmax_w80&#8243; fontweight=\u00bbmedium\u00bb]Como parte de AGROLAB GROUP, te ofrecemos una red extensa de especialistas y recursos en toda Europa. Nuestro servicio combina conocimientos internacionales y comprensi\u00f3n profunda de la normativa. Ya sea para pruebas rutinarias o an\u00e1lisis complejos, garantizamos calidad y fiabilidad en cada resultado.[\/vc_column_text][\/vc_column][\/vc_row][vc_row full_width=\u00bbstretch_row\u00bb content_placement=\u00bbmiddle\u00bb css=\u00bb.vc_custom_1712678145093{background-image: url(https:\/\/startupanalytik.agrolab.com\/wp-content\/uploads\/2024\/04\/AL-Food-About-3.jpg?id=835) !important;background-position: center !important;background-repeat: no-repeat !important;background-size: cover !important;}\u00bb el_class=\u00bbmh450&#8243;][vc_column][vc_custom_heading text=\u00bbAGROLAB \u2013 donde la calidad y la eficiencia van de la mano.\u00bb font_container=\u00bbtag:h4|text_align:center\u00bb farbe=\u00bbwhite\u00bb fontsize=\u00bbfs40&#8243; schriftschnitt=\u00bbmedium\u00bb el_class=\u00bbmax_w60 center automarg\u00bb][\/vc_column][\/vc_row]<\/p>\n<\/div>","protected":false},"excerpt":{"rendered":"<p>[vc_row full_width=\u00bbstretch_row\u00bb gap=\u00bb35&#8243; min_height=\u00bb700&#8243; ovtype=\u00bbovtype2&#8243; content_placement=\u00bbmiddle\u00bb css=\u00bb.vc_custom_1712818595183{background-image: url(https:\/\/startupanalytik.agrolab.com\/wp-content\/uploads\/2024\/04\/AL-Food-About-header_2.jpg?id=1009) !important;background-position: center !important;background-repeat: no-repeat !important;background-size: cover !important;}\u00bb][vc_column el_class=\u00bbpad_t200&#8243;][vc_custom_heading text=\u00bbM\u00e1s sobre nosotros \u2013 AGROLAB\u00bb farbe=\u00bbwhite\u00bb fontsize=\u00bbfs55&#8243; schriftschnitt=\u00bbmedium\u00bb el_class=\u00bbmax_w60&#8243;][vc_column_text farbe=\u00bbwhite\u00bb fontsize=\u00bbfs25&#8243; maxwidth=\u00bbmax_w60&#8243; fontweight=\u00bbmedium\u00bb css_animation=\u00bbnone\u00bb]Bienvenido a AGROLAB \u2013 tu socio de confianza para an\u00e1lisis de alimentos y piensos.[\/vc_column_text][\/vc_column][\/vc_row][vc_row full_width=\u00bbstretch_row\u00bb padt=\u00bb20&#8243; content_placement=\u00bbmiddle\u00bb css=\u00bb.vc_custom_1712678763559{background-color: #009057 !important;}\u00bb el_class=\u00bbmh350&#8243;][vc_column][vc_column_text farbe=\u00bbwhite\u00bb fontsize=\u00bbfs25&#8243; maxwidth=\u00bbmax_w90&#8243; fontweight=\u00bbmedium\u00bb]Nuestro centro [&hellip;]<\/p>\n","protected":false},"author":1,"featured_media":0,"parent":0,"menu_order":0,"comment_status":"closed","ping_status":"closed","template":"","meta":{"footnotes":""},"class_list":["post-1241","page","type-page","status-publish","hentry"],"yoast_head":"<!-- This site is optimized with the Yoast SEO plugin v26.2 - https:\/\/yoast.com\/wordpress\/plugins\/seo\/ -->\n<title>AGROLAB - Qui\u00e9nes somos<\/title>\n<meta name=\"description\" content=\"AGROLAB Start-up-Analytik - su laboratorio colaborador para an\u00e1lisis profesionales durante la puesta en marcha, el desarrollo de productos y la entrada en el mercado.\" \/>\n<meta name=\"robots\" content=\"index, follow, max-snippet:-1, max-image-preview:large, max-video-preview:-1\" \/>\n<link rel=\"canonical\" href=\"https:\/\/startupanalytik.agrolab.com\/es\/quienes-somos\/\" \/>\n<meta property=\"og:locale\" content=\"es_ES\" \/>\n<meta property=\"og:type\" content=\"article\" \/>\n<meta property=\"og:title\" content=\"AGROLAB - Qui\u00e9nes somos\" \/>\n<meta property=\"og:description\" content=\"AGROLAB Start-up-Analytik - su laboratorio colaborador para an\u00e1lisis profesionales durante la puesta en marcha, el desarrollo de productos y la entrada en el mercado.\" \/>\n<meta property=\"og:url\" content=\"https:\/\/startupanalytik.agrolab.com\/es\/quienes-somos\/\" \/>\n<meta property=\"og:site_name\" content=\"Agrolab\" \/>\n<meta property=\"article:modified_time\" content=\"2025-07-28T06:07:08+00:00\" \/>\n<meta name=\"twitter:card\" content=\"summary_large_image\" \/>\n<meta name=\"twitter:label1\" content=\"Tiempo de lectura\" \/>\n\t<meta name=\"twitter:data1\" content=\"3 minutos\" \/>\n<script type=\"application\/ld+json\" class=\"yoast-schema-graph\">{\"@context\":\"https:\/\/schema.org\",\"@graph\":[{\"@type\":\"WebPage\",\"@id\":\"https:\/\/startupanalytik.agrolab.com\/es\/quienes-somos\/\",\"url\":\"https:\/\/startupanalytik.agrolab.com\/es\/quienes-somos\/\",\"name\":\"AGROLAB - Qui\u00e9nes somos\",\"isPartOf\":{\"@id\":\"https:\/\/startupanalytik.agrolab.com\/#website\"},\"datePublished\":\"2024-04-08T10:04:59+00:00\",\"dateModified\":\"2025-07-28T06:07:08+00:00\",\"description\":\"AGROLAB Start-up-Analytik - su laboratorio colaborador para an\u00e1lisis profesionales durante la puesta en marcha, el desarrollo de productos y la entrada en el mercado.\",\"breadcrumb\":{\"@id\":\"https:\/\/startupanalytik.agrolab.com\/es\/quienes-somos\/#breadcrumb\"},\"inLanguage\":\"es\",\"potentialAction\":[{\"@type\":\"ReadAction\",\"target\":[\"https:\/\/startupanalytik.agrolab.com\/es\/quienes-somos\/\"]}]},{\"@type\":\"BreadcrumbList\",\"@id\":\"https:\/\/startupanalytik.agrolab.com\/es\/quienes-somos\/#breadcrumb\",\"itemListElement\":[{\"@type\":\"ListItem\",\"position\":1,\"name\":\"Startseite\",\"item\":\"https:\/\/startupanalytik.agrolab.com\/es\/\"},{\"@type\":\"ListItem\",\"position\":2,\"name\":\"AGROLAB &#8211; Qui\u00e9nes somos\"}]},{\"@type\":\"WebSite\",\"@id\":\"https:\/\/startupanalytik.agrolab.com\/#website\",\"url\":\"https:\/\/startupanalytik.agrolab.com\/\",\"name\":\"Agrolab\",\"description\":\"\",\"potentialAction\":[{\"@type\":\"SearchAction\",\"target\":{\"@type\":\"EntryPoint\",\"urlTemplate\":\"https:\/\/startupanalytik.agrolab.com\/?s={search_term_string}\"},\"query-input\":{\"@type\":\"PropertyValueSpecification\",\"valueRequired\":true,\"valueName\":\"search_term_string\"}}],\"inLanguage\":\"es\"}]}<\/script>\n<!-- \/ Yoast SEO plugin. -->","yoast_head_json":{"title":"AGROLAB - Qui\u00e9nes somos","description":"AGROLAB Start-up-Analytik - su laboratorio colaborador para an\u00e1lisis profesionales durante la puesta en marcha, el desarrollo de productos y la entrada en el mercado.","robots":{"index":"index","follow":"follow","max-snippet":"max-snippet:-1","max-image-preview":"max-image-preview:large","max-video-preview":"max-video-preview:-1"},"canonical":"https:\/\/startupanalytik.agrolab.com\/es\/quienes-somos\/","og_locale":"es_ES","og_type":"article","og_title":"AGROLAB - Qui\u00e9nes somos","og_description":"AGROLAB Start-up-Analytik - su laboratorio colaborador para an\u00e1lisis profesionales durante la puesta en marcha, el desarrollo de productos y la entrada en el mercado.","og_url":"https:\/\/startupanalytik.agrolab.com\/es\/quienes-somos\/","og_site_name":"Agrolab","article_modified_time":"2025-07-28T06:07:08+00:00","twitter_card":"summary_large_image","twitter_misc":{"Tiempo de lectura":"3 minutos"},"schema":{"@context":"https:\/\/schema.org","@graph":[{"@type":"WebPage","@id":"https:\/\/startupanalytik.agrolab.com\/es\/quienes-somos\/","url":"https:\/\/startupanalytik.agrolab.com\/es\/quienes-somos\/","name":"AGROLAB - Qui\u00e9nes somos","isPartOf":{"@id":"https:\/\/startupanalytik.agrolab.com\/#website"},"datePublished":"2024-04-08T10:04:59+00:00","dateModified":"2025-07-28T06:07:08+00:00","description":"AGROLAB Start-up-Analytik - su laboratorio colaborador para an\u00e1lisis profesionales durante la puesta en marcha, el desarrollo de productos y la entrada en el mercado.","breadcrumb":{"@id":"https:\/\/startupanalytik.agrolab.com\/es\/quienes-somos\/#breadcrumb"},"inLanguage":"es","potentialAction":[{"@type":"ReadAction","target":["https:\/\/startupanalytik.agrolab.com\/es\/quienes-somos\/"]}]},{"@type":"BreadcrumbList","@id":"https:\/\/startupanalytik.agrolab.com\/es\/quienes-somos\/#breadcrumb","itemListElement":[{"@type":"ListItem","position":1,"name":"Startseite","item":"https:\/\/startupanalytik.agrolab.com\/es\/"},{"@type":"ListItem","position":2,"name":"AGROLAB &#8211; Qui\u00e9nes somos"}]},{"@type":"WebSite","@id":"https:\/\/startupanalytik.agrolab.com\/#website","url":"https:\/\/startupanalytik.agrolab.com\/","name":"Agrolab","description":"","potentialAction":[{"@type":"SearchAction","target":{"@type":"EntryPoint","urlTemplate":"https:\/\/startupanalytik.agrolab.com\/?s={search_term_string}"},"query-input":{"@type":"PropertyValueSpecification","valueRequired":true,"valueName":"search_term_string"}}],"inLanguage":"es"}]}},"_links":{"self":[{"href":"https:\/\/startupanalytik.agrolab.com\/es\/wp-json\/wp\/v2\/pages\/1241","targetHints":{"allow":["GET"]}}],"collection":[{"href":"https:\/\/startupanalytik.agrolab.com\/es\/wp-json\/wp\/v2\/pages"}],"about":[{"href":"https:\/\/startupanalytik.agrolab.com\/es\/wp-json\/wp\/v2\/types\/page"}],"author":[{"embeddable":true,"href":"https:\/\/startupanalytik.agrolab.com\/es\/wp-json\/wp\/v2\/users\/1"}],"replies":[{"embeddable":true,"href":"https:\/\/startupanalytik.agrolab.com\/es\/wp-json\/wp\/v2\/comments?post=1241"}],"version-history":[{"count":8,"href":"https:\/\/startupanalytik.agrolab.com\/es\/wp-json\/wp\/v2\/pages\/1241\/revisions"}],"predecessor-version":[{"id":1980,"href":"https:\/\/startupanalytik.agrolab.com\/es\/wp-json\/wp\/v2\/pages\/1241\/revisions\/1980"}],"wp:attachment":[{"href":"https:\/\/startupanalytik.agrolab.com\/es\/wp-json\/wp\/v2\/media?parent=1241"}],"curies":[{"name":"wp","href":"https:\/\/api.w.org\/{rel}","templated":true}]}}