{"id":1261,"date":"2024-04-08T14:04:48","date_gmt":"2024-04-08T12:04:48","guid":{"rendered":"https:\/\/startupanalytik.agrolab.com\/was-wir-dazu-wissen-muessen\/"},"modified":"2025-12-04T09:06:54","modified_gmt":"2025-12-04T08:06:54","slug":"lo-que-necesitamos-saber","status":"publish","type":"page","link":"https:\/\/startupanalytik.agrolab.com\/es\/lo-que-necesitamos-saber\/","title":{"rendered":"Lo que hay que saber"},"content":{"rendered":"<div class=\"wpb-content-wrapper\"><p>[vc_row full_width=\u00bbstretch_row\u00bb el_class=\u00bbpad_t50 pad_b50&#8243; css=\u00bb.vc_custom_1713251590661{background-color: #eaf5f5 !important;}\u00bb][vc_column][vc_column_text css=\u00bb\u00bb]<div id=\"af2_form_0\" class=\"af2_form_wrapper af2_form-type-2\"\n\t\t\t\t\t\t\t\tdata-preload=\"2\" data-rtl=\"\" data-size=\"13\" data-num=\"0\"\n                                data-did=\"1380\" data-errormail=\"\" data-activatescrolltoanchor=\"1\" data-activatescrolltoanchordesktop=\"\" data-showsuccessscreen=\"\"\n                                data-popup_by_delay=\"\" data-popup_delay=\"0\" data-popup_by_click=\"\"\n                                data-popup_click_class=\"\"><div class=\"af2_form\" style=\"display: block;\"><div class=\"af2_success_message_screen desktop\" style=\"display: none;\"><div class=\"af2_success_image\"><img decoding=\"async\" src=\"https:\/\/agrolab.electronic-u-design.de\/wp-content\/plugins\/Funnelforms-pro\/res\/images\/success_standard.png\" \/><\/div><div class=\"af2_success_text\">\u00a1Gracias! \u00a1El formulario se ha enviado correctamente!<\/div><\/div><div class=\"af2_success_message_screen af2_mobile\" style=\"display: none;\"><div class=\"af2_success_image\"><img decoding=\"async\" src=\"https:\/\/agrolab.electronic-u-design.de\/wp-content\/plugins\/Funnelforms-pro\/res\/images\/success_standard.png\" \/><\/div><div class=\"af2_success_text\">\u00a1Gracias! \u00a1El formulario se ha enviado correctamente!<\/div><\/div><div class=\"af2_form_heading_wrapper\"><div class=\"af2_form_heading desktop\"><\/div><div class=\"af2_form_heading af2_mobile\"><\/div><\/div><div class=\"af2_form_carousel\"><\/div><div class=\"af2_form_bottombar\"><button class=\"af2_form_back_button af2_form_button af2_disabled af2_mobile special\">Atr\u00e1s<\/button><button class=\"af2_form_back_button af2_form_button af2_disabled desktop special\">Atr\u00e1s<\/button><div class=\"af2_form_progress_bar\"><div class=\"af2_form_progress\"><\/div><\/div><button class=\"af2_form_foward_button af2_form_button af2_disabled af2_mobile special\">Siguiente<\/button><button class=\"af2_form_foward_button af2_form_button af2_disabled desktop special\">Siguiente<\/button><\/div><\/div><\/div> [\/vc_column_text][\/vc_column][\/vc_row]<\/p>\n<\/div>","protected":false},"excerpt":{"rendered":"<p>[vc_row full_width=\u00bbstretch_row\u00bb el_class=\u00bbpad_t50 pad_b50&#8243; css=\u00bb.vc_custom_1713251590661{background-color: #eaf5f5 !important;}\u00bb][vc_column][vc_column_text css=\u00bb\u00bb] [\/vc_column_text][\/vc_column][\/vc_row]<\/p>\n","protected":false},"author":1,"featured_media":0,"parent":0,"menu_order":0,"comment_status":"closed","ping_status":"closed","template":"","meta":{"footnotes":""},"class_list":["post-1261","page","type-page","status-publish","hentry"],"yoast_head":"<!-- This site is optimized with the Yoast SEO plugin v26.2 - https:\/\/yoast.com\/wordpress\/plugins\/seo\/ -->\n<title>An\u00e1lisis de alimentos y piensos para empresas de nueva creaci\u00f3n<\/title>\n<meta name=\"description\" content=\"Empiece a trabajar con nosotros: Realizamos los an\u00e1lisis adecuados de forma r\u00e1pida, comprensible y fiable. Ideal para su puesta en marcha de alimentos o piensos.\" \/>\n<meta name=\"robots\" content=\"index, follow, max-snippet:-1, max-image-preview:large, max-video-preview:-1\" \/>\n<link rel=\"canonical\" href=\"https:\/\/startupanalytik.agrolab.com\/es\/lo-que-necesitamos-saber\/\" \/>\n<meta property=\"og:locale\" content=\"es_ES\" \/>\n<meta property=\"og:type\" content=\"article\" \/>\n<meta property=\"og:title\" content=\"An\u00e1lisis de alimentos y piensos para empresas de nueva creaci\u00f3n\" \/>\n<meta property=\"og:description\" content=\"Empiece a trabajar con nosotros: Realizamos los an\u00e1lisis adecuados de forma r\u00e1pida, comprensible y fiable. Ideal para su puesta en marcha de alimentos o piensos.\" \/>\n<meta property=\"og:url\" content=\"https:\/\/startupanalytik.agrolab.com\/es\/lo-que-necesitamos-saber\/\" \/>\n<meta property=\"og:site_name\" content=\"Agrolab\" \/>\n<meta property=\"article:modified_time\" content=\"2025-12-04T08:06:54+00:00\" \/>\n<meta name=\"twitter:card\" content=\"summary_large_image\" \/>\n<meta name=\"twitter:label1\" content=\"Tiempo de lectura\" \/>\n\t<meta name=\"twitter:data1\" content=\"1 minuto\" \/>\n<script type=\"application\/ld+json\" class=\"yoast-schema-graph\">{\"@context\":\"https:\/\/schema.org\",\"@graph\":[{\"@type\":\"WebPage\",\"@id\":\"https:\/\/startupanalytik.agrolab.com\/es\/lo-que-necesitamos-saber\/\",\"url\":\"https:\/\/startupanalytik.agrolab.com\/es\/lo-que-necesitamos-saber\/\",\"name\":\"An\u00e1lisis de alimentos y piensos para empresas de nueva creaci\u00f3n\",\"isPartOf\":{\"@id\":\"https:\/\/startupanalytik.agrolab.com\/#website\"},\"datePublished\":\"2024-04-08T12:04:48+00:00\",\"dateModified\":\"2025-12-04T08:06:54+00:00\",\"description\":\"Empiece a trabajar con nosotros: Realizamos los an\u00e1lisis adecuados de forma r\u00e1pida, comprensible y fiable. Ideal para su puesta en marcha de alimentos o piensos.\",\"breadcrumb\":{\"@id\":\"https:\/\/startupanalytik.agrolab.com\/es\/lo-que-necesitamos-saber\/#breadcrumb\"},\"inLanguage\":\"es\",\"potentialAction\":[{\"@type\":\"ReadAction\",\"target\":[\"https:\/\/startupanalytik.agrolab.com\/es\/lo-que-necesitamos-saber\/\"]}]},{\"@type\":\"BreadcrumbList\",\"@id\":\"https:\/\/startupanalytik.agrolab.com\/es\/lo-que-necesitamos-saber\/#breadcrumb\",\"itemListElement\":[{\"@type\":\"ListItem\",\"position\":1,\"name\":\"Startseite\",\"item\":\"https:\/\/startupanalytik.agrolab.com\/es\/\"},{\"@type\":\"ListItem\",\"position\":2,\"name\":\"Lo que hay que saber\"}]},{\"@type\":\"WebSite\",\"@id\":\"https:\/\/startupanalytik.agrolab.com\/#website\",\"url\":\"https:\/\/startupanalytik.agrolab.com\/\",\"name\":\"Agrolab\",\"description\":\"\",\"potentialAction\":[{\"@type\":\"SearchAction\",\"target\":{\"@type\":\"EntryPoint\",\"urlTemplate\":\"https:\/\/startupanalytik.agrolab.com\/?s={search_term_string}\"},\"query-input\":{\"@type\":\"PropertyValueSpecification\",\"valueRequired\":true,\"valueName\":\"search_term_string\"}}],\"inLanguage\":\"es\"}]}<\/script>\n<!-- \/ Yoast SEO plugin. -->","yoast_head_json":{"title":"An\u00e1lisis de alimentos y piensos para empresas de nueva creaci\u00f3n","description":"Empiece a trabajar con nosotros: Realizamos los an\u00e1lisis adecuados de forma r\u00e1pida, comprensible y fiable. Ideal para su puesta en marcha de alimentos o piensos.","robots":{"index":"index","follow":"follow","max-snippet":"max-snippet:-1","max-image-preview":"max-image-preview:large","max-video-preview":"max-video-preview:-1"},"canonical":"https:\/\/startupanalytik.agrolab.com\/es\/lo-que-necesitamos-saber\/","og_locale":"es_ES","og_type":"article","og_title":"An\u00e1lisis de alimentos y piensos para empresas de nueva creaci\u00f3n","og_description":"Empiece a trabajar con nosotros: Realizamos los an\u00e1lisis adecuados de forma r\u00e1pida, comprensible y fiable. Ideal para su puesta en marcha de alimentos o piensos.","og_url":"https:\/\/startupanalytik.agrolab.com\/es\/lo-que-necesitamos-saber\/","og_site_name":"Agrolab","article_modified_time":"2025-12-04T08:06:54+00:00","twitter_card":"summary_large_image","twitter_misc":{"Tiempo de lectura":"1 minuto"},"schema":{"@context":"https:\/\/schema.org","@graph":[{"@type":"WebPage","@id":"https:\/\/startupanalytik.agrolab.com\/es\/lo-que-necesitamos-saber\/","url":"https:\/\/startupanalytik.agrolab.com\/es\/lo-que-necesitamos-saber\/","name":"An\u00e1lisis de alimentos y piensos para empresas de nueva creaci\u00f3n","isPartOf":{"@id":"https:\/\/startupanalytik.agrolab.com\/#website"},"datePublished":"2024-04-08T12:04:48+00:00","dateModified":"2025-12-04T08:06:54+00:00","description":"Empiece a trabajar con nosotros: Realizamos los an\u00e1lisis adecuados de forma r\u00e1pida, comprensible y fiable. Ideal para su puesta en marcha de alimentos o piensos.","breadcrumb":{"@id":"https:\/\/startupanalytik.agrolab.com\/es\/lo-que-necesitamos-saber\/#breadcrumb"},"inLanguage":"es","potentialAction":[{"@type":"ReadAction","target":["https:\/\/startupanalytik.agrolab.com\/es\/lo-que-necesitamos-saber\/"]}]},{"@type":"BreadcrumbList","@id":"https:\/\/startupanalytik.agrolab.com\/es\/lo-que-necesitamos-saber\/#breadcrumb","itemListElement":[{"@type":"ListItem","position":1,"name":"Startseite","item":"https:\/\/startupanalytik.agrolab.com\/es\/"},{"@type":"ListItem","position":2,"name":"Lo que hay que saber"}]},{"@type":"WebSite","@id":"https:\/\/startupanalytik.agrolab.com\/#website","url":"https:\/\/startupanalytik.agrolab.com\/","name":"Agrolab","description":"","potentialAction":[{"@type":"SearchAction","target":{"@type":"EntryPoint","urlTemplate":"https:\/\/startupanalytik.agrolab.com\/?s={search_term_string}"},"query-input":{"@type":"PropertyValueSpecification","valueRequired":true,"valueName":"search_term_string"}}],"inLanguage":"es"}]}},"_links":{"self":[{"href":"https:\/\/startupanalytik.agrolab.com\/es\/wp-json\/wp\/v2\/pages\/1261","targetHints":{"allow":["GET"]}}],"collection":[{"href":"https:\/\/startupanalytik.agrolab.com\/es\/wp-json\/wp\/v2\/pages"}],"about":[{"href":"https:\/\/startupanalytik.agrolab.com\/es\/wp-json\/wp\/v2\/types\/page"}],"author":[{"embeddable":true,"href":"https:\/\/startupanalytik.agrolab.com\/es\/wp-json\/wp\/v2\/users\/1"}],"replies":[{"embeddable":true,"href":"https:\/\/startupanalytik.agrolab.com\/es\/wp-json\/wp\/v2\/comments?post=1261"}],"version-history":[{"count":8,"href":"https:\/\/startupanalytik.agrolab.com\/es\/wp-json\/wp\/v2\/pages\/1261\/revisions"}],"predecessor-version":[{"id":2168,"href":"https:\/\/startupanalytik.agrolab.com\/es\/wp-json\/wp\/v2\/pages\/1261\/revisions\/2168"}],"wp:attachment":[{"href":"https:\/\/startupanalytik.agrolab.com\/es\/wp-json\/wp\/v2\/media?parent=1261"}],"curies":[{"name":"wp","href":"https:\/\/api.w.org\/{rel}","templated":true}]}}