{"id":1264,"date":"2025-04-11T10:03:12","date_gmt":"2025-04-11T08:03:12","guid":{"rendered":"https:\/\/startupanalytik.agrolab.com\/?page_id=1264"},"modified":"2025-12-04T10:18:29","modified_gmt":"2025-12-04T09:18:29","slug":"home","status":"publish","type":"page","link":"https:\/\/startupanalytik.agrolab.com\/es\/","title":{"rendered":"An\u00e1lisis de la puesta en marcha de alimentos y piensos"},"content":{"rendered":"<div class=\"wpb-content-wrapper\"><p>[vc_row full_width=\u00bbstretch_row\u00bb gap=\u00bb35&#8243; full_height=\u00bbyes\u00bb ovtype=\u00bbovtype2&#8243; content_placement=\u00bbmiddle\u00bb css=\u00bb.vc_custom_1712818698427{background-image: url(https:\/\/startupanalytik.agrolab.com\/wp-content\/uploads\/2024\/04\/AL-Food-Home.jpg?id=1027) !important;background-position: center !important;background-repeat: no-repeat !important;background-size: cover !important;}\u00bb][vc_column el_class=\u00bbpad_t200&#8243;][vc_custom_heading text=\u00bb\u00a1Alimentos y piensos seguros para tu startup: la clave de tu \u00e9xito!\u00bb font_container=\u00bbtag:h1|text_align:left\u00bb farbe=\u00bbwhite\u00bb fontsize=\u00bbfs55&#8243; schriftschnitt=\u00bbmedium\u00bb el_class=\u00bbmax_w60&#8243;][vc_custom_heading text=\u00bbAGROLAB: Desde 1986, an\u00e1lisis fiables con la mejor relaci\u00f3n calidad-precio\u00bb farbe=\u00bbwhite\u00bb fontsize=\u00bbfs25&#8243; schriftschnitt=\u00bbmedium\u00bb el_class=\u00bbmax_w60&#8243;][eud_button button_text=\u00bbEmpecemos juntos\u00bb link=\u00bb\/es\/lo-que-necesitamos-saber\/\u00bb button_size=\u00bbeud_button_large\u00bb use_icon=\u00bbyes\u00bb icon_animation=\u00bbhover\u00bb icon=\u00bbfa-rightarrow\u00bb][\/vc_column][\/vc_row][vc_row full_width=\u00bbstretch_row\u00bb content_placement=\u00bbmiddle\u00bb css=\u00bb.vc_custom_1712756366810{background-color: #009057 !important;}\u00bb el_class=\u00bbmh700 mhauto\u00bb][vc_column][vc_column_text farbe=\u00bbwhite\u00bb fontsize=\u00bbfs30&#8243; maxwidth=\u00bbmax_w90&#8243; fontweight=\u00bbmedium\u00bb textausrichtung=\u00bbcenter automarg\u00bb]Pones todo tu esfuerzo en tu startup, ya sea en complementos alimenticios, productos veganos o alimentos innovadores para mascotas. Pero para generar confianza, tu producto no solo debe ser delicioso, sino tambi\u00e9n cumplir con todos los requisitos de seguridad.[\/vc_column_text][vc_single_image image=\u00bb1234&#8243; img_size=\u00bbfull\u00bb alignment=\u00bbcenter\u00bb][\/vc_column][\/vc_row][vc_row full_width=\u00bbstretch_row_content_no_spaces\u00bb equal_height=\u00bbyes\u00bb content_placement=\u00bbmiddle\u00bb el_class=\u00bbmh700 mh_auto\u00bb css=\u00bb.vc_custom_1712816418752{background-color: #eaf5f5 !important;}\u00bb][vc_column width=\u00bb1\/2&#8243; css=\u00bb.vc_custom_1713193661228{background-image: url(https:\/\/startupanalytik.agrolab.com\/wp-content\/uploads\/2024\/04\/AL-Food-Home-1.jpg?id=1039) !important;background-position: center !important;background-repeat: no-repeat !important;background-size: cover !important;}\u00bb el_class=\u00bbmobimg\u00bb][\/vc_column][vc_column width=\u00bb1\/2&#8243; el_class=\u00bbmobiletext\u00bb][vc_column_text farbe=\u00bbgreen\u00bb fontsize=\u00bbfs25&#8243; maxwidth=\u00bbmax_w70&#8243; fontweight=\u00bbmedium\u00bb el_class=\u00bbpad_l_txt mobpad_t20&#8243;]En un mundo donde la seguridad alimentaria es una prioridad absoluta, en AGROLAB estamos a tu lado. Desde hace <span class=\"bold\">m\u00e1s de 30 a\u00f1os<\/span>, ofrecemos <span class=\"bold\">an\u00e1lisis precisos<\/span> y <span class=\"bold\">asesoramiento integral<\/span> para que tus productos no solo destaquen por su sabor, sino que tambi\u00e9n cumplan con la normativa.[\/vc_column_text][\/vc_column][\/vc_row][vc_row content_placement=\u00bbmiddle\u00bb el_class=\u00bbmh800&#8243;][vc_column][vc_custom_heading text=\u00bb\u00a1Lancemos juntos tu proyecto!\u00bb farbe=\u00bbgreen\u00bb fontsize=\u00bbfs55&#8243; schriftschnitt=\u00bbmedium\u00bb][vc_column_text farbe=\u00bbgreen\u00bb fontsize=\u00bbfs25&#8243; maxwidth=\u00bbmax_w80&#8243; fontweight=\u00bbmedium\u00bb]Tu startup es \u00fanica, y queremos que nuestros servicios se adapten perfectamente a tus necesidades. Responde unas breves preguntas para que podamos ofrecerte la mejor ayuda posible.[\/vc_column_text][eud_button button_text=\u00bbReserva tu consulta gratuita ahora.\u00bb link=\u00bb\/was-wir-dazu-wissen-muessen\/\u00bb button_size=\u00bbeud_button_medium\u00bb use_icon=\u00bbyes\u00bb icon_animation=\u00bbhover\u00bb icon=\u00bbfa-rightarrow\u00bb][\/vc_column][\/vc_row][vc_row full_width=\u00bbstretch_row\u00bb css=\u00bb.vc_custom_1712567364140{background-color: #eaf5f5 !important;}\u00bb][vc_column el_class=\u00bbpad_t50&#8243;][vc_column_text farbe=\u00bbgreen\u00bb fontsize=\u00bbfs40&#8243; textausrichtung=\u00bbcenter automarg\u00bb el_class=\u00bblabor\u00bb]Servicios de laboratorio[\/vc_column_text][vc_column_text farbe=\u00bbgreen\u00bb fontsize=\u00bbfs20&#8243; maxwidth=\u00bbmax_w80&#8243; fontweight=\u00bbmedium\u00bb textausrichtung=\u00bbcenter automarg\u00bb]\u00a1Solo estamos satisfechos cuando t\u00fa lo est\u00e1s! Nuestra dedicaci\u00f3n incansable a brindarte resultados fiables y puntuales es lo que distingue a los laboratorios de AGROLAB. Desde nuestros inicios, nos hemos comprometido con la excelencia en el servicio de an\u00e1lisis.[\/vc_column_text][\/vc_column][\/vc_row][vc_row full_width=\u00bbstretch_row\u00bb css=\u00bb.vc_custom_1712569449265{background-color: #eaf5f5 !important;}\u00bb][vc_column width=\u00bb1\/12&#8243;][\/vc_column][vc_column width=\u00bb10\/12&#8243;][vc_row_inner gap=\u00bb35&#8243;][vc_column_inner el_class=\u00bboval1&#8243; width=\u00bb1\/4&#8243;][vc_single_image image=\u00bb1232&#8243; img_size=\u00bbfull\u00bb alignment=\u00bbcenter\u00bb el_class=\u00bbpad_t50 marg_b20&#8243;][vc_column_text farbe=\u00bbgreen\u00bb fontsize=\u00bbfs20&#8243; maxwidth=\u00bbmax_w80&#8243; fontweight=\u00bbbold\u00bb textausrichtung=\u00bbcenter automarg\u00bb el_class=\u00bbsameheight marg_b10&#8243;]Asesoramiento y acompa\u00f1amiento:[\/vc_column_text][vc_column_text maxwidth=\u00bbmax_w90&#8243; textausrichtung=\u00bbcenter automarg\u00bb]Contactos expertos, servicios adicionales gratuitos y m\u00e1s. En AGROLAB el servicio es clave.[\/vc_column_text][\/vc_column_inner][vc_column_inner el_class=\u00bboval1&#8243; width=\u00bb1\/4&#8243;][vc_single_image image=\u00bb1233&#8243; img_size=\u00bbfull\u00bb alignment=\u00bbcenter\u00bb el_class=\u00bbpad_t50 marg_b20&#8243;][vc_column_text farbe=\u00bbgreen\u00bb fontsize=\u00bbfs20&#8243; maxwidth=\u00bbmax_w80&#8243; fontweight=\u00bbbold\u00bb textausrichtung=\u00bbcenter automarg\u00bb el_class=\u00bbsameheight marg_b10&#8243;]Experiencia y saber hacer:[\/vc_column_text][vc_column_text maxwidth=\u00bbmax_w90&#8243; textausrichtung=\u00bbcenter automarg\u00bb]LUFA en Kiel celebra 150 a\u00f1os de investigaci\u00f3n y an\u00e1lisis en el sector agroalimentario.[\/vc_column_text][\/vc_column_inner][vc_column_inner el_class=\u00bboval1&#8243; width=\u00bb1\/4&#8243;][vc_single_image image=\u00bb1228&#8243; img_size=\u00bbfull\u00bb alignment=\u00bbcenter\u00bb el_class=\u00bbpad_t50 marg_b20&#8243;][vc_column_text farbe=\u00bbgreen\u00bb fontsize=\u00bbfs20&#8243; maxwidth=\u00bbmax_w80&#8243; fontweight=\u00bbbold\u00bb textausrichtung=\u00bbcenter automarg\u00bb el_class=\u00bbsameheight marg_b10&#8243;]Log\u00edstica de muestras:[\/vc_column_text][vc_column_text maxwidth=\u00bbmax_w90&#8243; textausrichtung=\u00bbcenter automarg\u00bb]Materiales de muestreo y recogida de muestras. R\u00e1pido, sencillo y en toda Europa.[\/vc_column_text][\/vc_column_inner][vc_column_inner el_class=\u00bboval1&#8243; width=\u00bb1\/4&#8243;][vc_single_image image=\u00bb1231&#8243; img_size=\u00bbfull\u00bb alignment=\u00bbcenter\u00bb el_class=\u00bbpad_t50 marg_b20&#8243;][vc_column_text farbe=\u00bbgreen\u00bb fontsize=\u00bbfs20&#8243; maxwidth=\u00bbmax_w80&#8243; fontweight=\u00bbbold\u00bb textausrichtung=\u00bbcenter automarg\u00bb el_class=\u00bbsameheight marg_b10&#8243;]Portal de clientes ALOORA:[\/vc_column_text][vc_column_text maxwidth=\u00bbmax_w90&#8243; textausrichtung=\u00bbcenter automarg\u00bb]Nuestro portal online agiliza y simplifica la gesti\u00f3n de tus an\u00e1lisis. Inf\u00f3rmate ahora.[\/vc_column_text][\/vc_column_inner][\/vc_row_inner][\/vc_column][vc_column width=\u00bb1\/12&#8243;][\/vc_column][vc_column][eud_button button_text=\u00bbEmpecemos juntos\u00bb link=\u00bb\/was-wir-dazu-wissen-muessen\/\u00bb button_pos=\u00bbcenter\u00bb button_size=\u00bbeud_button_medium\u00bb use_icon=\u00bbyes\u00bb icon_animation=\u00bbhover\u00bb el_class=\u00bbmarg_t100&#8243; icon=\u00bbfa-rightarrow\u00bb][vc_empty_space height=\u00bb\u00bb el_class=\u00bbpad_t100&#8243;][\/vc_column][\/vc_row]<\/p>\n<\/div>","protected":false},"excerpt":{"rendered":"<p>[vc_row full_width=\u00bbstretch_row\u00bb gap=\u00bb35&#8243; full_height=\u00bbyes\u00bb ovtype=\u00bbovtype2&#8243; content_placement=\u00bbmiddle\u00bb css=\u00bb.vc_custom_1712818698427{background-image: url(https:\/\/startupanalytik.agrolab.com\/wp-content\/uploads\/2024\/04\/AL-Food-Home.jpg?id=1027) !important;background-position: center !important;background-repeat: no-repeat !important;background-size: cover !important;}\u00bb][vc_column el_class=\u00bbpad_t200&#8243;][vc_custom_heading text=\u00bb\u00a1Alimentos y piensos seguros para tu startup: la clave de tu \u00e9xito!\u00bb font_container=\u00bbtag:h1|text_align:left\u00bb farbe=\u00bbwhite\u00bb fontsize=\u00bbfs55&#8243; schriftschnitt=\u00bbmedium\u00bb el_class=\u00bbmax_w60&#8243;][vc_custom_heading text=\u00bbAGROLAB: Desde 1986, an\u00e1lisis fiables con la mejor relaci\u00f3n calidad-precio\u00bb farbe=\u00bbwhite\u00bb fontsize=\u00bbfs25&#8243; schriftschnitt=\u00bbmedium\u00bb el_class=\u00bbmax_w60&#8243;][eud_button button_text=\u00bbEmpecemos juntos\u00bb link=\u00bb\/es\/lo-que-necesitamos-saber\/\u00bb button_size=\u00bbeud_button_large\u00bb use_icon=\u00bbyes\u00bb icon_animation=\u00bbhover\u00bb icon=\u00bbfa-rightarrow\u00bb][\/vc_column][\/vc_row][vc_row full_width=\u00bbstretch_row\u00bb [&hellip;]<\/p>\n","protected":false},"author":1,"featured_media":1236,"parent":0,"menu_order":0,"comment_status":"closed","ping_status":"closed","template":"","meta":{"footnotes":""},"class_list":["post-1264","page","type-page","status-publish","has-post-thumbnail","hentry"],"yoast_head":"<!-- This site is optimized with the Yoast SEO plugin v26.2 - https:\/\/yoast.com\/wordpress\/plugins\/seo\/ -->\n<title>An\u00e1lisis de la puesta en marcha de alimentos y piensos<\/title>\n<meta name=\"description\" content=\"An\u00e1lisis de laboratorio pr\u00e1cticos para empresas de nueva creaci\u00f3n y desarrolladores de productos: r\u00e1pidos, flexibles, personalizados: con AGROLAB para un lanzamiento exitoso al mercado.\" \/>\n<meta name=\"robots\" content=\"index, follow, max-snippet:-1, max-image-preview:large, max-video-preview:-1\" \/>\n<link rel=\"canonical\" href=\"https:\/\/startupanalytik.agrolab.com\/es\/\" \/>\n<meta property=\"og:locale\" content=\"es_ES\" \/>\n<meta property=\"og:type\" content=\"article\" \/>\n<meta property=\"og:title\" content=\"An\u00e1lisis de la puesta en marcha de alimentos y piensos\" \/>\n<meta property=\"og:description\" content=\"An\u00e1lisis de laboratorio pr\u00e1cticos para empresas de nueva creaci\u00f3n y desarrolladores de productos: r\u00e1pidos, flexibles, personalizados: con AGROLAB para un lanzamiento exitoso al mercado.\" \/>\n<meta property=\"og:url\" content=\"https:\/\/startupanalytik.agrolab.com\/es\/\" \/>\n<meta property=\"og:site_name\" content=\"Agrolab\" \/>\n<meta property=\"article:modified_time\" content=\"2025-12-04T09:18:29+00:00\" \/>\n<meta property=\"og:image\" content=\"https:\/\/startupanalytik.agrolab.com\/wp-content\/uploads\/2024\/04\/AL-Food-Home.jpg\" \/>\n\t<meta property=\"og:image:width\" content=\"2560\" \/>\n\t<meta property=\"og:image:height\" content=\"1440\" \/>\n\t<meta property=\"og:image:type\" content=\"image\/jpeg\" \/>\n<meta name=\"twitter:card\" content=\"summary_large_image\" \/>\n<meta name=\"twitter:label1\" content=\"Tiempo de lectura\" \/>\n\t<meta name=\"twitter:data1\" content=\"3 minutos\" \/>\n<script type=\"application\/ld+json\" class=\"yoast-schema-graph\">{\"@context\":\"https:\/\/schema.org\",\"@graph\":[{\"@type\":\"WebPage\",\"@id\":\"https:\/\/startupanalytik.agrolab.com\/es\/\",\"url\":\"https:\/\/startupanalytik.agrolab.com\/es\/\",\"name\":\"An\u00e1lisis de la puesta en marcha de alimentos y piensos\",\"isPartOf\":{\"@id\":\"https:\/\/startupanalytik.agrolab.com\/#website\"},\"primaryImageOfPage\":{\"@id\":\"https:\/\/startupanalytik.agrolab.com\/es\/#primaryimage\"},\"image\":{\"@id\":\"https:\/\/startupanalytik.agrolab.com\/es\/#primaryimage\"},\"thumbnailUrl\":\"https:\/\/startupanalytik.agrolab.com\/wp-content\/uploads\/2024\/04\/AL-Food-Home.jpg\",\"datePublished\":\"2025-04-11T08:03:12+00:00\",\"dateModified\":\"2025-12-04T09:18:29+00:00\",\"description\":\"An\u00e1lisis de laboratorio pr\u00e1cticos para empresas de nueva creaci\u00f3n y desarrolladores de productos: r\u00e1pidos, flexibles, personalizados: con AGROLAB para un lanzamiento exitoso al mercado.\",\"breadcrumb\":{\"@id\":\"https:\/\/startupanalytik.agrolab.com\/es\/#breadcrumb\"},\"inLanguage\":\"es\",\"potentialAction\":[{\"@type\":\"ReadAction\",\"target\":[\"https:\/\/startupanalytik.agrolab.com\/es\/\"]}]},{\"@type\":\"ImageObject\",\"inLanguage\":\"es\",\"@id\":\"https:\/\/startupanalytik.agrolab.com\/es\/#primaryimage\",\"url\":\"https:\/\/startupanalytik.agrolab.com\/wp-content\/uploads\/2024\/04\/AL-Food-Home.jpg\",\"contentUrl\":\"https:\/\/startupanalytik.agrolab.com\/wp-content\/uploads\/2024\/04\/AL-Food-Home.jpg\",\"width\":2560,\"height\":1440},{\"@type\":\"BreadcrumbList\",\"@id\":\"https:\/\/startupanalytik.agrolab.com\/es\/#breadcrumb\",\"itemListElement\":[{\"@type\":\"ListItem\",\"position\":1,\"name\":\"Startseite\",\"item\":\"https:\/\/startupanalytik.agrolab.com\/es\/\"},{\"@type\":\"ListItem\",\"position\":2,\"name\":\"An\u00e1lisis de la puesta en marcha de alimentos y piensos\"}]},{\"@type\":\"WebSite\",\"@id\":\"https:\/\/startupanalytik.agrolab.com\/#website\",\"url\":\"https:\/\/startupanalytik.agrolab.com\/\",\"name\":\"Agrolab\",\"description\":\"\",\"potentialAction\":[{\"@type\":\"SearchAction\",\"target\":{\"@type\":\"EntryPoint\",\"urlTemplate\":\"https:\/\/startupanalytik.agrolab.com\/?s={search_term_string}\"},\"query-input\":{\"@type\":\"PropertyValueSpecification\",\"valueRequired\":true,\"valueName\":\"search_term_string\"}}],\"inLanguage\":\"es\"}]}<\/script>\n<!-- \/ Yoast SEO plugin. -->","yoast_head_json":{"title":"An\u00e1lisis de la puesta en marcha de alimentos y piensos","description":"An\u00e1lisis de laboratorio pr\u00e1cticos para empresas de nueva creaci\u00f3n y desarrolladores de productos: r\u00e1pidos, flexibles, personalizados: con AGROLAB para un lanzamiento exitoso al mercado.","robots":{"index":"index","follow":"follow","max-snippet":"max-snippet:-1","max-image-preview":"max-image-preview:large","max-video-preview":"max-video-preview:-1"},"canonical":"https:\/\/startupanalytik.agrolab.com\/es\/","og_locale":"es_ES","og_type":"article","og_title":"An\u00e1lisis de la puesta en marcha de alimentos y piensos","og_description":"An\u00e1lisis de laboratorio pr\u00e1cticos para empresas de nueva creaci\u00f3n y desarrolladores de productos: r\u00e1pidos, flexibles, personalizados: con AGROLAB para un lanzamiento exitoso al mercado.","og_url":"https:\/\/startupanalytik.agrolab.com\/es\/","og_site_name":"Agrolab","article_modified_time":"2025-12-04T09:18:29+00:00","og_image":[{"width":2560,"height":1440,"url":"https:\/\/startupanalytik.agrolab.com\/wp-content\/uploads\/2024\/04\/AL-Food-Home.jpg","type":"image\/jpeg"}],"twitter_card":"summary_large_image","twitter_misc":{"Tiempo de lectura":"3 minutos"},"schema":{"@context":"https:\/\/schema.org","@graph":[{"@type":"WebPage","@id":"https:\/\/startupanalytik.agrolab.com\/es\/","url":"https:\/\/startupanalytik.agrolab.com\/es\/","name":"An\u00e1lisis de la puesta en marcha de alimentos y piensos","isPartOf":{"@id":"https:\/\/startupanalytik.agrolab.com\/#website"},"primaryImageOfPage":{"@id":"https:\/\/startupanalytik.agrolab.com\/es\/#primaryimage"},"image":{"@id":"https:\/\/startupanalytik.agrolab.com\/es\/#primaryimage"},"thumbnailUrl":"https:\/\/startupanalytik.agrolab.com\/wp-content\/uploads\/2024\/04\/AL-Food-Home.jpg","datePublished":"2025-04-11T08:03:12+00:00","dateModified":"2025-12-04T09:18:29+00:00","description":"An\u00e1lisis de laboratorio pr\u00e1cticos para empresas de nueva creaci\u00f3n y desarrolladores de productos: r\u00e1pidos, flexibles, personalizados: con AGROLAB para un lanzamiento exitoso al mercado.","breadcrumb":{"@id":"https:\/\/startupanalytik.agrolab.com\/es\/#breadcrumb"},"inLanguage":"es","potentialAction":[{"@type":"ReadAction","target":["https:\/\/startupanalytik.agrolab.com\/es\/"]}]},{"@type":"ImageObject","inLanguage":"es","@id":"https:\/\/startupanalytik.agrolab.com\/es\/#primaryimage","url":"https:\/\/startupanalytik.agrolab.com\/wp-content\/uploads\/2024\/04\/AL-Food-Home.jpg","contentUrl":"https:\/\/startupanalytik.agrolab.com\/wp-content\/uploads\/2024\/04\/AL-Food-Home.jpg","width":2560,"height":1440},{"@type":"BreadcrumbList","@id":"https:\/\/startupanalytik.agrolab.com\/es\/#breadcrumb","itemListElement":[{"@type":"ListItem","position":1,"name":"Startseite","item":"https:\/\/startupanalytik.agrolab.com\/es\/"},{"@type":"ListItem","position":2,"name":"An\u00e1lisis de la puesta en marcha de alimentos y piensos"}]},{"@type":"WebSite","@id":"https:\/\/startupanalytik.agrolab.com\/#website","url":"https:\/\/startupanalytik.agrolab.com\/","name":"Agrolab","description":"","potentialAction":[{"@type":"SearchAction","target":{"@type":"EntryPoint","urlTemplate":"https:\/\/startupanalytik.agrolab.com\/?s={search_term_string}"},"query-input":{"@type":"PropertyValueSpecification","valueRequired":true,"valueName":"search_term_string"}}],"inLanguage":"es"}]}},"_links":{"self":[{"href":"https:\/\/startupanalytik.agrolab.com\/es\/wp-json\/wp\/v2\/pages\/1264","targetHints":{"allow":["GET"]}}],"collection":[{"href":"https:\/\/startupanalytik.agrolab.com\/es\/wp-json\/wp\/v2\/pages"}],"about":[{"href":"https:\/\/startupanalytik.agrolab.com\/es\/wp-json\/wp\/v2\/types\/page"}],"author":[{"embeddable":true,"href":"https:\/\/startupanalytik.agrolab.com\/es\/wp-json\/wp\/v2\/users\/1"}],"replies":[{"embeddable":true,"href":"https:\/\/startupanalytik.agrolab.com\/es\/wp-json\/wp\/v2\/comments?post=1264"}],"version-history":[{"count":14,"href":"https:\/\/startupanalytik.agrolab.com\/es\/wp-json\/wp\/v2\/pages\/1264\/revisions"}],"predecessor-version":[{"id":2180,"href":"https:\/\/startupanalytik.agrolab.com\/es\/wp-json\/wp\/v2\/pages\/1264\/revisions\/2180"}],"wp:featuredmedia":[{"embeddable":true,"href":"https:\/\/startupanalytik.agrolab.com\/es\/wp-json\/wp\/v2\/media\/1236"}],"wp:attachment":[{"href":"https:\/\/startupanalytik.agrolab.com\/es\/wp-json\/wp\/v2\/media?parent=1264"}],"curies":[{"name":"wp","href":"https:\/\/api.w.org\/{rel}","templated":true}]}}