{"id":1633,"date":"2024-04-08T12:04:59","date_gmt":"2024-04-08T10:04:59","guid":{"rendered":"https:\/\/startupanalytik.agrolab.com\/qui-nous-sommes\/"},"modified":"2025-07-28T08:03:46","modified_gmt":"2025-07-28T06:03:46","slug":"qui-nous-sommes","status":"publish","type":"page","link":"https:\/\/startupanalytik.agrolab.com\/fr\/qui-nous-sommes\/","title":{"rendered":"AGROLAB &#8211; Qui sommes-nous ?"},"content":{"rendered":"<div class=\"wpb-content-wrapper\"><p>[vc_row full_width=\u00a0\u00bbstretch_row\u00a0\u00bb gap=\u00a0\u00bb35&Prime; min_height=\u00a0\u00bb700&Prime; ovtype=\u00a0\u00bbovtype2&Prime; content_placement=\u00a0\u00bbmiddle\u00a0\u00bb css=\u00a0\u00bb.vc_custom_1712818595183{background-image: url(https:\/\/startupanalytik.agrolab.com\/wp-content\/uploads\/2024\/04\/AL-Food-About-header_2.jpg?id=1009) !important;background-position: center !important;background-repeat: no-repeat !important;background-size: cover !important;}\u00a0\u00bb][vc_column el_class=\u00a0\u00bbpad_t200&Prime;][vc_custom_heading text=\u00a0\u00bbEn savoir plus sur nous \u2013<br \/>\nAGROLAB\u00a0\u00bb farbe=\u00a0\u00bbwhite\u00a0\u00bb fontsize=\u00a0\u00bbfs55&Prime; schriftschnitt=\u00a0\u00bbmedium\u00a0\u00bb el_class=\u00a0\u00bbmax_w60&Prime;][vc_column_text farbe=\u00a0\u00bbwhite\u00a0\u00bb fontsize=\u00a0\u00bbfs25&Prime; maxwidth=\u00a0\u00bbmax_w60&Prime; fontweight=\u00a0\u00bbmedium\u00a0\u00bb css_animation=\u00a0\u00bbnone\u00a0\u00bb]Bienvenue chez AGROLAB \u2013 votre cl\u00e9 pour des analyses fiables d\u2019aliments et d\u2019aliments pour animaux.[\/vc_column_text][\/vc_column][\/vc_row][vc_row full_width=\u00a0\u00bbstretch_row\u00a0\u00bb padt=\u00a0\u00bb20&Prime; content_placement=\u00a0\u00bbmiddle\u00a0\u00bb css=\u00a0\u00bb.vc_custom_1712678763559{background-color: #009057 !important;}\u00a0\u00bb el_class=\u00a0\u00bbmh350&Prime;][vc_column][vc_column_text farbe=\u00a0\u00bbwhite\u00a0\u00bb fontsize=\u00a0\u00bbfs25&Prime; maxwidth=\u00a0\u00bbmax_w90&Prime; fontweight=\u00a0\u00bbmedium\u00a0\u00bb]Notre centre de comp\u00e9tences est sp\u00e9cialis\u00e9 dans les analyses de qualit\u00e9, associ\u00e9es \u00e0 un service rapide et au meilleur apport qualit\u00e9-prix.<\/p>\n<p><span class=\"ui-provider a b c d e f g h i j k l m n o p q r s t u v w x y z ab ac ae af ag ah ai aj ak\" dir=\"ltr\">Sur plus de 6 500 m\u00b2, 250 techniciens et chimistes travaillent au quotidien pour vous fournir des r\u00e9sultats optimaux. Nous traitons plus de 1 000 \u00e9chantillons par jour. Qu\u2019il s\u2019agisse de contaminants ou de vitamines, tout est analys\u00e9 en interne. Cela vous fait gagner du temps et de l\u2019argent.<\/span>[\/vc_column_text][\/vc_column][\/vc_row][vc_row full_width=\u00a0\u00bbstretch_row_content_no_spaces\u00a0\u00bb equal_height=\u00a0\u00bbyes\u00a0\u00bb content_placement=\u00a0\u00bbmiddle\u00a0\u00bb el_class=\u00a0\u00bbmh700 mh_auto\u00a0\u00bb css=\u00a0\u00bb.vc_custom_1712756836015{background-color: #eaf5f5 !important;}\u00a0\u00bb][vc_column pp=\u00a0\u00bbvc_col-sm-push-\u00a0\u00bb width=\u00a0\u00bb1\/2&Prime; css=\u00a0\u00bb.vc_custom_1715061270831{background-image: url(https:\/\/startupanalytik.agrolab.com\/wp-content\/uploads\/2024\/05\/AL-Food-About-1-neu.jpg?id=1140) !important;background-position: center !important;background-repeat: no-repeat !important;background-size: cover !important;}\u00a0\u00bb el_class=\u00a0\u00bbmobimg\u00a0\u00bb][\/vc_column][vc_column pp=\u00a0\u00bbvc_col-sm-pull-\u00a0\u00bb width=\u00a0\u00bb1\/2&Prime;][vc_custom_heading text=\u00a0\u00bbAcc\u00e8s \u00e0 ALOORA \u2013<br \/>\nVotre fen\u00eatre num\u00e9rique ouverte sur le laboratoire\u00a0\u00bb font_container=\u00a0\u00bbtag:h3|text_align:left\u00a0\u00bb farbe=\u00a0\u00bbgreen\u00a0\u00bb fontsize=\u00a0\u00bbfs40&Prime; schriftschnitt=\u00a0\u00bbmedium\u00a0\u00bb el_class=\u00a0\u00bbpad_l_txt mobpad_t20&Prime;][vc_column_text farbe=\u00a0\u00bbgreen\u00a0\u00bb fontsize=\u00a0\u00bbfs25&Prime; maxwidth=\u00a0\u00bbmax_w80&Prime; fontweight=\u00a0\u00bbmedium\u00a0\u00bb el_class=\u00a0\u00bbpad_l_txt\u00a0\u00bb]Inscrivez-vous gratuitement sur ALOORA, notre portail client intuitif, et gardez toujours le contr\u00f4le. Suivez le statut de vos \u00e9chantillons en temps r\u00e9el et consultez les r\u00e9sultats pr\u00e9liminaires avant la fin compl\u00e8te de l\u2019analyse.[\/vc_column_text][\/vc_column][\/vc_row][vc_row el_class=\u00a0\u00bbpad_t100 pad_b100&Prime;][vc_column][vc_custom_heading text=\u00a0\u00bbNotre outil ALOORA est une solution sans transition et efficace pour g\u00e9rer vos contr\u00f4les qualit\u00e9 :\u00a0\u00bb font_container=\u00a0\u00bbtag:h4|text_align:left\u00a0\u00bb farbe=\u00a0\u00bbgreen\u00a0\u00bb fontsize=\u00a0\u00bbfs25&Prime; schriftschnitt=\u00a0\u00bbmedium\u00a0\u00bb el_class=\u00a0\u00bbmax_w70&Prime;][vc_column_text farbe=\u00a0\u00bbgreen\u00a0\u00bb fontsize=\u00a0\u00bbfs20&Prime; fontweight=\u00a0\u00bbmedium\u00a0\u00bb]<span class=\"bold\">Commandes en ligne:<\/span><br \/>\nPassez commande de vos analyses facilement en ligne<\/p>\n<p><span class=\"bold\">Param\u00e8tres modifiables:<\/span><br \/>\nCommandez des modifications ou des r\u00e9p\u00e9titions<\/p>\n<p><span class=\"bold\">Suivi en temps r\u00e9el:<\/span><br \/>\nConsultez l\u2019\u00e9volution de vos analyses \u00e0 tout moment<\/p>\n<p><span class=\"bold\">R\u00e9sultats rapides: <\/span><br \/>\nObtenez des aper\u00e7us rapides directement sur la plateforme<\/p>\n<p><span class=\"bold\">Rapports disponibles 24\/7:<\/span><br \/>\nAcc\u00e9dez \u00e0 tout moment \u00e0 vos rapports d\u2019essai[\/vc_column_text][\/vc_column][\/vc_row][vc_row full_width=\u00a0\u00bbstretch_row_content_no_spaces\u00a0\u00bb equal_height=\u00a0\u00bbyes\u00a0\u00bb content_placement=\u00a0\u00bbmiddle\u00a0\u00bb css=\u00a0\u00bb.vc_custom_1712678084792{background-color: #eaf5f5 !important;}\u00a0\u00bb][vc_column width=\u00a0\u00bb1\/2&Prime; css=\u00a0\u00bb.vc_custom_1712678050783{background-position: center !important;background-repeat: no-repeat !important;background-size: cover !important;}\u00a0\u00bb][vc_single_image image=\u00a0\u00bb1638&Prime; img_size=\u00a0\u00bbfull\u00a0\u00bb el_class=\u00a0\u00bbpad_l20 pad_r20&Prime;][\/vc_column][vc_column width=\u00a0\u00bb1\/2&Prime;][vc_column_text farbe=\u00a0\u00bbgreen\u00a0\u00bb fontsize=\u00a0\u00bbfs25&Prime; maxwidth=\u00a0\u00bbmax_w80&Prime; fontweight=\u00a0\u00bbmedium\u00a0\u00bb el_class=\u00a0\u00bbpad_l_txt\u00a0\u00bb]Avec notre portail, vous gardez la ma\u00eetrise de vos r\u00e9sultats. Vous gagnez du temps et r\u00e9duisez les co\u00fbts en r\u00e9agissant rapidement aux \u00e9volutions de qualit\u00e9.[\/vc_column_text][\/vc_column][\/vc_row][vc_row el_class=\u00a0\u00bbpad_t100 pad_b100&Prime;][vc_column][vc_custom_heading text=\u00a0\u00bbAGROLAB GROUP \u2013 Votre r\u00e9seau international pour les prestations de laboratoire\u00a0\u00bb font_container=\u00a0\u00bbtag:h3|text_align:left\u00a0\u00bb farbe=\u00a0\u00bbgreen\u00a0\u00bb fontsize=\u00a0\u00bbfs25&Prime; schriftschnitt=\u00a0\u00bbmedium\u00a0\u00bb][vc_column_text farbe=\u00a0\u00bbgreen\u00a0\u00bb fontsize=\u00a0\u00bbfs20&Prime; maxwidth=\u00a0\u00bbmax_w80&Prime; fontweight=\u00a0\u00bbmedium\u00a0\u00bb]En tant que membre du groupe AGROLAB, nous vous offrons un vaste r\u00e9seau d\u2019experts et de ressources dans toute l\u2019Europe. Notre service repose sur une expertise internationale et une parfaite connaissance des exigences r\u00e9glementaires. Qu\u2019il s\u2019agisse de tests de routine ou d\u2019analyses complexes, nous garantissons qualit\u00e9 et fiabilit\u00e9.[\/vc_column_text][\/vc_column][\/vc_row][vc_row full_width=\u00a0\u00bbstretch_row\u00a0\u00bb content_placement=\u00a0\u00bbmiddle\u00a0\u00bb css=\u00a0\u00bb.vc_custom_1712678145093{background-image: url(https:\/\/startupanalytik.agrolab.com\/wp-content\/uploads\/2024\/04\/AL-Food-About-3.jpg?id=835) !important;background-position: center !important;background-repeat: no-repeat !important;background-size: cover !important;}\u00a0\u00bb el_class=\u00a0\u00bbmh450&Prime;][vc_column][vc_custom_heading text=\u00a0\u00bbAGROLAB \u2013 l\u00e0 o\u00f9 qualit\u00e9 et efficacit\u00e9 vont de pair.\u00a0\u00bb font_container=\u00a0\u00bbtag:h4|text_align:center\u00a0\u00bb farbe=\u00a0\u00bbwhite\u00a0\u00bb fontsize=\u00a0\u00bbfs40&Prime; schriftschnitt=\u00a0\u00bbmedium\u00a0\u00bb el_class=\u00a0\u00bbmax_w60 center automarg\u00a0\u00bb][\/vc_column][\/vc_row]<\/p>\n<\/div>","protected":false},"excerpt":{"rendered":"<p>[vc_row full_width=\u00a0\u00bbstretch_row\u00a0\u00bb gap=\u00a0\u00bb35&Prime; min_height=\u00a0\u00bb700&Prime; ovtype=\u00a0\u00bbovtype2&Prime; content_placement=\u00a0\u00bbmiddle\u00a0\u00bb css=\u00a0\u00bb.vc_custom_1712818595183{background-image: url(https:\/\/startupanalytik.agrolab.com\/wp-content\/uploads\/2024\/04\/AL-Food-About-header_2.jpg?id=1009) !important;background-position: center !important;background-repeat: no-repeat !important;background-size: cover !important;}\u00a0\u00bb][vc_column el_class=\u00a0\u00bbpad_t200&Prime;][vc_custom_heading text=\u00a0\u00bbEn savoir plus sur nous \u2013 AGROLAB\u00a0\u00bb farbe=\u00a0\u00bbwhite\u00a0\u00bb fontsize=\u00a0\u00bbfs55&Prime; schriftschnitt=\u00a0\u00bbmedium\u00a0\u00bb el_class=\u00a0\u00bbmax_w60&Prime;][vc_column_text farbe=\u00a0\u00bbwhite\u00a0\u00bb fontsize=\u00a0\u00bbfs25&Prime; maxwidth=\u00a0\u00bbmax_w60&Prime; fontweight=\u00a0\u00bbmedium\u00a0\u00bb css_animation=\u00a0\u00bbnone\u00a0\u00bb]Bienvenue chez AGROLAB \u2013 votre cl\u00e9 pour des analyses fiables d\u2019aliments et d\u2019aliments pour animaux.[\/vc_column_text][\/vc_column][\/vc_row][vc_row full_width=\u00a0\u00bbstretch_row\u00a0\u00bb padt=\u00a0\u00bb20&Prime; content_placement=\u00a0\u00bbmiddle\u00a0\u00bb css=\u00a0\u00bb.vc_custom_1712678763559{background-color: #009057 !important;}\u00a0\u00bb el_class=\u00a0\u00bbmh350&Prime;][vc_column][vc_column_text farbe=\u00a0\u00bbwhite\u00a0\u00bb fontsize=\u00a0\u00bbfs25&Prime; [&hellip;]<\/p>\n","protected":false},"author":1,"featured_media":0,"parent":0,"menu_order":0,"comment_status":"closed","ping_status":"closed","template":"","meta":{"footnotes":""},"class_list":["post-1633","page","type-page","status-publish","hentry"],"yoast_head":"<!-- This site is optimized with the Yoast SEO plugin v26.2 - https:\/\/yoast.com\/wordpress\/plugins\/seo\/ -->\n<title>AGROLAB - Qui sommes-nous ?<\/title>\n<meta name=\"description\" content=\"AGROLAB Start-up-Analytik - Votre partenaire de laboratoire pour des analyses professionnelles lors de la cr\u00e9ation, du d\u00e9veloppement de produits et de l&#039;entr\u00e9e sur le march\u00e9.\" \/>\n<meta name=\"robots\" content=\"index, follow, max-snippet:-1, max-image-preview:large, max-video-preview:-1\" \/>\n<link rel=\"canonical\" href=\"https:\/\/startupanalytik.agrolab.com\/fr\/qui-nous-sommes\/\" \/>\n<meta property=\"og:locale\" content=\"fr_FR\" \/>\n<meta property=\"og:type\" content=\"article\" \/>\n<meta property=\"og:title\" content=\"AGROLAB - Qui sommes-nous ?\" \/>\n<meta property=\"og:description\" content=\"AGROLAB Start-up-Analytik - Votre partenaire de laboratoire pour des analyses professionnelles lors de la cr\u00e9ation, du d\u00e9veloppement de produits et de l&#039;entr\u00e9e sur le march\u00e9.\" \/>\n<meta property=\"og:url\" content=\"https:\/\/startupanalytik.agrolab.com\/fr\/qui-nous-sommes\/\" \/>\n<meta property=\"og:site_name\" content=\"Agrolab\" \/>\n<meta property=\"article:modified_time\" content=\"2025-07-28T06:03:46+00:00\" \/>\n<meta name=\"twitter:card\" content=\"summary_large_image\" \/>\n<meta name=\"twitter:label1\" content=\"Dur\u00e9e de lecture estim\u00e9e\" \/>\n\t<meta name=\"twitter:data1\" content=\"4 minutes\" \/>\n<script type=\"application\/ld+json\" class=\"yoast-schema-graph\">{\"@context\":\"https:\/\/schema.org\",\"@graph\":[{\"@type\":\"WebPage\",\"@id\":\"https:\/\/startupanalytik.agrolab.com\/fr\/qui-nous-sommes\/\",\"url\":\"https:\/\/startupanalytik.agrolab.com\/fr\/qui-nous-sommes\/\",\"name\":\"AGROLAB - Qui sommes-nous ?\",\"isPartOf\":{\"@id\":\"https:\/\/startupanalytik.agrolab.com\/#website\"},\"datePublished\":\"2024-04-08T10:04:59+00:00\",\"dateModified\":\"2025-07-28T06:03:46+00:00\",\"description\":\"AGROLAB Start-up-Analytik - Votre partenaire de laboratoire pour des analyses professionnelles lors de la cr\u00e9ation, du d\u00e9veloppement de produits et de l'entr\u00e9e sur le march\u00e9.\",\"breadcrumb\":{\"@id\":\"https:\/\/startupanalytik.agrolab.com\/fr\/qui-nous-sommes\/#breadcrumb\"},\"inLanguage\":\"fr-FR\",\"potentialAction\":[{\"@type\":\"ReadAction\",\"target\":[\"https:\/\/startupanalytik.agrolab.com\/fr\/qui-nous-sommes\/\"]}]},{\"@type\":\"BreadcrumbList\",\"@id\":\"https:\/\/startupanalytik.agrolab.com\/fr\/qui-nous-sommes\/#breadcrumb\",\"itemListElement\":[{\"@type\":\"ListItem\",\"position\":1,\"name\":\"Startseite\",\"item\":\"https:\/\/startupanalytik.agrolab.com\/fr\/\"},{\"@type\":\"ListItem\",\"position\":2,\"name\":\"AGROLAB &#8211; Qui sommes-nous ?\"}]},{\"@type\":\"WebSite\",\"@id\":\"https:\/\/startupanalytik.agrolab.com\/#website\",\"url\":\"https:\/\/startupanalytik.agrolab.com\/\",\"name\":\"Agrolab\",\"description\":\"\",\"potentialAction\":[{\"@type\":\"SearchAction\",\"target\":{\"@type\":\"EntryPoint\",\"urlTemplate\":\"https:\/\/startupanalytik.agrolab.com\/?s={search_term_string}\"},\"query-input\":{\"@type\":\"PropertyValueSpecification\",\"valueRequired\":true,\"valueName\":\"search_term_string\"}}],\"inLanguage\":\"fr-FR\"}]}<\/script>\n<!-- \/ Yoast SEO plugin. -->","yoast_head_json":{"title":"AGROLAB - Qui sommes-nous ?","description":"AGROLAB Start-up-Analytik - Votre partenaire de laboratoire pour des analyses professionnelles lors de la cr\u00e9ation, du d\u00e9veloppement de produits et de l'entr\u00e9e sur le march\u00e9.","robots":{"index":"index","follow":"follow","max-snippet":"max-snippet:-1","max-image-preview":"max-image-preview:large","max-video-preview":"max-video-preview:-1"},"canonical":"https:\/\/startupanalytik.agrolab.com\/fr\/qui-nous-sommes\/","og_locale":"fr_FR","og_type":"article","og_title":"AGROLAB - Qui sommes-nous ?","og_description":"AGROLAB Start-up-Analytik - Votre partenaire de laboratoire pour des analyses professionnelles lors de la cr\u00e9ation, du d\u00e9veloppement de produits et de l'entr\u00e9e sur le march\u00e9.","og_url":"https:\/\/startupanalytik.agrolab.com\/fr\/qui-nous-sommes\/","og_site_name":"Agrolab","article_modified_time":"2025-07-28T06:03:46+00:00","twitter_card":"summary_large_image","twitter_misc":{"Dur\u00e9e de lecture estim\u00e9e":"4 minutes"},"schema":{"@context":"https:\/\/schema.org","@graph":[{"@type":"WebPage","@id":"https:\/\/startupanalytik.agrolab.com\/fr\/qui-nous-sommes\/","url":"https:\/\/startupanalytik.agrolab.com\/fr\/qui-nous-sommes\/","name":"AGROLAB - Qui sommes-nous ?","isPartOf":{"@id":"https:\/\/startupanalytik.agrolab.com\/#website"},"datePublished":"2024-04-08T10:04:59+00:00","dateModified":"2025-07-28T06:03:46+00:00","description":"AGROLAB Start-up-Analytik - Votre partenaire de laboratoire pour des analyses professionnelles lors de la cr\u00e9ation, du d\u00e9veloppement de produits et de l'entr\u00e9e sur le march\u00e9.","breadcrumb":{"@id":"https:\/\/startupanalytik.agrolab.com\/fr\/qui-nous-sommes\/#breadcrumb"},"inLanguage":"fr-FR","potentialAction":[{"@type":"ReadAction","target":["https:\/\/startupanalytik.agrolab.com\/fr\/qui-nous-sommes\/"]}]},{"@type":"BreadcrumbList","@id":"https:\/\/startupanalytik.agrolab.com\/fr\/qui-nous-sommes\/#breadcrumb","itemListElement":[{"@type":"ListItem","position":1,"name":"Startseite","item":"https:\/\/startupanalytik.agrolab.com\/fr\/"},{"@type":"ListItem","position":2,"name":"AGROLAB &#8211; Qui sommes-nous ?"}]},{"@type":"WebSite","@id":"https:\/\/startupanalytik.agrolab.com\/#website","url":"https:\/\/startupanalytik.agrolab.com\/","name":"Agrolab","description":"","potentialAction":[{"@type":"SearchAction","target":{"@type":"EntryPoint","urlTemplate":"https:\/\/startupanalytik.agrolab.com\/?s={search_term_string}"},"query-input":{"@type":"PropertyValueSpecification","valueRequired":true,"valueName":"search_term_string"}}],"inLanguage":"fr-FR"}]}},"_links":{"self":[{"href":"https:\/\/startupanalytik.agrolab.com\/fr\/wp-json\/wp\/v2\/pages\/1633","targetHints":{"allow":["GET"]}}],"collection":[{"href":"https:\/\/startupanalytik.agrolab.com\/fr\/wp-json\/wp\/v2\/pages"}],"about":[{"href":"https:\/\/startupanalytik.agrolab.com\/fr\/wp-json\/wp\/v2\/types\/page"}],"author":[{"embeddable":true,"href":"https:\/\/startupanalytik.agrolab.com\/fr\/wp-json\/wp\/v2\/users\/1"}],"replies":[{"embeddable":true,"href":"https:\/\/startupanalytik.agrolab.com\/fr\/wp-json\/wp\/v2\/comments?post=1633"}],"version-history":[{"count":7,"href":"https:\/\/startupanalytik.agrolab.com\/fr\/wp-json\/wp\/v2\/pages\/1633\/revisions"}],"predecessor-version":[{"id":1968,"href":"https:\/\/startupanalytik.agrolab.com\/fr\/wp-json\/wp\/v2\/pages\/1633\/revisions\/1968"}],"wp:attachment":[{"href":"https:\/\/startupanalytik.agrolab.com\/fr\/wp-json\/wp\/v2\/media?parent=1633"}],"curies":[{"name":"wp","href":"https:\/\/api.w.org\/{rel}","templated":true}]}}