{"id":1643,"date":"2025-04-11T10:03:12","date_gmt":"2025-04-11T08:03:12","guid":{"rendered":"https:\/\/startupanalytik.agrolab.com\/home\/"},"modified":"2025-12-04T10:19:57","modified_gmt":"2025-12-04T09:19:57","slug":"home","status":"publish","type":"page","link":"https:\/\/startupanalytik.agrolab.com\/fr\/","title":{"rendered":"Analyse de d\u00e9marrage pour les denr\u00e9es alimentaires et les aliments pour animaux"},"content":{"rendered":"<div class=\"wpb-content-wrapper\"><p>[vc_row full_width=\u00a0\u00bbstretch_row\u00a0\u00bb gap=\u00a0\u00bb35&Prime; full_height=\u00a0\u00bbyes\u00a0\u00bb ovtype=\u00a0\u00bbovtype2&Prime; content_placement=\u00a0\u00bbmiddle\u00a0\u00bb css=\u00a0\u00bb.vc_custom_1712818698427{background-image: url(https:\/\/startupanalytik.agrolab.com\/wp-content\/uploads\/2024\/04\/AL-Food-Home.jpg?id=1027) !important;background-position: center !important;background-repeat: no-repeat !important;background-size: cover !important;}\u00a0\u00bb][vc_column el_class=\u00a0\u00bbpad_t200&Prime;][vc_custom_heading text=\u00a0\u00bbDes aliments et des aliments pour animaux s\u00fbrs pour votre start-up : la cl\u00e9 de votre succ\u00e8s !\u00a0\u00bb font_container=\u00a0\u00bbtag:h1|text_align:left\u00a0\u00bb farbe=\u00a0\u00bbwhite\u00a0\u00bb fontsize=\u00a0\u00bbfs55&Prime; schriftschnitt=\u00a0\u00bbmedium\u00a0\u00bb el_class=\u00a0\u00bbmax_w60&Prime;][vc_custom_heading text=\u00a0\u00bbAGROLAB : Depuis 1986, des analyses fiables au meilleur rapport qualit\u00e9-prix\u00a0\u00bb farbe=\u00a0\u00bbwhite\u00a0\u00bb fontsize=\u00a0\u00bbfs25&Prime; schriftschnitt=\u00a0\u00bbmedium\u00a0\u00bb el_class=\u00a0\u00bbmax_w60&Prime;][eud_button button_text=\u00a0\u00bbCommen\u00e7ons ensemble\u00a0\u00bb link=\u00a0\u00bb\/fr\/ce-que-nous-devons-savoir\/\u00a0\u00bb button_size=\u00a0\u00bbeud_button_large\u00a0\u00bb use_icon=\u00a0\u00bbyes\u00a0\u00bb icon_animation=\u00a0\u00bbhover\u00a0\u00bb icon=\u00a0\u00bbfa-rightarrow\u00a0\u00bb][\/vc_column][\/vc_row][vc_row full_width=\u00a0\u00bbstretch_row\u00a0\u00bb content_placement=\u00a0\u00bbmiddle\u00a0\u00bb css=\u00a0\u00bb.vc_custom_1712756366810{background-color: #009057 !important;}\u00a0\u00bb el_class=\u00a0\u00bbmh700 mhauto\u00a0\u00bb][vc_column][vc_column_text farbe=\u00a0\u00bbwhite\u00a0\u00bb fontsize=\u00a0\u00bbfs30&Prime; maxwidth=\u00a0\u00bbmax_w90&Prime; fontweight=\u00a0\u00bbmedium\u00a0\u00bb textausrichtung=\u00a0\u00bbcenter automarg\u00a0\u00bb]Vous mettez toute votre \u00e9nergie dans votre start-up, que ce soit des compl\u00e9ments alimentaires, des produits v\u00e9g\u00e9taliens ou des aliments innovants pour animaux, mais pour inspirer confiance, votre produit doit \u00eatre non seulement savoureux, mais aussi s\u00fbr.[\/vc_column_text][vc_single_image image=\u00a0\u00bb1895&Prime; img_size=\u00a0\u00bbfull\u00a0\u00bb alignment=\u00a0\u00bbcenter\u00a0\u00bb][\/vc_column][\/vc_row][vc_row full_width=\u00a0\u00bbstretch_row_content_no_spaces\u00a0\u00bb equal_height=\u00a0\u00bbyes\u00a0\u00bb content_placement=\u00a0\u00bbmiddle\u00a0\u00bb el_class=\u00a0\u00bbmh700 mh_auto\u00a0\u00bb css=\u00a0\u00bb.vc_custom_1712816418752{background-color: #eaf5f5 !important;}\u00a0\u00bb][vc_column width=\u00a0\u00bb1\/2&Prime; css=\u00a0\u00bb.vc_custom_1713193661228{background-image: url(https:\/\/startupanalytik.agrolab.com\/wp-content\/uploads\/2024\/04\/AL-Food-Home-1.jpg?id=1039) !important;background-position: center !important;background-repeat: no-repeat !important;background-size: cover !important;}\u00a0\u00bb el_class=\u00a0\u00bbmobimg\u00a0\u00bb][\/vc_column][vc_column width=\u00a0\u00bb1\/2&Prime; el_class=\u00a0\u00bbmobiletext\u00a0\u00bb][vc_column_text farbe=\u00a0\u00bbgreen\u00a0\u00bb fontsize=\u00a0\u00bbfs25&Prime; maxwidth=\u00a0\u00bbmax_w70&Prime; fontweight=\u00a0\u00bbmedium\u00a0\u00bb el_class=\u00a0\u00bbpad_l_txt mobpad_t20&Prime;]Dans un monde o\u00f9 la s\u00e9curit\u00e9 alimentaire est une priorit\u00e9 absolue, AGROLAB est \u00e0 vos c\u00f4t\u00e9s. Depuis plus <span class=\"bold\">de trente ans<\/span>, nous vous proposons des<span class=\"bold\"> analyses pr\u00e9cises<\/span> et un <span class=\"bold\">accompagnement complet<\/span>. Vos produits ne seront pas seulement d\u00e9licieux \u2013 ils seront conformes aux exigences r\u00e9glementaires.[\/vc_column_text][\/vc_column][\/vc_row][vc_row content_placement=\u00a0\u00bbmiddle\u00a0\u00bb el_class=\u00a0\u00bbmh800&Prime;][vc_column][vc_custom_heading text=\u00a0\u00bbD\u00e9marrons ensemble votre projet !\u00a0\u00bb farbe=\u00a0\u00bbgreen\u00a0\u00bb fontsize=\u00a0\u00bbfs55&Prime; schriftschnitt=\u00a0\u00bbmedium\u00a0\u00bb][vc_column_text farbe=\u00a0\u00bbgreen\u00a0\u00bb fontsize=\u00a0\u00bbfs25&Prime; maxwidth=\u00a0\u00bbmax_w80&Prime; fontweight=\u00a0\u00bbmedium\u00a0\u00bb]Votre start-up est unique, et nous voulons nous assurer que nos services r\u00e9pondent parfaitement \u00e0 vos besoins. R\u00e9pondez \u00e0 quelques questions pour que nous puissions vous accompagner au mieux :[\/vc_column_text][eud_button button_text=\u00a0\u00bbPrenez rendez-vous pour un entretien gratuit\u00a0\u00bb link=\u00a0\u00bb\/was-wir-dazu-wissen-muessen\/\u00a0\u00bb button_size=\u00a0\u00bbeud_button_medium\u00a0\u00bb use_icon=\u00a0\u00bbyes\u00a0\u00bb icon_animation=\u00a0\u00bbhover\u00a0\u00bb icon=\u00a0\u00bbfa-rightarrow\u00a0\u00bb][\/vc_column][\/vc_row][vc_row full_width=\u00a0\u00bbstretch_row\u00a0\u00bb css=\u00a0\u00bb.vc_custom_1712567364140{background-color: #eaf5f5 !important;}\u00a0\u00bb][vc_column el_class=\u00a0\u00bbpad_t50&Prime;][vc_column_text farbe=\u00a0\u00bbgreen\u00a0\u00bb fontsize=\u00a0\u00bbfs40&Prime; textausrichtung=\u00a0\u00bbcenter automarg\u00a0\u00bb el_class=\u00a0\u00bblabor\u00a0\u00bb]Laboratoire \u00e0 votre service[\/vc_column_text][vc_column_text farbe=\u00a0\u00bbgreen\u00a0\u00bb fontsize=\u00a0\u00bbfs20&Prime; maxwidth=\u00a0\u00bbmax_w80&Prime; fontweight=\u00a0\u00bbmedium\u00a0\u00bb textausrichtung=\u00a0\u00bbcenter automarg\u00a0\u00bb]Nous ne sommes satisfaits que lorsque vous l\u2019\u00eates ! L\u2019engagement de nos laboratoires AGROLAB \u00e0 fournir des r\u00e9sultats fiables et dans les d\u00e9lais est notre marque de fabrique. Depuis notre cr\u00e9ation, nous nous engageons \u00e0 fournir un service d\u2019analyses de grande qualit\u00e9.[\/vc_column_text][\/vc_column][\/vc_row][vc_row full_width=\u00a0\u00bbstretch_row\u00a0\u00bb css=\u00a0\u00bb.vc_custom_1712569449265{background-color: #eaf5f5 !important;}\u00a0\u00bb][vc_column width=\u00a0\u00bb1\/12&Prime;][\/vc_column][vc_column width=\u00a0\u00bb10\/12&Prime;][vc_row_inner gap=\u00a0\u00bb35&Prime;][vc_column_inner el_class=\u00a0\u00bboval1&Prime; width=\u00a0\u00bb1\/4&Prime;][vc_single_image image=\u00a0\u00bb784&Prime; img_size=\u00a0\u00bbfull\u00a0\u00bb alignment=\u00a0\u00bbcenter\u00a0\u00bb el_class=\u00a0\u00bbpad_t50 marg_b20&Prime;][vc_column_text farbe=\u00a0\u00bbgreen\u00a0\u00bb fontsize=\u00a0\u00bbfs20&Prime; maxwidth=\u00a0\u00bbmax_w80&Prime; fontweight=\u00a0\u00bbbold\u00a0\u00bb textausrichtung=\u00a0\u00bbcenter automarg\u00a0\u00bb el_class=\u00a0\u00bbsameheight marg_b10&Prime;]Conseil et accompagnement :[\/vc_column_text][vc_column_text maxwidth=\u00a0\u00bbmax_w90&Prime; textausrichtung=\u00a0\u00bbcenter automarg\u00a0\u00bb]Des interlocuteurs comp\u00e9tents, des prestations compl\u00e9mentaires gratuites et bien plus. Avec AGROLAB, vous \u00eates bien entour\u00e9.[\/vc_column_text][\/vc_column_inner][vc_column_inner el_class=\u00a0\u00bboval1&Prime; width=\u00a0\u00bb1\/4&Prime;][vc_single_image image=\u00a0\u00bb785&Prime; img_size=\u00a0\u00bbfull\u00a0\u00bb alignment=\u00a0\u00bbcenter\u00a0\u00bb el_class=\u00a0\u00bbpad_t50 marg_b20&Prime;][vc_column_text farbe=\u00a0\u00bbgreen\u00a0\u00bb fontsize=\u00a0\u00bbfs20&Prime; maxwidth=\u00a0\u00bbmax_w80&Prime; fontweight=\u00a0\u00bbbold\u00a0\u00bb textausrichtung=\u00a0\u00bbcenter automarg\u00a0\u00bb el_class=\u00a0\u00bbsameheight marg_b10&Prime;]Exp\u00e9rience et expertise :[\/vc_column_text][vc_column_text maxwidth=\u00a0\u00bbmax_w90&Prime; textausrichtung=\u00a0\u00bbcenter automarg\u00a0\u00bb]LUFA \u00e0 Kiel f\u00eate ses 150 ans de recherche et d\u2019analyse au service de l\u2019agriculture et de l\u2019agroalimentaire.[\/vc_column_text][\/vc_column_inner][vc_column_inner el_class=\u00a0\u00bboval1&Prime; width=\u00a0\u00bb1\/4&Prime;][vc_single_image image=\u00a0\u00bb779&Prime; img_size=\u00a0\u00bbfull\u00a0\u00bb alignment=\u00a0\u00bbcenter\u00a0\u00bb el_class=\u00a0\u00bbpad_t50 marg_b20&Prime;][vc_column_text farbe=\u00a0\u00bbgreen\u00a0\u00bb fontsize=\u00a0\u00bbfs20&Prime; maxwidth=\u00a0\u00bbmax_w80&Prime; fontweight=\u00a0\u00bbbold\u00a0\u00bb textausrichtung=\u00a0\u00bbcenter automarg\u00a0\u00bb el_class=\u00a0\u00bbsameheight marg_b10&Prime;]Logistique des \u00e9chantillons :[\/vc_column_text][vc_column_text maxwidth=\u00a0\u00bbmax_w90&Prime; textausrichtung=\u00a0\u00bbcenter automarg\u00a0\u00bb]Mat\u00e9riel d\u2019\u00e9chantillonnage et enl\u00e8vement \u2013 rapide, simple, partout en Europe.[\/vc_column_text][\/vc_column_inner][vc_column_inner el_class=\u00a0\u00bboval1&Prime; width=\u00a0\u00bb1\/4&Prime;][vc_single_image image=\u00a0\u00bb783&Prime; img_size=\u00a0\u00bbfull\u00a0\u00bb alignment=\u00a0\u00bbcenter\u00a0\u00bb el_class=\u00a0\u00bbpad_t50 marg_b20&Prime;][vc_column_text farbe=\u00a0\u00bbgreen\u00a0\u00bb fontsize=\u00a0\u00bbfs20&Prime; maxwidth=\u00a0\u00bbmax_w80&Prime; fontweight=\u00a0\u00bbbold\u00a0\u00bb textausrichtung=\u00a0\u00bbcenter automarg\u00a0\u00bb el_class=\u00a0\u00bbsameheight marg_b10&Prime;]Portail client ALOORA :[\/vc_column_text][vc_column_text maxwidth=\u00a0\u00bbmax_w90&Prime; textausrichtung=\u00a0\u00bbcenter automarg\u00a0\u00bb]Notre portail en ligne simplifie et acc\u00e9l\u00e8re la gestion de vos analyses. Informez-vous d\u00e8s maintenant.[\/vc_column_text][\/vc_column_inner][\/vc_row_inner][\/vc_column][vc_column width=\u00a0\u00bb1\/12&Prime;][\/vc_column][vc_column][eud_button button_text=\u00a0\u00bbCommen\u00e7ons ensemble\u00a0\u00bb link=\u00a0\u00bb\/was-wir-dazu-wissen-muessen\/\u00a0\u00bb button_pos=\u00a0\u00bbcenter\u00a0\u00bb button_size=\u00a0\u00bbeud_button_medium\u00a0\u00bb use_icon=\u00a0\u00bbyes\u00a0\u00bb icon_animation=\u00a0\u00bbhover\u00a0\u00bb el_class=\u00a0\u00bbmarg_t100&Prime; icon=\u00a0\u00bbfa-rightarrow\u00a0\u00bb][vc_empty_space height=\u00a0\u00bb\u00a0\u00bb el_class=\u00a0\u00bbpad_t100&Prime;][\/vc_column][\/vc_row]<\/p>\n<\/div>","protected":false},"excerpt":{"rendered":"<p>[vc_row full_width=\u00a0\u00bbstretch_row\u00a0\u00bb gap=\u00a0\u00bb35&Prime; full_height=\u00a0\u00bbyes\u00a0\u00bb ovtype=\u00a0\u00bbovtype2&Prime; content_placement=\u00a0\u00bbmiddle\u00a0\u00bb css=\u00a0\u00bb.vc_custom_1712818698427{background-image: url(https:\/\/startupanalytik.agrolab.com\/wp-content\/uploads\/2024\/04\/AL-Food-Home.jpg?id=1027) !important;background-position: center !important;background-repeat: no-repeat !important;background-size: cover !important;}\u00a0\u00bb][vc_column el_class=\u00a0\u00bbpad_t200&Prime;][vc_custom_heading text=\u00a0\u00bbDes aliments et des aliments pour animaux s\u00fbrs pour votre start-up : la cl\u00e9 de votre succ\u00e8s !\u00a0\u00bb font_container=\u00a0\u00bbtag:h1|text_align:left\u00a0\u00bb farbe=\u00a0\u00bbwhite\u00a0\u00bb fontsize=\u00a0\u00bbfs55&Prime; schriftschnitt=\u00a0\u00bbmedium\u00a0\u00bb el_class=\u00a0\u00bbmax_w60&Prime;][vc_custom_heading text=\u00a0\u00bbAGROLAB : Depuis 1986, des analyses fiables au meilleur rapport qualit\u00e9-prix\u00a0\u00bb farbe=\u00a0\u00bbwhite\u00a0\u00bb fontsize=\u00a0\u00bbfs25&Prime; schriftschnitt=\u00a0\u00bbmedium\u00a0\u00bb el_class=\u00a0\u00bbmax_w60&Prime;][eud_button button_text=\u00a0\u00bbCommen\u00e7ons [&hellip;]<\/p>\n","protected":false},"author":1,"featured_media":1644,"parent":0,"menu_order":0,"comment_status":"closed","ping_status":"closed","template":"","meta":{"footnotes":""},"class_list":["post-1643","page","type-page","status-publish","has-post-thumbnail","hentry"],"yoast_head":"<!-- This site is optimized with the Yoast SEO plugin v26.2 - https:\/\/yoast.com\/wordpress\/plugins\/seo\/ -->\n<title>Analyse de d\u00e9marrage pour les denr\u00e9es alimentaires et les aliments pour animaux<\/title>\n<meta name=\"description\" content=\"Analyses de laboratoire pratiques pour les start-ups et les d\u00e9veloppeurs de produits : rapides, flexibles, individuelles - avec AGROLAB pour une entr\u00e9e r\u00e9ussie sur le march\u00e9.\" \/>\n<meta name=\"robots\" content=\"index, follow, max-snippet:-1, max-image-preview:large, max-video-preview:-1\" \/>\n<link rel=\"canonical\" href=\"https:\/\/startupanalytik.agrolab.com\/fr\/\" \/>\n<meta property=\"og:locale\" content=\"fr_FR\" \/>\n<meta property=\"og:type\" content=\"article\" \/>\n<meta property=\"og:title\" content=\"Analyse de d\u00e9marrage pour les denr\u00e9es alimentaires et les aliments pour animaux\" \/>\n<meta property=\"og:description\" content=\"Analyses de laboratoire pratiques pour les start-ups et les d\u00e9veloppeurs de produits : rapides, flexibles, individuelles - avec AGROLAB pour une entr\u00e9e r\u00e9ussie sur le march\u00e9.\" \/>\n<meta property=\"og:url\" content=\"https:\/\/startupanalytik.agrolab.com\/fr\/\" \/>\n<meta property=\"og:site_name\" content=\"Agrolab\" \/>\n<meta property=\"article:modified_time\" content=\"2025-12-04T09:19:57+00:00\" \/>\n<meta property=\"og:image\" content=\"https:\/\/startupanalytik.agrolab.com\/wp-content\/uploads\/2024\/04\/AL-Food-Home.jpg\" \/>\n\t<meta property=\"og:image:width\" content=\"2560\" \/>\n\t<meta property=\"og:image:height\" content=\"1440\" \/>\n\t<meta property=\"og:image:type\" content=\"image\/jpeg\" \/>\n<meta name=\"twitter:card\" content=\"summary_large_image\" \/>\n<meta name=\"twitter:label1\" content=\"Dur\u00e9e de lecture estim\u00e9e\" \/>\n\t<meta name=\"twitter:data1\" content=\"4 minutes\" \/>\n<script type=\"application\/ld+json\" class=\"yoast-schema-graph\">{\"@context\":\"https:\/\/schema.org\",\"@graph\":[{\"@type\":\"WebPage\",\"@id\":\"https:\/\/startupanalytik.agrolab.com\/fr\/\",\"url\":\"https:\/\/startupanalytik.agrolab.com\/fr\/\",\"name\":\"Analyse de d\u00e9marrage pour les denr\u00e9es alimentaires et les aliments pour animaux\",\"isPartOf\":{\"@id\":\"https:\/\/startupanalytik.agrolab.com\/#website\"},\"primaryImageOfPage\":{\"@id\":\"https:\/\/startupanalytik.agrolab.com\/fr\/#primaryimage\"},\"image\":{\"@id\":\"https:\/\/startupanalytik.agrolab.com\/fr\/#primaryimage\"},\"thumbnailUrl\":\"https:\/\/startupanalytik.agrolab.com\/wp-content\/uploads\/2024\/04\/AL-Food-Home.jpg\",\"datePublished\":\"2025-04-11T08:03:12+00:00\",\"dateModified\":\"2025-12-04T09:19:57+00:00\",\"description\":\"Analyses de laboratoire pratiques pour les start-ups et les d\u00e9veloppeurs de produits : rapides, flexibles, individuelles - avec AGROLAB pour une entr\u00e9e r\u00e9ussie sur le march\u00e9.\",\"breadcrumb\":{\"@id\":\"https:\/\/startupanalytik.agrolab.com\/fr\/#breadcrumb\"},\"inLanguage\":\"fr-FR\",\"potentialAction\":[{\"@type\":\"ReadAction\",\"target\":[\"https:\/\/startupanalytik.agrolab.com\/fr\/\"]}]},{\"@type\":\"ImageObject\",\"inLanguage\":\"fr-FR\",\"@id\":\"https:\/\/startupanalytik.agrolab.com\/fr\/#primaryimage\",\"url\":\"https:\/\/startupanalytik.agrolab.com\/wp-content\/uploads\/2024\/04\/AL-Food-Home.jpg\",\"contentUrl\":\"https:\/\/startupanalytik.agrolab.com\/wp-content\/uploads\/2024\/04\/AL-Food-Home.jpg\",\"width\":2560,\"height\":1440},{\"@type\":\"BreadcrumbList\",\"@id\":\"https:\/\/startupanalytik.agrolab.com\/fr\/#breadcrumb\",\"itemListElement\":[{\"@type\":\"ListItem\",\"position\":1,\"name\":\"Startseite\",\"item\":\"https:\/\/startupanalytik.agrolab.com\/fr\/\"},{\"@type\":\"ListItem\",\"position\":2,\"name\":\"Analyse de d\u00e9marrage pour les denr\u00e9es alimentaires et les aliments pour animaux\"}]},{\"@type\":\"WebSite\",\"@id\":\"https:\/\/startupanalytik.agrolab.com\/#website\",\"url\":\"https:\/\/startupanalytik.agrolab.com\/\",\"name\":\"Agrolab\",\"description\":\"\",\"potentialAction\":[{\"@type\":\"SearchAction\",\"target\":{\"@type\":\"EntryPoint\",\"urlTemplate\":\"https:\/\/startupanalytik.agrolab.com\/?s={search_term_string}\"},\"query-input\":{\"@type\":\"PropertyValueSpecification\",\"valueRequired\":true,\"valueName\":\"search_term_string\"}}],\"inLanguage\":\"fr-FR\"}]}<\/script>\n<!-- \/ Yoast SEO plugin. -->","yoast_head_json":{"title":"Analyse de d\u00e9marrage pour les denr\u00e9es alimentaires et les aliments pour animaux","description":"Analyses de laboratoire pratiques pour les start-ups et les d\u00e9veloppeurs de produits : rapides, flexibles, individuelles - avec AGROLAB pour une entr\u00e9e r\u00e9ussie sur le march\u00e9.","robots":{"index":"index","follow":"follow","max-snippet":"max-snippet:-1","max-image-preview":"max-image-preview:large","max-video-preview":"max-video-preview:-1"},"canonical":"https:\/\/startupanalytik.agrolab.com\/fr\/","og_locale":"fr_FR","og_type":"article","og_title":"Analyse de d\u00e9marrage pour les denr\u00e9es alimentaires et les aliments pour animaux","og_description":"Analyses de laboratoire pratiques pour les start-ups et les d\u00e9veloppeurs de produits : rapides, flexibles, individuelles - avec AGROLAB pour une entr\u00e9e r\u00e9ussie sur le march\u00e9.","og_url":"https:\/\/startupanalytik.agrolab.com\/fr\/","og_site_name":"Agrolab","article_modified_time":"2025-12-04T09:19:57+00:00","og_image":[{"width":2560,"height":1440,"url":"https:\/\/startupanalytik.agrolab.com\/wp-content\/uploads\/2024\/04\/AL-Food-Home.jpg","type":"image\/jpeg"}],"twitter_card":"summary_large_image","twitter_misc":{"Dur\u00e9e de lecture estim\u00e9e":"4 minutes"},"schema":{"@context":"https:\/\/schema.org","@graph":[{"@type":"WebPage","@id":"https:\/\/startupanalytik.agrolab.com\/fr\/","url":"https:\/\/startupanalytik.agrolab.com\/fr\/","name":"Analyse de d\u00e9marrage pour les denr\u00e9es alimentaires et les aliments pour animaux","isPartOf":{"@id":"https:\/\/startupanalytik.agrolab.com\/#website"},"primaryImageOfPage":{"@id":"https:\/\/startupanalytik.agrolab.com\/fr\/#primaryimage"},"image":{"@id":"https:\/\/startupanalytik.agrolab.com\/fr\/#primaryimage"},"thumbnailUrl":"https:\/\/startupanalytik.agrolab.com\/wp-content\/uploads\/2024\/04\/AL-Food-Home.jpg","datePublished":"2025-04-11T08:03:12+00:00","dateModified":"2025-12-04T09:19:57+00:00","description":"Analyses de laboratoire pratiques pour les start-ups et les d\u00e9veloppeurs de produits : rapides, flexibles, individuelles - avec AGROLAB pour une entr\u00e9e r\u00e9ussie sur le march\u00e9.","breadcrumb":{"@id":"https:\/\/startupanalytik.agrolab.com\/fr\/#breadcrumb"},"inLanguage":"fr-FR","potentialAction":[{"@type":"ReadAction","target":["https:\/\/startupanalytik.agrolab.com\/fr\/"]}]},{"@type":"ImageObject","inLanguage":"fr-FR","@id":"https:\/\/startupanalytik.agrolab.com\/fr\/#primaryimage","url":"https:\/\/startupanalytik.agrolab.com\/wp-content\/uploads\/2024\/04\/AL-Food-Home.jpg","contentUrl":"https:\/\/startupanalytik.agrolab.com\/wp-content\/uploads\/2024\/04\/AL-Food-Home.jpg","width":2560,"height":1440},{"@type":"BreadcrumbList","@id":"https:\/\/startupanalytik.agrolab.com\/fr\/#breadcrumb","itemListElement":[{"@type":"ListItem","position":1,"name":"Startseite","item":"https:\/\/startupanalytik.agrolab.com\/fr\/"},{"@type":"ListItem","position":2,"name":"Analyse de d\u00e9marrage pour les denr\u00e9es alimentaires et les aliments pour animaux"}]},{"@type":"WebSite","@id":"https:\/\/startupanalytik.agrolab.com\/#website","url":"https:\/\/startupanalytik.agrolab.com\/","name":"Agrolab","description":"","potentialAction":[{"@type":"SearchAction","target":{"@type":"EntryPoint","urlTemplate":"https:\/\/startupanalytik.agrolab.com\/?s={search_term_string}"},"query-input":{"@type":"PropertyValueSpecification","valueRequired":true,"valueName":"search_term_string"}}],"inLanguage":"fr-FR"}]}},"_links":{"self":[{"href":"https:\/\/startupanalytik.agrolab.com\/fr\/wp-json\/wp\/v2\/pages\/1643","targetHints":{"allow":["GET"]}}],"collection":[{"href":"https:\/\/startupanalytik.agrolab.com\/fr\/wp-json\/wp\/v2\/pages"}],"about":[{"href":"https:\/\/startupanalytik.agrolab.com\/fr\/wp-json\/wp\/v2\/types\/page"}],"author":[{"embeddable":true,"href":"https:\/\/startupanalytik.agrolab.com\/fr\/wp-json\/wp\/v2\/users\/1"}],"replies":[{"embeddable":true,"href":"https:\/\/startupanalytik.agrolab.com\/fr\/wp-json\/wp\/v2\/comments?post=1643"}],"version-history":[{"count":8,"href":"https:\/\/startupanalytik.agrolab.com\/fr\/wp-json\/wp\/v2\/pages\/1643\/revisions"}],"predecessor-version":[{"id":2184,"href":"https:\/\/startupanalytik.agrolab.com\/fr\/wp-json\/wp\/v2\/pages\/1643\/revisions\/2184"}],"wp:featuredmedia":[{"embeddable":true,"href":"https:\/\/startupanalytik.agrolab.com\/fr\/wp-json\/wp\/v2\/media\/1644"}],"wp:attachment":[{"href":"https:\/\/startupanalytik.agrolab.com\/fr\/wp-json\/wp\/v2\/media?parent=1643"}],"curies":[{"name":"wp","href":"https:\/\/api.w.org\/{rel}","templated":true}]}}