{"id":1657,"date":"2024-04-08T14:04:48","date_gmt":"2024-04-08T12:04:48","guid":{"rendered":"https:\/\/startupanalytik.agrolab.com\/ce-que-nous-devons-savoir\/"},"modified":"2025-12-04T09:07:35","modified_gmt":"2025-12-04T08:07:35","slug":"ce-que-nous-devons-savoir","status":"publish","type":"page","link":"https:\/\/startupanalytik.agrolab.com\/fr\/ce-que-nous-devons-savoir\/","title":{"rendered":"Ce que nous devons savoir"},"content":{"rendered":"<div class=\"wpb-content-wrapper\"><p>[vc_row full_width=\u00a0\u00bbstretch_row\u00a0\u00bb el_class=\u00a0\u00bbpad_t50 pad_b50&Prime; css=\u00a0\u00bb.vc_custom_1713251590661{background-color: #eaf5f5 !important;}\u00a0\u00bb][vc_column][vc_column_text css=\u00a0\u00bb\u00a0\u00bb]<div id=\"af2_form_0\" class=\"af2_form_wrapper af2_form-type-2\"\n\t\t\t\t\t\t\t\tdata-preload=\"2\" data-rtl=\"\" data-size=\"13\" data-num=\"0\"\n                                data-did=\"1664\" data-errormail=\"\" data-activatescrolltoanchor=\"1\" data-activatescrolltoanchordesktop=\"\" data-showsuccessscreen=\"\"\n                                data-popup_by_delay=\"\" data-popup_delay=\"0\" data-popup_by_click=\"\"\n                                data-popup_click_class=\"\"><div class=\"af2_form\" style=\"display: block;\"><div class=\"af2_success_message_screen desktop\" style=\"display: none;\"><div class=\"af2_success_image\"><img decoding=\"async\" src=\"https:\/\/agrolab.electronic-u-design.de\/wp-content\/plugins\/Funnelforms-pro\/res\/images\/success_standard.png\" \/><\/div><div class=\"af2_success_text\">Merci ! Le formulaire a \u00e9t\u00e9 envoy\u00e9 avec succ\u00e8s !<\/div><\/div><div class=\"af2_success_message_screen af2_mobile\" style=\"display: none;\"><div class=\"af2_success_image\"><img decoding=\"async\" src=\"https:\/\/agrolab.electronic-u-design.de\/wp-content\/plugins\/Funnelforms-pro\/res\/images\/success_standard.png\" \/><\/div><div class=\"af2_success_text\">Merci ! Le formulaire a \u00e9t\u00e9 envoy\u00e9 avec succ\u00e8s !<\/div><\/div><div class=\"af2_form_heading_wrapper\"><div class=\"af2_form_heading desktop\"><\/div><div class=\"af2_form_heading af2_mobile\"><\/div><\/div><div class=\"af2_form_carousel\"><\/div><div class=\"af2_form_bottombar\"><button class=\"af2_form_back_button af2_form_button af2_disabled af2_mobile special\">Retour<\/button><button class=\"af2_form_back_button af2_form_button af2_disabled desktop special\">Retour<\/button><div class=\"af2_form_progress_bar\"><div class=\"af2_form_progress\"><\/div><\/div><button class=\"af2_form_foward_button af2_form_button af2_disabled af2_mobile special\">Suivant<\/button><button class=\"af2_form_foward_button af2_form_button af2_disabled desktop special\">Suivant<\/button><\/div><\/div><\/div> [\/vc_column_text][\/vc_column][\/vc_row]<\/p>\n<\/div>","protected":false},"excerpt":{"rendered":"<p>[vc_row full_width=\u00a0\u00bbstretch_row\u00a0\u00bb el_class=\u00a0\u00bbpad_t50 pad_b50&Prime; css=\u00a0\u00bb.vc_custom_1713251590661{background-color: #eaf5f5 !important;}\u00a0\u00bb][vc_column][vc_column_text css=\u00a0\u00bb\u00a0\u00bb] [\/vc_column_text][\/vc_column][\/vc_row]<\/p>\n","protected":false},"author":1,"featured_media":0,"parent":0,"menu_order":0,"comment_status":"closed","ping_status":"closed","template":"","meta":{"footnotes":""},"class_list":["post-1657","page","type-page","status-publish","hentry"],"yoast_head":"<!-- This site is optimized with the Yoast SEO plugin v26.2 - https:\/\/yoast.com\/wordpress\/plugins\/seo\/ -->\n<title>Analyse des denr\u00e9es alimentaires et des aliments pour animaux pour les start-ups<\/title>\n<meta name=\"description\" content=\"D\u00e9marre avec nous : Nous fournissons les analyses ad\u00e9quates - rapidement, de mani\u00e8re compr\u00e9hensible et fiable. Id\u00e9al pour ta start-up dans le domaine de l&#039;alimentation ou des aliments.\" \/>\n<meta name=\"robots\" content=\"index, follow, max-snippet:-1, max-image-preview:large, max-video-preview:-1\" \/>\n<link rel=\"canonical\" href=\"https:\/\/startupanalytik.agrolab.com\/fr\/ce-que-nous-devons-savoir\/\" \/>\n<meta property=\"og:locale\" content=\"fr_FR\" \/>\n<meta property=\"og:type\" content=\"article\" \/>\n<meta property=\"og:title\" content=\"Analyse des denr\u00e9es alimentaires et des aliments pour animaux pour les start-ups\" \/>\n<meta property=\"og:description\" content=\"D\u00e9marre avec nous : Nous fournissons les analyses ad\u00e9quates - rapidement, de mani\u00e8re compr\u00e9hensible et fiable. Id\u00e9al pour ta start-up dans le domaine de l&#039;alimentation ou des aliments.\" \/>\n<meta property=\"og:url\" content=\"https:\/\/startupanalytik.agrolab.com\/fr\/ce-que-nous-devons-savoir\/\" \/>\n<meta property=\"og:site_name\" content=\"Agrolab\" \/>\n<meta property=\"article:modified_time\" content=\"2025-12-04T08:07:35+00:00\" \/>\n<meta name=\"twitter:card\" content=\"summary_large_image\" \/>\n<meta name=\"twitter:label1\" content=\"Dur\u00e9e de lecture estim\u00e9e\" \/>\n\t<meta name=\"twitter:data1\" content=\"1 minute\" \/>\n<script type=\"application\/ld+json\" class=\"yoast-schema-graph\">{\"@context\":\"https:\/\/schema.org\",\"@graph\":[{\"@type\":\"WebPage\",\"@id\":\"https:\/\/startupanalytik.agrolab.com\/fr\/ce-que-nous-devons-savoir\/\",\"url\":\"https:\/\/startupanalytik.agrolab.com\/fr\/ce-que-nous-devons-savoir\/\",\"name\":\"Analyse des denr\u00e9es alimentaires et des aliments pour animaux pour les start-ups\",\"isPartOf\":{\"@id\":\"https:\/\/startupanalytik.agrolab.com\/#website\"},\"datePublished\":\"2024-04-08T12:04:48+00:00\",\"dateModified\":\"2025-12-04T08:07:35+00:00\",\"description\":\"D\u00e9marre avec nous : Nous fournissons les analyses ad\u00e9quates - rapidement, de mani\u00e8re compr\u00e9hensible et fiable. Id\u00e9al pour ta start-up dans le domaine de l'alimentation ou des aliments.\",\"breadcrumb\":{\"@id\":\"https:\/\/startupanalytik.agrolab.com\/fr\/ce-que-nous-devons-savoir\/#breadcrumb\"},\"inLanguage\":\"fr-FR\",\"potentialAction\":[{\"@type\":\"ReadAction\",\"target\":[\"https:\/\/startupanalytik.agrolab.com\/fr\/ce-que-nous-devons-savoir\/\"]}]},{\"@type\":\"BreadcrumbList\",\"@id\":\"https:\/\/startupanalytik.agrolab.com\/fr\/ce-que-nous-devons-savoir\/#breadcrumb\",\"itemListElement\":[{\"@type\":\"ListItem\",\"position\":1,\"name\":\"Startseite\",\"item\":\"https:\/\/startupanalytik.agrolab.com\/fr\/\"},{\"@type\":\"ListItem\",\"position\":2,\"name\":\"Ce que nous devons savoir\"}]},{\"@type\":\"WebSite\",\"@id\":\"https:\/\/startupanalytik.agrolab.com\/#website\",\"url\":\"https:\/\/startupanalytik.agrolab.com\/\",\"name\":\"Agrolab\",\"description\":\"\",\"potentialAction\":[{\"@type\":\"SearchAction\",\"target\":{\"@type\":\"EntryPoint\",\"urlTemplate\":\"https:\/\/startupanalytik.agrolab.com\/?s={search_term_string}\"},\"query-input\":{\"@type\":\"PropertyValueSpecification\",\"valueRequired\":true,\"valueName\":\"search_term_string\"}}],\"inLanguage\":\"fr-FR\"}]}<\/script>\n<!-- \/ Yoast SEO plugin. -->","yoast_head_json":{"title":"Analyse des denr\u00e9es alimentaires et des aliments pour animaux pour les start-ups","description":"D\u00e9marre avec nous : Nous fournissons les analyses ad\u00e9quates - rapidement, de mani\u00e8re compr\u00e9hensible et fiable. Id\u00e9al pour ta start-up dans le domaine de l'alimentation ou des aliments.","robots":{"index":"index","follow":"follow","max-snippet":"max-snippet:-1","max-image-preview":"max-image-preview:large","max-video-preview":"max-video-preview:-1"},"canonical":"https:\/\/startupanalytik.agrolab.com\/fr\/ce-que-nous-devons-savoir\/","og_locale":"fr_FR","og_type":"article","og_title":"Analyse des denr\u00e9es alimentaires et des aliments pour animaux pour les start-ups","og_description":"D\u00e9marre avec nous : Nous fournissons les analyses ad\u00e9quates - rapidement, de mani\u00e8re compr\u00e9hensible et fiable. Id\u00e9al pour ta start-up dans le domaine de l'alimentation ou des aliments.","og_url":"https:\/\/startupanalytik.agrolab.com\/fr\/ce-que-nous-devons-savoir\/","og_site_name":"Agrolab","article_modified_time":"2025-12-04T08:07:35+00:00","twitter_card":"summary_large_image","twitter_misc":{"Dur\u00e9e de lecture estim\u00e9e":"1 minute"},"schema":{"@context":"https:\/\/schema.org","@graph":[{"@type":"WebPage","@id":"https:\/\/startupanalytik.agrolab.com\/fr\/ce-que-nous-devons-savoir\/","url":"https:\/\/startupanalytik.agrolab.com\/fr\/ce-que-nous-devons-savoir\/","name":"Analyse des denr\u00e9es alimentaires et des aliments pour animaux pour les start-ups","isPartOf":{"@id":"https:\/\/startupanalytik.agrolab.com\/#website"},"datePublished":"2024-04-08T12:04:48+00:00","dateModified":"2025-12-04T08:07:35+00:00","description":"D\u00e9marre avec nous : Nous fournissons les analyses ad\u00e9quates - rapidement, de mani\u00e8re compr\u00e9hensible et fiable. Id\u00e9al pour ta start-up dans le domaine de l'alimentation ou des aliments.","breadcrumb":{"@id":"https:\/\/startupanalytik.agrolab.com\/fr\/ce-que-nous-devons-savoir\/#breadcrumb"},"inLanguage":"fr-FR","potentialAction":[{"@type":"ReadAction","target":["https:\/\/startupanalytik.agrolab.com\/fr\/ce-que-nous-devons-savoir\/"]}]},{"@type":"BreadcrumbList","@id":"https:\/\/startupanalytik.agrolab.com\/fr\/ce-que-nous-devons-savoir\/#breadcrumb","itemListElement":[{"@type":"ListItem","position":1,"name":"Startseite","item":"https:\/\/startupanalytik.agrolab.com\/fr\/"},{"@type":"ListItem","position":2,"name":"Ce que nous devons savoir"}]},{"@type":"WebSite","@id":"https:\/\/startupanalytik.agrolab.com\/#website","url":"https:\/\/startupanalytik.agrolab.com\/","name":"Agrolab","description":"","potentialAction":[{"@type":"SearchAction","target":{"@type":"EntryPoint","urlTemplate":"https:\/\/startupanalytik.agrolab.com\/?s={search_term_string}"},"query-input":{"@type":"PropertyValueSpecification","valueRequired":true,"valueName":"search_term_string"}}],"inLanguage":"fr-FR"}]}},"_links":{"self":[{"href":"https:\/\/startupanalytik.agrolab.com\/fr\/wp-json\/wp\/v2\/pages\/1657","targetHints":{"allow":["GET"]}}],"collection":[{"href":"https:\/\/startupanalytik.agrolab.com\/fr\/wp-json\/wp\/v2\/pages"}],"about":[{"href":"https:\/\/startupanalytik.agrolab.com\/fr\/wp-json\/wp\/v2\/types\/page"}],"author":[{"embeddable":true,"href":"https:\/\/startupanalytik.agrolab.com\/fr\/wp-json\/wp\/v2\/users\/1"}],"replies":[{"embeddable":true,"href":"https:\/\/startupanalytik.agrolab.com\/fr\/wp-json\/wp\/v2\/comments?post=1657"}],"version-history":[{"count":6,"href":"https:\/\/startupanalytik.agrolab.com\/fr\/wp-json\/wp\/v2\/pages\/1657\/revisions"}],"predecessor-version":[{"id":2172,"href":"https:\/\/startupanalytik.agrolab.com\/fr\/wp-json\/wp\/v2\/pages\/1657\/revisions\/2172"}],"wp:attachment":[{"href":"https:\/\/startupanalytik.agrolab.com\/fr\/wp-json\/wp\/v2\/media?parent=1657"}],"curies":[{"name":"wp","href":"https:\/\/api.w.org\/{rel}","templated":true}]}}