{"id":1408,"date":"2025-04-11T10:03:12","date_gmt":"2025-04-11T08:03:12","guid":{"rendered":"https:\/\/startupanalytik.agrolab.com\/home\/"},"modified":"2025-12-04T10:20:53","modified_gmt":"2025-12-04T09:20:53","slug":"home","status":"publish","type":"page","link":"https:\/\/startupanalytik.agrolab.com\/pl\/","title":{"rendered":"Analityka start-up\u00f3w dla \u017cywno\u015bci i pasz dla zwierz\u0105t"},"content":{"rendered":"<div class=\"wpb-content-wrapper\"><p>[vc_row full_width=&#8221;stretch_row&#8221; gap=&#8221;35&#8243; full_height=&#8221;yes&#8221; ovtype=&#8221;ovtype2&#8243; content_placement=&#8221;middle&#8221; css=&#8221;.vc_custom_1712818698427{background-image: url(https:\/\/startupanalytik.agrolab.com\/wp-content\/uploads\/2024\/04\/AL-Food-Home.jpg?id=1027) !important;background-position: center !important;background-repeat: no-repeat !important;background-size: cover !important;}&#8221;][vc_column el_class=&#8221;pad_t200&#8243;][vc_custom_heading text=&#8221;Bezpieczna \u017cywno\u015b\u0107 i pasza dla Twojego startupu: klucz do sukcesu!&#8221; font_container=&#8221;tag:h1|text_align:left&#8221; farbe=&#8221;white&#8221; fontsize=&#8221;fs55&#8243; schriftschnitt=&#8221;medium&#8221; el_class=&#8221;max_w60&#8243;][vc_custom_heading text=&#8221;AGROLAB: od 1986 r. to rzetelne analizy w najlepszej relacji jako\u015bci do ceny&#8221; farbe=&#8221;white&#8221; fontsize=&#8221;fs25&#8243; schriftschnitt=&#8221;medium&#8221; el_class=&#8221;max_w60&#8243;][eud_button button_text=&#8221;Zacznijmy razem&#8221; link=&#8221;\/pl\/co-musimy-wiedziec\/&#8221; button_size=&#8221;eud_button_large&#8221; use_icon=&#8221;yes&#8221; icon_animation=&#8221;hover&#8221; icon=&#8221;fa-rightarrow&#8221;][\/vc_column][\/vc_row][vc_row full_width=&#8221;stretch_row&#8221; content_placement=&#8221;middle&#8221; css=&#8221;.vc_custom_1712756366810{background-color: #009057 !important;}&#8221; el_class=&#8221;mh700 mhauto&#8221;][vc_column][vc_column_text farbe=&#8221;white&#8221; fontsize=&#8221;fs30&#8243; maxwidth=&#8221;max_w90&#8243; fontweight=&#8221;medium&#8221; textausrichtung=&#8221;center automarg&#8221;]Wk\u0142adasz serce w sw\u00f3j startup \u2013 czy to suplementy, produkty wega\u0144skie, czy innowacyjna karma dla zwierz\u0105t. Ale aby zbudowa\u0107 zaufanie, Tw\u00f3j produkt musi by\u0107 nie tylko smaczny, ale przede wszystkim bezpieczny.[\/vc_column_text][vc_single_image image=&#8221;1897&#8243; img_size=&#8221;full&#8221; alignment=&#8221;center&#8221;][\/vc_column][\/vc_row][vc_row full_width=&#8221;stretch_row_content_no_spaces&#8221; equal_height=&#8221;yes&#8221; content_placement=&#8221;middle&#8221; el_class=&#8221;mh700 mh_auto&#8221; css=&#8221;.vc_custom_1712816418752{background-color: #eaf5f5 !important;}&#8221;][vc_column width=&#8221;1\/2&#8243; css=&#8221;.vc_custom_1713193661228{background-image: url(https:\/\/startupanalytik.agrolab.com\/wp-content\/uploads\/2024\/04\/AL-Food-Home-1.jpg?id=1039) !important;background-position: center !important;background-repeat: no-repeat !important;background-size: cover !important;}&#8221; el_class=&#8221;mobimg&#8221;][\/vc_column][vc_column width=&#8221;1\/2&#8243; el_class=&#8221;mobiletext&#8221;][vc_column_text farbe=&#8221;green&#8221; fontsize=&#8221;fs25&#8243; maxwidth=&#8221;max_w70&#8243; fontweight=&#8221;medium&#8221; el_class=&#8221;pad_l_txt mobpad_t20&#8243;]W \u015bwiecie, w kt\u00f3rym bezpiecze\u0144stwo \u017cywno\u015bci ma najwy\u017cszy priorytet, AGROLAB jest po Twojej stronie. Od ponad <span class=\"bold\">30 lat<\/span> oferujemy <span class=\"bold\">precyzyjne analizy<\/span> i <span class=\"bold\">kompleksowe doradztwo<\/span>. Dzi\u0119ki temu masz pewno\u015b\u0107, \u017ce Twoje produkty s\u0105 nie tylko pyszne, ale te\u017c zgodne z przepisami.[\/vc_column_text][\/vc_column][\/vc_row][vc_row content_placement=&#8221;middle&#8221; el_class=&#8221;mh800&#8243;][vc_column][vc_custom_heading text=&#8221;Wystartujmy razem!&#8221; farbe=&#8221;green&#8221; fontsize=&#8221;fs55&#8243; schriftschnitt=&#8221;medium&#8221;][vc_column_text farbe=&#8221;green&#8221; fontsize=&#8221;fs25&#8243; maxwidth=&#8221;max_w80&#8243; fontweight=&#8221;medium&#8221;]Tw\u00f3j startup jest wyj\u0105tkowy \u2013 my dopasujemy nasze us\u0142ugi do Twoich potrzeb. Odpowiedz na kilka pyta\u0144, aby\u015bmy mogli jak najlepiej Ci\u0119 wesprze\u0107:[\/vc_column_text][eud_button button_text=&#8221;Um\u00f3w si\u0119 na niezobowi\u0105zuj\u0105c\u0105 konsultacj\u0119&#8221; link=&#8221;\/was-wir-dazu-wissen-muessen\/&#8221; button_size=&#8221;eud_button_medium&#8221; use_icon=&#8221;yes&#8221; icon_animation=&#8221;hover&#8221; icon=&#8221;fa-rightarrow&#8221;][\/vc_column][\/vc_row][vc_row full_width=&#8221;stretch_row&#8221; css=&#8221;.vc_custom_1712567364140{background-color: #eaf5f5 !important;}&#8221;][vc_column el_class=&#8221;pad_t50&#8243;][vc_column_text farbe=&#8221;green&#8221; fontsize=&#8221;fs40&#8243; textausrichtung=&#8221;center automarg&#8221; el_class=&#8221;labor&#8221;]Us\u0142ugi laboratoryjne[\/vc_column_text][vc_column_text farbe=&#8221;green&#8221; fontsize=&#8221;fs20&#8243; maxwidth=&#8221;max_w80&#8243; fontweight=&#8221;medium&#8221; textausrichtung=&#8221;center automarg&#8221;]Jeste\u015bmy zadowoleni dopiero wtedy, gdy Ty jeste\u015b zadowolony! Laboratoria AGROLAB to gwarancja zaanga\u017cowania, terminowo\u015bci i wiarygodnych wynik\u00f3w. Od pocz\u0105tku istnienia stawiamy na najwy\u017csz\u0105 jako\u015b\u0107 us\u0142ug analitycznych.[\/vc_column_text][\/vc_column][\/vc_row][vc_row full_width=&#8221;stretch_row&#8221; css=&#8221;.vc_custom_1712569449265{background-color: #eaf5f5 !important;}&#8221;][vc_column width=&#8221;1\/12&#8243;][\/vc_column][vc_column width=&#8221;10\/12&#8243;][vc_row_inner gap=&#8221;35&#8243;][vc_column_inner el_class=&#8221;oval1&#8243; width=&#8221;1\/4&#8243;][vc_single_image image=&#8221;784&#8243; img_size=&#8221;full&#8221; alignment=&#8221;center&#8221; el_class=&#8221;pad_t50 marg_b20&#8243;][vc_column_text farbe=&#8221;green&#8221; fontsize=&#8221;fs20&#8243; maxwidth=&#8221;max_w80&#8243; fontweight=&#8221;bold&#8221; textausrichtung=&#8221;center automarg&#8221; el_class=&#8221;sameheight marg_b10&#8243;]Doradztwo i wsparcie:[\/vc_column_text][vc_column_text maxwidth=&#8221;max_w90&#8243; textausrichtung=&#8221;center automarg&#8221;]Wykwalifikowani specjali\u015bci, dodatkowe us\u0142ugi gratis i wiele wi\u0119cej. AGROLAB to fachowa obs\u0142uga klienta.[\/vc_column_text][\/vc_column_inner][vc_column_inner el_class=&#8221;oval1&#8243; width=&#8221;1\/4&#8243;][vc_single_image image=&#8221;785&#8243; img_size=&#8221;full&#8221; alignment=&#8221;center&#8221; el_class=&#8221;pad_t50 marg_b20&#8243;][vc_column_text farbe=&#8221;green&#8221; fontsize=&#8221;fs20&#8243; maxwidth=&#8221;max_w80&#8243; fontweight=&#8221;bold&#8221; textausrichtung=&#8221;center automarg&#8221; el_class=&#8221;sameheight marg_b10&#8243;]Do\u015bwiadczenie i wiedza:[\/vc_column_text][vc_column_text maxwidth=&#8221;max_w90&#8243; textausrichtung=&#8221;center automarg&#8221;]LUFA w Kiel \u015bwi\u0119tuje 150 lat dzia\u0142alno\u015bci naukowo-badawczej dla rolnictwa i przemys\u0142u spo\u017cywczego.[\/vc_column_text][\/vc_column_inner][vc_column_inner el_class=&#8221;oval1&#8243; width=&#8221;1\/4&#8243;][vc_single_image image=&#8221;779&#8243; img_size=&#8221;full&#8221; alignment=&#8221;center&#8221; el_class=&#8221;pad_t50 marg_b20&#8243;][vc_column_text farbe=&#8221;green&#8221; fontsize=&#8221;fs20&#8243; maxwidth=&#8221;max_w80&#8243; fontweight=&#8221;bold&#8221; textausrichtung=&#8221;center automarg&#8221; el_class=&#8221;sameheight marg_b10&#8243;]Logistyka pr\u00f3bek:[\/vc_column_text][vc_column_text maxwidth=&#8221;max_w90&#8243; textausrichtung=&#8221;center automarg&#8221;]Materia\u0142y do pobierania pr\u00f3bek i ich odbi\u00f3r \u2013 szybko, wygodnie, na terenie ca\u0142ej Europy.[\/vc_column_text][\/vc_column_inner][vc_column_inner el_class=&#8221;oval1&#8243; width=&#8221;1\/4&#8243;][vc_single_image image=&#8221;783&#8243; img_size=&#8221;full&#8221; alignment=&#8221;center&#8221; el_class=&#8221;pad_t50 marg_b20&#8243;][vc_column_text farbe=&#8221;green&#8221; fontsize=&#8221;fs20&#8243; maxwidth=&#8221;max_w80&#8243; fontweight=&#8221;bold&#8221; textausrichtung=&#8221;center automarg&#8221; el_class=&#8221;sameheight marg_b10&#8243;]Portal klienta ALOORA:[\/vc_column_text][vc_column_text maxwidth=&#8221;max_w90&#8243; textausrichtung=&#8221;center automarg&#8221;]Nasz portal online przyspiesza i upraszcza obs\u0142ug\u0119 analiz. Dowiedz si\u0119 wi\u0119cej.[\/vc_column_text][\/vc_column_inner][\/vc_row_inner][\/vc_column][vc_column width=&#8221;1\/12&#8243;][\/vc_column][vc_column][eud_button button_text=&#8221;Zacznijmy razem&#8221; link=&#8221;\/was-wir-dazu-wissen-muessen\/&#8221; button_pos=&#8221;center&#8221; button_size=&#8221;eud_button_medium&#8221; use_icon=&#8221;yes&#8221; icon_animation=&#8221;hover&#8221; el_class=&#8221;marg_t100&#8243; icon=&#8221;fa-rightarrow&#8221;][vc_empty_space height=&#8221;&#8221; el_class=&#8221;pad_t100&#8243;][\/vc_column][\/vc_row]<\/p>\n<\/div>","protected":false},"excerpt":{"rendered":"<p>[vc_row full_width=&#8221;stretch_row&#8221; gap=&#8221;35&#8243; full_height=&#8221;yes&#8221; ovtype=&#8221;ovtype2&#8243; content_placement=&#8221;middle&#8221; css=&#8221;.vc_custom_1712818698427{background-image: url(https:\/\/startupanalytik.agrolab.com\/wp-content\/uploads\/2024\/04\/AL-Food-Home.jpg?id=1027) !important;background-position: center !important;background-repeat: no-repeat !important;background-size: cover !important;}&#8221;][vc_column el_class=&#8221;pad_t200&#8243;][vc_custom_heading text=&#8221;Bezpieczna \u017cywno\u015b\u0107 i pasza dla Twojego startupu: klucz do sukcesu!&#8221; font_container=&#8221;tag:h1|text_align:left&#8221; farbe=&#8221;white&#8221; fontsize=&#8221;fs55&#8243; schriftschnitt=&#8221;medium&#8221; el_class=&#8221;max_w60&#8243;][vc_custom_heading text=&#8221;AGROLAB: od 1986 r. to rzetelne analizy w najlepszej relacji jako\u015bci do ceny&#8221; farbe=&#8221;white&#8221; fontsize=&#8221;fs25&#8243; schriftschnitt=&#8221;medium&#8221; el_class=&#8221;max_w60&#8243;][eud_button button_text=&#8221;Zacznijmy razem&#8221; link=&#8221;\/pl\/co-musimy-wiedziec\/&#8221; button_size=&#8221;eud_button_large&#8221; use_icon=&#8221;yes&#8221; icon_animation=&#8221;hover&#8221; icon=&#8221;fa-rightarrow&#8221;][\/vc_column][\/vc_row][vc_row [&hellip;]<\/p>\n","protected":false},"author":1,"featured_media":1409,"parent":0,"menu_order":0,"comment_status":"closed","ping_status":"closed","template":"","meta":{"footnotes":""},"class_list":["post-1408","page","type-page","status-publish","has-post-thumbnail","hentry"],"yoast_head":"<!-- This site is optimized with the Yoast SEO plugin v26.2 - https:\/\/yoast.com\/wordpress\/plugins\/seo\/ -->\n<title>Analityka start-up\u00f3w dla \u017cywno\u015bci i pasz dla zwierz\u0105t<\/title>\n<meta name=\"description\" content=\"Praktyczna analiza laboratoryjna dla start-up\u00f3w i tw\u00f3rc\u00f3w produkt\u00f3w: szybka, elastyczna, dostosowana do potrzeb - z AGROLAB dla udanego wprowadzenia na rynek.\" \/>\n<meta name=\"robots\" content=\"index, follow, max-snippet:-1, max-image-preview:large, max-video-preview:-1\" \/>\n<link rel=\"canonical\" href=\"https:\/\/startupanalytik.agrolab.com\/pl\/\" \/>\n<meta property=\"og:locale\" content=\"pl_PL\" \/>\n<meta property=\"og:type\" content=\"article\" \/>\n<meta property=\"og:title\" content=\"Analityka start-up\u00f3w dla \u017cywno\u015bci i pasz dla zwierz\u0105t\" \/>\n<meta property=\"og:description\" content=\"Praktyczna analiza laboratoryjna dla start-up\u00f3w i tw\u00f3rc\u00f3w produkt\u00f3w: szybka, elastyczna, dostosowana do potrzeb - z AGROLAB dla udanego wprowadzenia na rynek.\" \/>\n<meta property=\"og:url\" content=\"https:\/\/startupanalytik.agrolab.com\/pl\/\" \/>\n<meta property=\"og:site_name\" content=\"Agrolab\" \/>\n<meta property=\"article:modified_time\" content=\"2025-12-04T09:20:53+00:00\" \/>\n<meta property=\"og:image\" content=\"https:\/\/startupanalytik.agrolab.com\/wp-content\/uploads\/2024\/04\/AL-Food-Home.jpg\" \/>\n\t<meta property=\"og:image:width\" content=\"2560\" \/>\n\t<meta property=\"og:image:height\" content=\"1440\" \/>\n\t<meta property=\"og:image:type\" content=\"image\/jpeg\" \/>\n<meta name=\"twitter:card\" content=\"summary_large_image\" \/>\n<meta name=\"twitter:label1\" content=\"Szacowany czas czytania\" \/>\n\t<meta name=\"twitter:data1\" content=\"4 minuty\" \/>\n<script type=\"application\/ld+json\" class=\"yoast-schema-graph\">{\"@context\":\"https:\/\/schema.org\",\"@graph\":[{\"@type\":\"WebPage\",\"@id\":\"https:\/\/startupanalytik.agrolab.com\/pl\/\",\"url\":\"https:\/\/startupanalytik.agrolab.com\/pl\/\",\"name\":\"Analityka start-up\u00f3w dla \u017cywno\u015bci i pasz dla zwierz\u0105t\",\"isPartOf\":{\"@id\":\"https:\/\/startupanalytik.agrolab.com\/#website\"},\"primaryImageOfPage\":{\"@id\":\"https:\/\/startupanalytik.agrolab.com\/pl\/#primaryimage\"},\"image\":{\"@id\":\"https:\/\/startupanalytik.agrolab.com\/pl\/#primaryimage\"},\"thumbnailUrl\":\"https:\/\/startupanalytik.agrolab.com\/wp-content\/uploads\/2024\/04\/AL-Food-Home.jpg\",\"datePublished\":\"2025-04-11T08:03:12+00:00\",\"dateModified\":\"2025-12-04T09:20:53+00:00\",\"description\":\"Praktyczna analiza laboratoryjna dla start-up\u00f3w i tw\u00f3rc\u00f3w produkt\u00f3w: szybka, elastyczna, dostosowana do potrzeb - z AGROLAB dla udanego wprowadzenia na rynek.\",\"breadcrumb\":{\"@id\":\"https:\/\/startupanalytik.agrolab.com\/pl\/#breadcrumb\"},\"inLanguage\":\"pl-PL\",\"potentialAction\":[{\"@type\":\"ReadAction\",\"target\":[\"https:\/\/startupanalytik.agrolab.com\/pl\/\"]}]},{\"@type\":\"ImageObject\",\"inLanguage\":\"pl-PL\",\"@id\":\"https:\/\/startupanalytik.agrolab.com\/pl\/#primaryimage\",\"url\":\"https:\/\/startupanalytik.agrolab.com\/wp-content\/uploads\/2024\/04\/AL-Food-Home.jpg\",\"contentUrl\":\"https:\/\/startupanalytik.agrolab.com\/wp-content\/uploads\/2024\/04\/AL-Food-Home.jpg\",\"width\":2560,\"height\":1440},{\"@type\":\"BreadcrumbList\",\"@id\":\"https:\/\/startupanalytik.agrolab.com\/pl\/#breadcrumb\",\"itemListElement\":[{\"@type\":\"ListItem\",\"position\":1,\"name\":\"Startseite\",\"item\":\"https:\/\/startupanalytik.agrolab.com\/pl\/\"},{\"@type\":\"ListItem\",\"position\":2,\"name\":\"Analityka start-up\u00f3w dla \u017cywno\u015bci i pasz dla zwierz\u0105t\"}]},{\"@type\":\"WebSite\",\"@id\":\"https:\/\/startupanalytik.agrolab.com\/#website\",\"url\":\"https:\/\/startupanalytik.agrolab.com\/\",\"name\":\"Agrolab\",\"description\":\"\",\"potentialAction\":[{\"@type\":\"SearchAction\",\"target\":{\"@type\":\"EntryPoint\",\"urlTemplate\":\"https:\/\/startupanalytik.agrolab.com\/?s={search_term_string}\"},\"query-input\":{\"@type\":\"PropertyValueSpecification\",\"valueRequired\":true,\"valueName\":\"search_term_string\"}}],\"inLanguage\":\"pl-PL\"}]}<\/script>\n<!-- \/ Yoast SEO plugin. -->","yoast_head_json":{"title":"Analityka start-up\u00f3w dla \u017cywno\u015bci i pasz dla zwierz\u0105t","description":"Praktyczna analiza laboratoryjna dla start-up\u00f3w i tw\u00f3rc\u00f3w produkt\u00f3w: szybka, elastyczna, dostosowana do potrzeb - z AGROLAB dla udanego wprowadzenia na rynek.","robots":{"index":"index","follow":"follow","max-snippet":"max-snippet:-1","max-image-preview":"max-image-preview:large","max-video-preview":"max-video-preview:-1"},"canonical":"https:\/\/startupanalytik.agrolab.com\/pl\/","og_locale":"pl_PL","og_type":"article","og_title":"Analityka start-up\u00f3w dla \u017cywno\u015bci i pasz dla zwierz\u0105t","og_description":"Praktyczna analiza laboratoryjna dla start-up\u00f3w i tw\u00f3rc\u00f3w produkt\u00f3w: szybka, elastyczna, dostosowana do potrzeb - z AGROLAB dla udanego wprowadzenia na rynek.","og_url":"https:\/\/startupanalytik.agrolab.com\/pl\/","og_site_name":"Agrolab","article_modified_time":"2025-12-04T09:20:53+00:00","og_image":[{"width":2560,"height":1440,"url":"https:\/\/startupanalytik.agrolab.com\/wp-content\/uploads\/2024\/04\/AL-Food-Home.jpg","type":"image\/jpeg"}],"twitter_card":"summary_large_image","twitter_misc":{"Szacowany czas czytania":"4 minuty"},"schema":{"@context":"https:\/\/schema.org","@graph":[{"@type":"WebPage","@id":"https:\/\/startupanalytik.agrolab.com\/pl\/","url":"https:\/\/startupanalytik.agrolab.com\/pl\/","name":"Analityka start-up\u00f3w dla \u017cywno\u015bci i pasz dla zwierz\u0105t","isPartOf":{"@id":"https:\/\/startupanalytik.agrolab.com\/#website"},"primaryImageOfPage":{"@id":"https:\/\/startupanalytik.agrolab.com\/pl\/#primaryimage"},"image":{"@id":"https:\/\/startupanalytik.agrolab.com\/pl\/#primaryimage"},"thumbnailUrl":"https:\/\/startupanalytik.agrolab.com\/wp-content\/uploads\/2024\/04\/AL-Food-Home.jpg","datePublished":"2025-04-11T08:03:12+00:00","dateModified":"2025-12-04T09:20:53+00:00","description":"Praktyczna analiza laboratoryjna dla start-up\u00f3w i tw\u00f3rc\u00f3w produkt\u00f3w: szybka, elastyczna, dostosowana do potrzeb - z AGROLAB dla udanego wprowadzenia na rynek.","breadcrumb":{"@id":"https:\/\/startupanalytik.agrolab.com\/pl\/#breadcrumb"},"inLanguage":"pl-PL","potentialAction":[{"@type":"ReadAction","target":["https:\/\/startupanalytik.agrolab.com\/pl\/"]}]},{"@type":"ImageObject","inLanguage":"pl-PL","@id":"https:\/\/startupanalytik.agrolab.com\/pl\/#primaryimage","url":"https:\/\/startupanalytik.agrolab.com\/wp-content\/uploads\/2024\/04\/AL-Food-Home.jpg","contentUrl":"https:\/\/startupanalytik.agrolab.com\/wp-content\/uploads\/2024\/04\/AL-Food-Home.jpg","width":2560,"height":1440},{"@type":"BreadcrumbList","@id":"https:\/\/startupanalytik.agrolab.com\/pl\/#breadcrumb","itemListElement":[{"@type":"ListItem","position":1,"name":"Startseite","item":"https:\/\/startupanalytik.agrolab.com\/pl\/"},{"@type":"ListItem","position":2,"name":"Analityka start-up\u00f3w dla \u017cywno\u015bci i pasz dla zwierz\u0105t"}]},{"@type":"WebSite","@id":"https:\/\/startupanalytik.agrolab.com\/#website","url":"https:\/\/startupanalytik.agrolab.com\/","name":"Agrolab","description":"","potentialAction":[{"@type":"SearchAction","target":{"@type":"EntryPoint","urlTemplate":"https:\/\/startupanalytik.agrolab.com\/?s={search_term_string}"},"query-input":{"@type":"PropertyValueSpecification","valueRequired":true,"valueName":"search_term_string"}}],"inLanguage":"pl-PL"}]}},"_links":{"self":[{"href":"https:\/\/startupanalytik.agrolab.com\/pl\/wp-json\/wp\/v2\/pages\/1408","targetHints":{"allow":["GET"]}}],"collection":[{"href":"https:\/\/startupanalytik.agrolab.com\/pl\/wp-json\/wp\/v2\/pages"}],"about":[{"href":"https:\/\/startupanalytik.agrolab.com\/pl\/wp-json\/wp\/v2\/types\/page"}],"author":[{"embeddable":true,"href":"https:\/\/startupanalytik.agrolab.com\/pl\/wp-json\/wp\/v2\/users\/1"}],"replies":[{"embeddable":true,"href":"https:\/\/startupanalytik.agrolab.com\/pl\/wp-json\/wp\/v2\/comments?post=1408"}],"version-history":[{"count":8,"href":"https:\/\/startupanalytik.agrolab.com\/pl\/wp-json\/wp\/v2\/pages\/1408\/revisions"}],"predecessor-version":[{"id":2186,"href":"https:\/\/startupanalytik.agrolab.com\/pl\/wp-json\/wp\/v2\/pages\/1408\/revisions\/2186"}],"wp:featuredmedia":[{"embeddable":true,"href":"https:\/\/startupanalytik.agrolab.com\/pl\/wp-json\/wp\/v2\/media\/1409"}],"wp:attachment":[{"href":"https:\/\/startupanalytik.agrolab.com\/pl\/wp-json\/wp\/v2\/media?parent=1408"}],"curies":[{"name":"wp","href":"https:\/\/api.w.org\/{rel}","templated":true}]}}