{"id":1412,"date":"2024-04-08T12:04:59","date_gmt":"2024-04-08T10:04:59","guid":{"rendered":"https:\/\/startupanalytik.agrolab.com\/wer-wir-sind\/"},"modified":"2025-07-28T08:05:16","modified_gmt":"2025-07-28T06:05:16","slug":"kim-jestesmy","status":"publish","type":"page","link":"https:\/\/startupanalytik.agrolab.com\/pl\/kim-jestesmy\/","title":{"rendered":"AGROLAB &#8211; Kim jeste\u015bmy"},"content":{"rendered":"<div class=\"wpb-content-wrapper\"><p>[vc_row full_width=&#8221;stretch_row&#8221; gap=&#8221;35&#8243; min_height=&#8221;700&#8243; ovtype=&#8221;ovtype2&#8243; content_placement=&#8221;middle&#8221; css=&#8221;.vc_custom_1712818595183{background-image: url(https:\/\/startupanalytik.agrolab.com\/wp-content\/uploads\/2024\/04\/AL-Food-About-header_2.jpg?id=1009) !important;background-position: center !important;background-repeat: no-repeat !important;background-size: cover !important;}&#8221;][vc_column el_class=&#8221;pad_t200&#8243;][vc_custom_heading text=&#8221;Wi\u0119cej o nas \u2013<br \/>\nAGROLAB&#8221; farbe=&#8221;white&#8221; fontsize=&#8221;fs55&#8243; schriftschnitt=&#8221;medium&#8221; el_class=&#8221;max_w60&#8243;][vc_column_text farbe=&#8221;white&#8221; fontsize=&#8221;fs25&#8243; maxwidth=&#8221;max_w60&#8243; fontweight=&#8221;medium&#8221; css_animation=&#8221;none&#8221;]Witamy w AGROLAB \u2013 Twoim zaufanym partnerze w analizach \u017cywno\u015bci i pasz.[\/vc_column_text][\/vc_column][\/vc_row][vc_row full_width=&#8221;stretch_row&#8221; padt=&#8221;20&#8243; content_placement=&#8221;middle&#8221; css=&#8221;.vc_custom_1712678763559{background-color: #009057 !important;}&#8221; el_class=&#8221;mh350&#8243;][vc_column][vc_column_text farbe=&#8221;white&#8221; fontsize=&#8221;fs25&#8243; maxwidth=&#8221;max_w90&#8243; fontweight=&#8221;medium&#8221;]Nasze centrum laboratoryjne specjalizuje si\u0119 w dostarczaniu nie tylko rzetelnych analiz, ale tak\u017ce us\u0142ug szybkich i op\u0142acalnych.<\/p>\n<p><span class=\"ui-provider a b c d e f g h i j k l m n o p q r s t u v w x y z ab ac ae af ag ah ai aj ak\" dir=\"ltr\">Na powierzchni ponad 6 500 m\u00b2 pracuje codziennie 250 technik\u00f3w i chemik\u00f3w obs\u0142uguj\u0105c ponad 1 000 pr\u00f3bek dziennie. Niezale\u017cnie czy chodzi o zanieczyszczenia, czy analiz\u0119 witamin \u2013 wszystko wykonujemy wewn\u0119trznie. Oszcz\u0119dzasz czas i pieni\u0105dze.<\/span>[\/vc_column_text][\/vc_column][\/vc_row][vc_row full_width=&#8221;stretch_row_content_no_spaces&#8221; equal_height=&#8221;yes&#8221; content_placement=&#8221;middle&#8221; el_class=&#8221;mh700 mh_auto&#8221; css=&#8221;.vc_custom_1712756836015{background-color: #eaf5f5 !important;}&#8221;][vc_column pp=&#8221;vc_col-sm-push-&#8221; width=&#8221;1\/2&#8243; css=&#8221;.vc_custom_1715061270831{background-image: url(https:\/\/startupanalytik.agrolab.com\/wp-content\/uploads\/2024\/05\/AL-Food-About-1-neu.jpg?id=1140) !important;background-position: center !important;background-repeat: no-repeat !important;background-size: cover !important;}&#8221; el_class=&#8221;mobimg&#8221;][\/vc_column][vc_column pp=&#8221;vc_col-sm-pull-&#8221; width=&#8221;1\/2&#8243;][vc_custom_heading text=&#8221;Dost\u0119p do ALOORA \u2013<br \/>\nTwoje cyfrowe okno do laboratorium&#8221; font_container=&#8221;tag:h3|text_align:left&#8221; farbe=&#8221;green&#8221; fontsize=&#8221;fs40&#8243; schriftschnitt=&#8221;medium&#8221; el_class=&#8221;pad_l_txt mobpad_t20&#8243;][vc_column_text farbe=&#8221;green&#8221; fontsize=&#8221;fs25&#8243; maxwidth=&#8221;max_w80&#8243; fontweight=&#8221;medium&#8221; el_class=&#8221;pad_l_txt&#8221;]Zarejestruj si\u0119 bezp\u0142atnie w ALOORA, naszym intuicyjnym portalu klienta i miej wszystko pod kontrol\u0105. \u015aled\u017a status pr\u00f3bek w czasie rzeczywistym i sprawdzaj wst\u0119pne wyniki zanim zako\u0144czy si\u0119 ca\u0142a analiza.[\/vc_column_text][\/vc_column][\/vc_row][vc_row el_class=&#8221;pad_t100 pad_b100&#8243;][vc_column][vc_custom_heading text=&#8221;ALOORA to kompleksowe i efektywne narz\u0119dzie do zarz\u0105dzania kontrol\u0105 jako\u015bci:&#8221; font_container=&#8221;tag:h4|text_align:left&#8221; farbe=&#8221;green&#8221; fontsize=&#8221;fs25&#8243; schriftschnitt=&#8221;medium&#8221; el_class=&#8221;max_w70&#8243;][vc_column_text farbe=&#8221;green&#8221; fontsize=&#8221;fs20&#8243; fontweight=&#8221;medium&#8221;]<span class=\"bold\">Zlecenia online:<\/span><br \/>\nWysy\u0142aj zlecenia analityczne wygodnie przez internet<\/p>\n<p><span class=\"bold\">Elastyczna zmiana parametr\u00f3w: <\/span><br \/>\n\u0141atwo zlecisz poprawki lub powt\u00f3rki<\/p>\n<p><span class=\"bold\">Przejrzyste \u015bledzenie zlece\u0144:<\/span><br \/>\nB\u0105d\u017a na bie\u017c\u0105co ze statusem analiz<\/p>\n<p><span class=\"bold\">Szybka informacja wst\u0119pna:<\/span><br \/>\nUzyskaj szybki podgl\u0105d wynik\u00f3w<\/p>\n<p><span class=\"bold\">Dost\u0119p do raport\u00f3w 24\/7:<\/span><br \/>\nGotowe raporty dost\u0119pne o ka\u017cdej porze[\/vc_column_text][\/vc_column][\/vc_row][vc_row full_width=&#8221;stretch_row_content_no_spaces&#8221; equal_height=&#8221;yes&#8221; content_placement=&#8221;middle&#8221; css=&#8221;.vc_custom_1712678084792{background-color: #eaf5f5 !important;}&#8221;][vc_column width=&#8221;1\/2&#8243; css=&#8221;.vc_custom_1712678050783{background-position: center !important;background-repeat: no-repeat !important;background-size: cover !important;}&#8221;][vc_single_image image=&#8221;1417&#8243; img_size=&#8221;full&#8221; el_class=&#8221;pad_l20 pad_r20&#8243;][\/vc_column][vc_column width=&#8221;1\/2&#8243;][vc_column_text farbe=&#8221;green&#8221; fontsize=&#8221;fs25&#8243; maxwidth=&#8221;max_w80&#8243; fontweight=&#8221;medium&#8221; el_class=&#8221;pad_l_txt&#8221;]Z naszym portalem klienta masz pe\u0142n\u0105 kontrol\u0119 i szybki dost\u0119p do wynik\u00f3w. To oszcz\u0119dno\u015b\u0107 czasu i koszt\u00f3w \u2013 szybka reakcja na zmiany jako\u015bci to klucz do sukcesu.[\/vc_column_text][\/vc_column][\/vc_row][vc_row el_class=&#8221;pad_t100 pad_b100&#8243;][vc_column][vc_custom_heading text=&#8221;AGROLAB GROUP \u2013 Twoja mi\u0119dzynarodowa sie\u0107 us\u0142ug laboratoryjnych&#8221; font_container=&#8221;tag:h3|text_align:left&#8221; farbe=&#8221;green&#8221; fontsize=&#8221;fs25&#8243; schriftschnitt=&#8221;medium&#8221;][vc_column_text farbe=&#8221;green&#8221; fontsize=&#8221;fs20&#8243; maxwidth=&#8221;max_w80&#8243; fontweight=&#8221;medium&#8221;]Jako cz\u0119\u015b\u0107 grupy AGROLAB oferujemy szerok\u0105 sie\u0107 specjalist\u00f3w i zasob\u00f3w w ca\u0142ej Europie. Nasze us\u0142ugi oparte s\u0105 na wiedzy mi\u0119dzynarodowej i gruntownym zrozumieniu przepis\u00f3w. Niezale\u017cnie czy chodzi o rutynowe kontrole, czy zaawansowane analizy \u2013 zapewniamy jako\u015b\u0107 i rzetelno\u015b\u0107.[\/vc_column_text][\/vc_column][\/vc_row][vc_row full_width=&#8221;stretch_row&#8221; content_placement=&#8221;middle&#8221; css=&#8221;.vc_custom_1712678145093{background-image: url(https:\/\/startupanalytik.agrolab.com\/wp-content\/uploads\/2024\/04\/AL-Food-About-3.jpg?id=835) !important;background-position: center !important;background-repeat: no-repeat !important;background-size: cover !important;}&#8221; el_class=&#8221;mh450&#8243;][vc_column][vc_custom_heading text=&#8221;AGROLAB \u2013 tam, gdzie jako\u015b\u0107 idzie w parze z efektywno\u015bci\u0105.&#8221; font_container=&#8221;tag:h4|text_align:center&#8221; farbe=&#8221;white&#8221; fontsize=&#8221;fs40&#8243; schriftschnitt=&#8221;medium&#8221; el_class=&#8221;max_w60 center automarg&#8221;][\/vc_column][\/vc_row]<\/p>\n<\/div>","protected":false},"excerpt":{"rendered":"<p>[vc_row full_width=&#8221;stretch_row&#8221; gap=&#8221;35&#8243; min_height=&#8221;700&#8243; ovtype=&#8221;ovtype2&#8243; content_placement=&#8221;middle&#8221; css=&#8221;.vc_custom_1712818595183{background-image: url(https:\/\/startupanalytik.agrolab.com\/wp-content\/uploads\/2024\/04\/AL-Food-About-header_2.jpg?id=1009) !important;background-position: center !important;background-repeat: no-repeat !important;background-size: cover !important;}&#8221;][vc_column el_class=&#8221;pad_t200&#8243;][vc_custom_heading text=&#8221;Wi\u0119cej o nas \u2013 AGROLAB&#8221; farbe=&#8221;white&#8221; fontsize=&#8221;fs55&#8243; schriftschnitt=&#8221;medium&#8221; el_class=&#8221;max_w60&#8243;][vc_column_text farbe=&#8221;white&#8221; fontsize=&#8221;fs25&#8243; maxwidth=&#8221;max_w60&#8243; fontweight=&#8221;medium&#8221; css_animation=&#8221;none&#8221;]Witamy w AGROLAB \u2013 Twoim zaufanym partnerze w analizach \u017cywno\u015bci i pasz.[\/vc_column_text][\/vc_column][\/vc_row][vc_row full_width=&#8221;stretch_row&#8221; padt=&#8221;20&#8243; content_placement=&#8221;middle&#8221; css=&#8221;.vc_custom_1712678763559{background-color: #009057 !important;}&#8221; el_class=&#8221;mh350&#8243;][vc_column][vc_column_text farbe=&#8221;white&#8221; fontsize=&#8221;fs25&#8243; maxwidth=&#8221;max_w90&#8243; fontweight=&#8221;medium&#8221;]Nasze centrum laboratoryjne specjalizuje [&hellip;]<\/p>\n","protected":false},"author":1,"featured_media":0,"parent":0,"menu_order":0,"comment_status":"closed","ping_status":"closed","template":"","meta":{"footnotes":""},"class_list":["post-1412","page","type-page","status-publish","hentry"],"yoast_head":"<!-- This site is optimized with the Yoast SEO plugin v26.2 - https:\/\/yoast.com\/wordpress\/plugins\/seo\/ -->\n<title>AGROLAB - Kim jeste\u015bmy<\/title>\n<meta name=\"description\" content=\"AGROLAB Start-up-Analytik - Tw\u00f3j partner laboratoryjny w zakresie profesjonalnych analiz podczas rozruchu, rozwoju produktu i wej\u015bcia na rynek.\" \/>\n<meta name=\"robots\" content=\"index, follow, max-snippet:-1, max-image-preview:large, max-video-preview:-1\" \/>\n<link rel=\"canonical\" href=\"https:\/\/startupanalytik.agrolab.com\/pl\/kim-jestesmy\/\" \/>\n<meta property=\"og:locale\" content=\"pl_PL\" \/>\n<meta property=\"og:type\" content=\"article\" \/>\n<meta property=\"og:title\" content=\"AGROLAB - Kim jeste\u015bmy\" \/>\n<meta property=\"og:description\" content=\"AGROLAB Start-up-Analytik - Tw\u00f3j partner laboratoryjny w zakresie profesjonalnych analiz podczas rozruchu, rozwoju produktu i wej\u015bcia na rynek.\" \/>\n<meta property=\"og:url\" content=\"https:\/\/startupanalytik.agrolab.com\/pl\/kim-jestesmy\/\" \/>\n<meta property=\"og:site_name\" content=\"Agrolab\" \/>\n<meta property=\"article:modified_time\" content=\"2025-07-28T06:05:16+00:00\" \/>\n<meta name=\"twitter:card\" content=\"summary_large_image\" \/>\n<meta name=\"twitter:label1\" content=\"Szacowany czas czytania\" \/>\n\t<meta name=\"twitter:data1\" content=\"3 minuty\" \/>\n<script type=\"application\/ld+json\" class=\"yoast-schema-graph\">{\"@context\":\"https:\/\/schema.org\",\"@graph\":[{\"@type\":\"WebPage\",\"@id\":\"https:\/\/startupanalytik.agrolab.com\/pl\/kim-jestesmy\/\",\"url\":\"https:\/\/startupanalytik.agrolab.com\/pl\/kim-jestesmy\/\",\"name\":\"AGROLAB - Kim jeste\u015bmy\",\"isPartOf\":{\"@id\":\"https:\/\/startupanalytik.agrolab.com\/#website\"},\"datePublished\":\"2024-04-08T10:04:59+00:00\",\"dateModified\":\"2025-07-28T06:05:16+00:00\",\"description\":\"AGROLAB Start-up-Analytik - Tw\u00f3j partner laboratoryjny w zakresie profesjonalnych analiz podczas rozruchu, rozwoju produktu i wej\u015bcia na rynek.\",\"breadcrumb\":{\"@id\":\"https:\/\/startupanalytik.agrolab.com\/pl\/kim-jestesmy\/#breadcrumb\"},\"inLanguage\":\"pl-PL\",\"potentialAction\":[{\"@type\":\"ReadAction\",\"target\":[\"https:\/\/startupanalytik.agrolab.com\/pl\/kim-jestesmy\/\"]}]},{\"@type\":\"BreadcrumbList\",\"@id\":\"https:\/\/startupanalytik.agrolab.com\/pl\/kim-jestesmy\/#breadcrumb\",\"itemListElement\":[{\"@type\":\"ListItem\",\"position\":1,\"name\":\"Startseite\",\"item\":\"https:\/\/startupanalytik.agrolab.com\/pl\/\"},{\"@type\":\"ListItem\",\"position\":2,\"name\":\"AGROLAB &#8211; Kim jeste\u015bmy\"}]},{\"@type\":\"WebSite\",\"@id\":\"https:\/\/startupanalytik.agrolab.com\/#website\",\"url\":\"https:\/\/startupanalytik.agrolab.com\/\",\"name\":\"Agrolab\",\"description\":\"\",\"potentialAction\":[{\"@type\":\"SearchAction\",\"target\":{\"@type\":\"EntryPoint\",\"urlTemplate\":\"https:\/\/startupanalytik.agrolab.com\/?s={search_term_string}\"},\"query-input\":{\"@type\":\"PropertyValueSpecification\",\"valueRequired\":true,\"valueName\":\"search_term_string\"}}],\"inLanguage\":\"pl-PL\"}]}<\/script>\n<!-- \/ Yoast SEO plugin. -->","yoast_head_json":{"title":"AGROLAB - Kim jeste\u015bmy","description":"AGROLAB Start-up-Analytik - Tw\u00f3j partner laboratoryjny w zakresie profesjonalnych analiz podczas rozruchu, rozwoju produktu i wej\u015bcia na rynek.","robots":{"index":"index","follow":"follow","max-snippet":"max-snippet:-1","max-image-preview":"max-image-preview:large","max-video-preview":"max-video-preview:-1"},"canonical":"https:\/\/startupanalytik.agrolab.com\/pl\/kim-jestesmy\/","og_locale":"pl_PL","og_type":"article","og_title":"AGROLAB - Kim jeste\u015bmy","og_description":"AGROLAB Start-up-Analytik - Tw\u00f3j partner laboratoryjny w zakresie profesjonalnych analiz podczas rozruchu, rozwoju produktu i wej\u015bcia na rynek.","og_url":"https:\/\/startupanalytik.agrolab.com\/pl\/kim-jestesmy\/","og_site_name":"Agrolab","article_modified_time":"2025-07-28T06:05:16+00:00","twitter_card":"summary_large_image","twitter_misc":{"Szacowany czas czytania":"3 minuty"},"schema":{"@context":"https:\/\/schema.org","@graph":[{"@type":"WebPage","@id":"https:\/\/startupanalytik.agrolab.com\/pl\/kim-jestesmy\/","url":"https:\/\/startupanalytik.agrolab.com\/pl\/kim-jestesmy\/","name":"AGROLAB - Kim jeste\u015bmy","isPartOf":{"@id":"https:\/\/startupanalytik.agrolab.com\/#website"},"datePublished":"2024-04-08T10:04:59+00:00","dateModified":"2025-07-28T06:05:16+00:00","description":"AGROLAB Start-up-Analytik - Tw\u00f3j partner laboratoryjny w zakresie profesjonalnych analiz podczas rozruchu, rozwoju produktu i wej\u015bcia na rynek.","breadcrumb":{"@id":"https:\/\/startupanalytik.agrolab.com\/pl\/kim-jestesmy\/#breadcrumb"},"inLanguage":"pl-PL","potentialAction":[{"@type":"ReadAction","target":["https:\/\/startupanalytik.agrolab.com\/pl\/kim-jestesmy\/"]}]},{"@type":"BreadcrumbList","@id":"https:\/\/startupanalytik.agrolab.com\/pl\/kim-jestesmy\/#breadcrumb","itemListElement":[{"@type":"ListItem","position":1,"name":"Startseite","item":"https:\/\/startupanalytik.agrolab.com\/pl\/"},{"@type":"ListItem","position":2,"name":"AGROLAB &#8211; Kim jeste\u015bmy"}]},{"@type":"WebSite","@id":"https:\/\/startupanalytik.agrolab.com\/#website","url":"https:\/\/startupanalytik.agrolab.com\/","name":"Agrolab","description":"","potentialAction":[{"@type":"SearchAction","target":{"@type":"EntryPoint","urlTemplate":"https:\/\/startupanalytik.agrolab.com\/?s={search_term_string}"},"query-input":{"@type":"PropertyValueSpecification","valueRequired":true,"valueName":"search_term_string"}}],"inLanguage":"pl-PL"}]}},"_links":{"self":[{"href":"https:\/\/startupanalytik.agrolab.com\/pl\/wp-json\/wp\/v2\/pages\/1412","targetHints":{"allow":["GET"]}}],"collection":[{"href":"https:\/\/startupanalytik.agrolab.com\/pl\/wp-json\/wp\/v2\/pages"}],"about":[{"href":"https:\/\/startupanalytik.agrolab.com\/pl\/wp-json\/wp\/v2\/types\/page"}],"author":[{"embeddable":true,"href":"https:\/\/startupanalytik.agrolab.com\/pl\/wp-json\/wp\/v2\/users\/1"}],"replies":[{"embeddable":true,"href":"https:\/\/startupanalytik.agrolab.com\/pl\/wp-json\/wp\/v2\/comments?post=1412"}],"version-history":[{"count":8,"href":"https:\/\/startupanalytik.agrolab.com\/pl\/wp-json\/wp\/v2\/pages\/1412\/revisions"}],"predecessor-version":[{"id":1976,"href":"https:\/\/startupanalytik.agrolab.com\/pl\/wp-json\/wp\/v2\/pages\/1412\/revisions\/1976"}],"wp:attachment":[{"href":"https:\/\/startupanalytik.agrolab.com\/pl\/wp-json\/wp\/v2\/media?parent=1412"}],"curies":[{"name":"wp","href":"https:\/\/api.w.org\/{rel}","templated":true}]}}